{"id":1250,"date":"2021-09-25T10:45:44","date_gmt":"2021-09-25T08:45:44","guid":{"rendered":"http:\/\/pallotynisandomierz.pl\/?page_id=1250"},"modified":"2025-09-05T12:24:52","modified_gmt":"2025-09-05T10:24:52","slug":"i-komunia-swieta","status":"publish","type":"page","link":"https:\/\/pallotynisandomierz.pl\/index.php\/i-komunia-swieta\/","title":{"rendered":"I KOMUNIA \u015aWI\u0118TA"},"content":{"rendered":"\t\t<div data-elementor-type=\"wp-page\" data-elementor-id=\"1250\" class=\"elementor elementor-1250\">\n\t\t\t\t\t\t<section class=\"elementor-section elementor-top-section elementor-element elementor-element-21bba94 elementor-section-boxed elementor-section-height-default elementor-section-height-default\" data-id=\"21bba94\" data-element_type=\"section\">\n\t\t\t\t\t\t<div class=\"elementor-container elementor-column-gap-default\">\n\t\t\t\t\t<div class=\"elementor-column elementor-col-50 elementor-top-column elementor-element elementor-element-f9331c1\" data-id=\"f9331c1\" data-element_type=\"column\">\n\t\t\t<div class=\"elementor-widget-wrap elementor-element-populated\">\n\t\t\t\t\t\t<div class=\"elementor-element elementor-element-44e38c2 elementor-widget elementor-widget-image\" data-id=\"44e38c2\" data-element_type=\"widget\" data-widget_type=\"image.default\">\n\t\t\t\t<div class=\"elementor-widget-container\">\n\t\t\t\t\t\t\t\t\t\t\t\t\t<img fetchpriority=\"high\" decoding=\"async\" width=\"960\" height=\"638\" src=\"https:\/\/pallotynisandomierz.pl\/wp-content\/uploads\/2023\/09\/gf-sYHK-KR97-NHJt_pierwsza-komunia-swieta-dlaczego-zapominamy-o-istocie-tego-wydarzenia-1920x1080-nocrop-1024x681.jpg\" class=\"attachment-large size-large wp-image-2484\" alt=\"\" srcset=\"https:\/\/pallotynisandomierz.pl\/wp-content\/uploads\/2023\/09\/gf-sYHK-KR97-NHJt_pierwsza-komunia-swieta-dlaczego-zapominamy-o-istocie-tego-wydarzenia-1920x1080-nocrop-1024x681.jpg 1024w, https:\/\/pallotynisandomierz.pl\/wp-content\/uploads\/2023\/09\/gf-sYHK-KR97-NHJt_pierwsza-komunia-swieta-dlaczego-zapominamy-o-istocie-tego-wydarzenia-1920x1080-nocrop-600x399.jpg 600w, https:\/\/pallotynisandomierz.pl\/wp-content\/uploads\/2023\/09\/gf-sYHK-KR97-NHJt_pierwsza-komunia-swieta-dlaczego-zapominamy-o-istocie-tego-wydarzenia-1920x1080-nocrop-300x199.jpg 300w, https:\/\/pallotynisandomierz.pl\/wp-content\/uploads\/2023\/09\/gf-sYHK-KR97-NHJt_pierwsza-komunia-swieta-dlaczego-zapominamy-o-istocie-tego-wydarzenia-1920x1080-nocrop-768x510.jpg 768w, https:\/\/pallotynisandomierz.pl\/wp-content\/uploads\/2023\/09\/gf-sYHK-KR97-NHJt_pierwsza-komunia-swieta-dlaczego-zapominamy-o-istocie-tego-wydarzenia-1920x1080-nocrop-1536x1021.jpg 1536w, https:\/\/pallotynisandomierz.pl\/wp-content\/uploads\/2023\/09\/gf-sYHK-KR97-NHJt_pierwsza-komunia-swieta-dlaczego-zapominamy-o-istocie-tego-wydarzenia-1920x1080-nocrop-1140x758.jpg 1140w, https:\/\/pallotynisandomierz.pl\/wp-content\/uploads\/2023\/09\/gf-sYHK-KR97-NHJt_pierwsza-komunia-swieta-dlaczego-zapominamy-o-istocie-tego-wydarzenia-1920x1080-nocrop.jpg 1920w\" sizes=\"(max-width: 960px) 100vw, 960px\" \/>\t\t\t\t\t\t\t\t\t\t\t\t\t<\/div>\n\t\t\t\t<\/div>\n\t\t\t\t\t<\/div>\n\t\t<\/div>\n\t\t\t\t<div class=\"elementor-column elementor-col-50 elementor-top-column elementor-element elementor-element-94c0bae\" data-id=\"94c0bae\" data-element_type=\"column\">\n\t\t\t<div class=\"elementor-widget-wrap elementor-element-populated\">\n\t\t\t\t\t\t<div class=\"elementor-element elementor-element-2571e47 elementor-widget elementor-widget-text-editor\" data-id=\"2571e47\" data-element_type=\"widget\" data-widget_type=\"text-editor.default\">\n\t\t\t\t<div class=\"elementor-widget-container\">\n\t\t\t\t\t\t\t<p>Informacje o przygotowaniu do I Komunii \u015awi\u0119tej<\/p><p><br \/>KKK 1391 Komunia \u015bwi\u0119ta pog\u0142\u0119bia nasze zjednoczenie z Chrystusem. Pierwszym owocem przyjmowania Eucharystii w Komunii jest g\u0142\u0119bokie zjednoczenie z Chrystusem Jezusem, kt\u00f3ry powiedzia\u0142: &#8220;Kto spo\u017cywa moje Cia\u0142o i Krew moj\u0105 pije, trwa we Mnie, a Ja w nim&#8221; (J 6, 56). Uczta eucharystyczna jest podstaw\u0105 \u017cycia w Chrystusie: &#8220;Jak Mnie pos\u0142a\u0142 \u017cyj\u0105cy Ojciec, a Ja \u017cyj\u0119 przez Ojca, tak i ten, kto Mnie spo\u017cywa, b\u0119dzie \u017cy\u0142 przeze Mnie&#8221; (J 6, 57).<\/p>\t\t\t\t\t\t<\/div>\n\t\t\t\t<\/div>\n\t\t\t\t\t<\/div>\n\t\t<\/div>\n\t\t\t\t\t<\/div>\n\t\t<\/section>\n\t\t\t\t<section class=\"elementor-section elementor-top-section elementor-element elementor-element-8788e1d elementor-section-boxed elementor-section-height-default elementor-section-height-default\" data-id=\"8788e1d\" data-element_type=\"section\">\n\t\t\t\t\t\t<div class=\"elementor-container elementor-column-gap-default\">\n\t\t\t\t\t<div class=\"elementor-column elementor-col-100 elementor-top-column elementor-element elementor-element-f8d4e02\" data-id=\"f8d4e02\" data-element_type=\"column\">\n\t\t\t<div class=\"elementor-widget-wrap elementor-element-populated\">\n\t\t\t\t\t\t<div class=\"elementor-element elementor-element-1d14051 elementor-widget elementor-widget-text-editor\" data-id=\"1d14051\" data-element_type=\"widget\" data-widget_type=\"text-editor.default\">\n\t\t\t\t<div class=\"elementor-widget-container\">\n\t\t\t\t\t\t\t<p>Prosimy o zapisywanie w zakrystii lub kancelarii dzieci z klas 3 szko\u0142y podstawowej, kt\u00f3re w tym roku szkolnym b\u0119d\u0105 przyst\u0119powa\u0107 do Komunii \u015awi\u0119tej w naszej parafii. Komunia \u015awi\u0119ta b\u0119dzie 18 maja 2025 r. Spotkanie formacyjno-organizacyjne dla dzieci i ich Rodzic\u00f3w odby\u0142o si\u0119 29 wrze\u015bnia br. po Mszy \u015awi\u0119tej o godz. 12:30 w ko\u015bciele.<\/p>\t\t\t\t\t\t<\/div>\n\t\t\t\t<\/div>\n\t\t\t\t<div class=\"elementor-element elementor-element-40387ff elementor-widget elementor-widget-text-editor\" data-id=\"40387ff\" data-element_type=\"widget\" data-widget_type=\"text-editor.default\">\n\t\t\t\t<div class=\"elementor-widget-container\">\n\t\t\t\t\t\t\t<p class=\"gwp1bb28555_MsoNormal\" style=\"text-align: center;\"><b>PRZYGOTOWANIE DO PIERWSZEJ KOMUNII \u015aWI\u0118TEJ 2025r.<\/b><\/p><p class=\"gwp1bb28555_gmail-MsoListParagraph\" style=\"text-align: center;\"><span style=\"color: #ff6600;\"><strong>SPOTKANIA: Msza \u015awi\u0119ta o 12.30 i nauka po Mszy<\/strong><\/span><\/p><p><strong>TERMINY SPOTKA\u0143<\/strong><\/p><ul><li><p style=\"font-weight: 400;\"><strong>28 wrze\u015bnia<\/strong> <br \/><strong>26 pa\u017adziernika<\/strong> \u2013 dostarczenie nast\u0119puj\u0105cych dokument\u00f3w:<\/p><p style=\"font-weight: 400;\">\u2013 Akt chrztu (je\u017celi dziecko nie by\u0142o chrzczone w naszej parafii)<\/p><p style=\"font-weight: 400;\">\u2013 Zgod\u0119 na przyj\u0119cie Komunii w naszej parafii (je\u017celi dziecko mieszka poza nasz\u0105 parafi\u0105)<\/p><p style=\"font-weight: 400;\">\u2013 Dane dziecka (formularz do pobrania z za\u0142\u0105cznika na ko\u0144cu strony)<br \/><strong>16 listopada<\/strong><br \/><strong>07 grudnia<\/strong> \u2013 po\u015bwi\u0119cenie medalik\u00f3w<br \/><strong>11 stycznia<\/strong> \u2013 po\u015bwi\u0119cenie ksi\u0105\u017ceczek<br \/><strong>22 lutego<\/strong> <br \/><strong>15 marca<\/strong><br \/><strong>26 kwietnia<\/strong><\/p><\/li><\/ul><p class=\"gwp1bb28555_gmail-MsoListParagraphCxSpFirst\" style=\"text-align: center;\"><strong>DO I KOMUNII \u015aWI\u0118TEJ WYMAGANE JEST: <\/strong><\/p><ul><li class=\"gwp1bb28555_gmail-MsoListParagraphCxSpFirst\">Obecno\u015b\u0107 na Mszach \u015awi\u0119tych w ka\u017cd\u0105 niedziel\u0119 o 12.30<\/li><li class=\"gwp1bb28555_gmail-MsoListParagraphCxSpFirst\">PA\u0179DZIERNIK: Uczestnictwo w Nabo\u017ce\u0144stwach R\u00f3\u017ca\u0144cowych w ka\u017cdy poniedzia\u0142ek, \u015brod\u0119 i pi\u0105tek o 16.30<\/li><li class=\"gwp1bb28555_gmail-MsoListParagraphCxSpMiddle\">ADWENT: Uczestnictwo w Roratach w ka\u017cdy poniedzia\u0142ek, \u015brod\u0119 i pi\u0105tek o 16.30<\/li><li class=\"gwp1bb28555_gmail-MsoListParagraphCxSpMiddle\">WIELKI POST: Uczestnictwo w Nabo\u017ce\u0144stwach Drogi Krzy\u017cowej w ka\u017cdy pi\u0105tek o 16.30<\/li><\/ul><p class=\"gwp1bb28555_MsoNormal\" style=\"text-align: center;\"><strong>PIERWSZA KOMUNIA \u015aWI\u0118TA \u2013 17 MAJA 2026r. O GODZINIE 12:30<\/strong><\/p>\t\t\t\t\t\t<\/div>\n\t\t\t\t<\/div>\n\t\t\t\t\t<\/div>\n\t\t<\/div>\n\t\t\t\t\t<\/div>\n\t\t<\/section>\n\t\t\t\t<section class=\"elementor-section elementor-top-section elementor-element elementor-element-57712f2 elementor-section-boxed elementor-section-height-default elementor-section-height-default\" data-id=\"57712f2\" data-element_type=\"section\">\n\t\t\t\t\t\t<div class=\"elementor-container elementor-column-gap-default\">\n\t\t\t\t\t<div class=\"elementor-column elementor-col-100 elementor-top-column elementor-element elementor-element-797807f\" data-id=\"797807f\" data-element_type=\"column\">\n\t\t\t<div class=\"elementor-widget-wrap elementor-element-populated\">\n\t\t\t\t\t\t<div class=\"elementor-element elementor-element-e81663b elementor-widget elementor-widget-button\" data-id=\"e81663b\" data-element_type=\"widget\" data-widget_type=\"button.default\">\n\t\t\t\t<div class=\"elementor-widget-container\">\n\t\t\t\t\t<div class=\"elementor-button-wrapper\">\n\t\t\t<a class=\"elementor-button elementor-button-link elementor-size-sm\" href=\"https:\/\/pallotynisandomierz.pl\/wp-content\/uploads\/2024\/10\/Dane-dziecka-I-Komunia-Swieta-.docx\" target=\"_blank\">\n\t\t\t\t\t\t<span class=\"elementor-button-content-wrapper\">\n\t\t\t\t\t\t<span class=\"elementor-button-text\">Dokument do pobrania<\/span>\n\t\t<\/span>\n\t\t\t\t\t<\/a>\n\t\t<\/div>\n\t\t\t\t<\/div>\n\t\t\t\t<\/div>\n\t\t\t\t\t<\/div>\n\t\t<\/div>\n\t\t\t\t\t<\/div>\n\t\t<\/section>\n\t\t\t\t<\/div>\n\t\t","protected":false},"excerpt":{"rendered":"<p>Informacje o przygotowaniu do I Komunii \u015awi\u0119tej KKK 1391 Komunia \u015bwi\u0119ta pog\u0142\u0119bia nasze zjednoczenie z Chrystusem. Pierwszym owocem przyjmowania Eucharystii w Komunii jest g\u0142\u0119bokie zjednoczenie z Chrystusem Jezusem, kt\u00f3ry powiedzia\u0142: &#8220;Kto spo\u017cywa moje Cia\u0142o i Krew moj\u0105 pije, trwa we Mnie, a Ja w nim&#8221; (J 6, 56). Uczta eucharystyczna jest podstaw\u0105 \u017cycia w Chrystusie: &#8220;Jak Mnie pos\u0142a\u0142 \u017cyj\u0105cy Ojciec, a Ja \u017cyj\u0119 przez Ojca, tak i ten, kto Mnie spo\u017cywa, b\u0119dzie \u017cy\u0142 przeze Mnie&#8221; (J 6, 57). Prosimy o zapisywanie w zakrystii lub kancelarii dzieci z klas 3 szko\u0142y podstawowej, kt\u00f3re w tym roku szkolnym b\u0119d\u0105 przyst\u0119powa\u0107 do Komunii \u015awi\u0119tej w naszej parafii. Komunia \u015awi\u0119ta b\u0119dzie 18 maja 2025 r. Spotkanie formacyjno-organizacyjne dla dzieci i ich Rodzic\u00f3w odby\u0142o si\u0119 29 wrze\u015bnia br. po Mszy \u015awi\u0119tej o godz. 12:30 w ko\u015bciele. PRZYGOTOWANIE DO PIERWSZEJ KOMUNII \u015aWI\u0118TEJ 2025r. SPOTKANIA: Msza \u015awi\u0119ta o 12.30 i nauka po Mszy TERMINY SPOTKA\u0143 28 wrze\u015bnia 26 pa\u017adziernika \u2013 dostarczenie nast\u0119puj\u0105cych dokument\u00f3w: \u2013 Akt chrztu (je\u017celi dziecko nie by\u0142o chrzczone w naszej parafii) \u2013 Zgod\u0119 na przyj\u0119cie Komunii w naszej parafii (je\u017celi dziecko mieszka poza nasz\u0105 parafi\u0105) \u2013 Dane dziecka (formularz do pobrania z za\u0142\u0105cznika na ko\u0144cu strony)16 listopada07 grudnia \u2013 po\u015bwi\u0119cenie medalik\u00f3w11 stycznia \u2013 po\u015bwi\u0119cenie ksi\u0105\u017ceczek22 lutego 15 marca26 kwietnia DO I KOMUNII \u015aWI\u0118TEJ WYMAGANE JEST: Obecno\u015b\u0107 na Mszach \u015awi\u0119tych w ka\u017cd\u0105 niedziel\u0119 o 12.30 PA\u0179DZIERNIK: Uczestnictwo w Nabo\u017ce\u0144stwach R\u00f3\u017ca\u0144cowych w ka\u017cdy poniedzia\u0142ek, \u015brod\u0119 i pi\u0105tek o 16.30 ADWENT: Uczestnictwo w Roratach w ka\u017cdy poniedzia\u0142ek, \u015brod\u0119 i pi\u0105tek o 16.30 WIELKI POST: Uczestnictwo w Nabo\u017ce\u0144stwach Drogi Krzy\u017cowej w ka\u017cdy pi\u0105tek o 16.30 PIERWSZA KOMUNIA \u015aWI\u0118TA \u2013 17 MAJA 2026r. O GODZINIE 12:30 Dokument do pobrania<\/p>\n","protected":false},"author":1,"featured_media":0,"parent":0,"menu_order":0,"comment_status":"closed","ping_status":"closed","template":"","meta":{"_eb_attr":"","ngg_post_thumbnail":0,"footnotes":""},"_links":{"self":[{"href":"https:\/\/pallotynisandomierz.pl\/index.php\/wp-json\/wp\/v2\/pages\/1250"}],"collection":[{"href":"https:\/\/pallotynisandomierz.pl\/index.php\/wp-json\/wp\/v2\/pages"}],"about":[{"href":"https:\/\/pallotynisandomierz.pl\/index.php\/wp-json\/wp\/v2\/types\/page"}],"author":[{"embeddable":true,"href":"https:\/\/pallotynisandomierz.pl\/index.php\/wp-json\/wp\/v2\/users\/1"}],"replies":[{"embeddable":true,"href":"https:\/\/pallotynisandomierz.pl\/index.php\/wp-json\/wp\/v2\/comments?post=1250"}],"version-history":[{"count":72,"href":"https:\/\/pallotynisandomierz.pl\/index.php\/wp-json\/wp\/v2\/pages\/1250\/revisions"}],"predecessor-version":[{"id":5470,"href":"https:\/\/pallotynisandomierz.pl\/index.php\/wp-json\/wp\/v2\/pages\/1250\/revisions\/5470"}],"wp:attachment":[{"href":"https:\/\/pallotynisandomierz.pl\/index.php\/wp-json\/wp\/v2\/media?parent=1250"}],"curies":[{"name":"wp","href":"https:\/\/api.w.org\/{rel}","templated":true}]}}