{"id":1884,"date":"2023-02-20T10:39:58","date_gmt":"2023-02-20T09:39:58","guid":{"rendered":"http:\/\/pallotynisandomierz.pl\/?page_id=1884"},"modified":"2023-10-04T11:11:43","modified_gmt":"2023-10-04T09:11:43","slug":"filia-psne","status":"publish","type":"page","link":"https:\/\/pallotynisandomierz.pl\/index.php\/filia-psne\/","title":{"rendered":"Filia PSNE"},"content":{"rendered":"<div class=\"wp-block-image\">\n<figure class=\"aligncenter size-full\"><img fetchpriority=\"high\" decoding=\"async\" width=\"640\" height=\"361\" src=\"https:\/\/pallotynisandomierz.pl\/wp-content\/uploads\/2023\/02\/Tablo-PSNE-na-strone.jpeg\" alt=\"\" class=\"wp-image-1885\" srcset=\"https:\/\/pallotynisandomierz.pl\/wp-content\/uploads\/2023\/02\/Tablo-PSNE-na-strone.jpeg 640w, https:\/\/pallotynisandomierz.pl\/wp-content\/uploads\/2023\/02\/Tablo-PSNE-na-strone-600x338.jpeg 600w, https:\/\/pallotynisandomierz.pl\/wp-content\/uploads\/2023\/02\/Tablo-PSNE-na-strone-300x169.jpeg 300w\" sizes=\"(max-width: 640px) 100vw, 640px\" \/><\/figure><\/div>\n\n\n<p><strong>W naszym domu cyklicznie odbywaj\u0105 si\u0119 kursy ewangelizacyjne prowadzone przez \u015brodowisko Palloty\u0144skiej Szko\u0142y Nowej Ewangelizacji.<\/strong><\/p>\n\n\n\n<p><a href=\"https:\/\/snepallotyni.pl\/o-nas\/\"><strong>Cel Palloty\u0144skiej Szko\u0142y Nowej Ewangelizacji<\/strong><\/a><\/p>\n\n\n\n<p>Celem Palloty\u0144skiej Szko\u0142y Nowej Ewangelizacji jest g\u0142oszenie Dobrej Nowiny oraz formacja ewangelizator\u00f3w, kt\u00f3rzy b\u0119d\u0105 s\u0142u\u017cy\u0107 Bogu i Ko\u015bcio\u0142owi g\u0142osz\u0105c ewangeli\u0119 i formuj\u0105c kolejnych ewangelizator\u00f3w. PSNE wsp\u00f3\u0142pracuje z licznymi parafiami w Polsce oraz Wsp\u00f3lnotami Ko\u015bcielnymi s\u0142u\u017c\u0105c swoim do\u015bwiadczeniem i programem formacyjnym.<\/p>\n\n\n\n<p><a href=\"https:\/\/snepallotyni.pl\/o-nas\/\"><strong>Czym s\u0105 Szko\u0142y Nowej Ewangelizacji<\/strong><\/a><\/p>\n\n\n\n<p>Szko\u0142y Nowej Ewangelizacji, s\u0105 praktyczn\u0105 odpowiedzi\u0105 na wezwanie \u015bw. Jana Paw\u0142a II do podj\u0119cia dzie\u0142a Nowej Ewangelizacji: nowej w zapale, metodzie i \u015brodkach wyrazu. Chcemy na nowo g\u0142osi\u0107 Ewangelie ludziom, kt\u00f3rzy utracili do\u015bwiadczenie Boga oraz porzucili praktyk\u0119 wiary. Poprzez Kursy ewangelizacyjne prze\u017cywane w metodzie aktywnego uczestnictwa formujemy uczni\u00f3w Jezusa. Uczymy ewangelizacji tak aby wszyscy ludzie do\u015bwiadczyli \u017cywej relacji z Bogiem.<\/p>\n\n\n\n<p>Marzymy o Ko\u015bciele w kt\u00f3rym ka\u017cdy ochrzczony jest \u015bwiadomy swojego powo\u0142ania do przekazywania wiary, tak aby ca\u0142y \u015bwiat uwierzy\u0142 i przyj\u0105\u0142 Jezusa. Pierwsze Szko\u0142y Nowej Ewangelizacji pojawi\u0142y si\u0119 w latach 80 i bardzo szybko pomno\u017cy\u0142y si\u0119 w \u015bwiecie. Dzi\u015b s\u0105 jednym z najpopularniejszych na \u015bwiecie narz\u0119dziem do o\u017cywiania wiary, rozpalania mi\u0142o\u015bci i jednoczenia wysi\u0142k\u00f3w na rzecz ewangelizacji.<\/p>\n\n\n\n<p><strong>Zapisy i informacje o kursach mo\u017cna znale\u017a\u0107 tutaj: <\/strong><a href=\"https:\/\/snepallotyni.pl\/\"><strong>https:\/\/snepallotyni.pl\/<\/strong><\/a><\/p>\n\n\n\n<p><\/p>\n\n\n\n<p><\/p>\n\n\n<div class=\"wp-block-image\">\n<figure class=\"aligncenter size-full\"><img decoding=\"async\" width=\"350\" height=\"350\" src=\"https:\/\/pallotynisandomierz.pl\/wp-content\/uploads\/2023\/02\/palotti.png\" alt=\"\" class=\"wp-image-1890\" srcset=\"https:\/\/pallotynisandomierz.pl\/wp-content\/uploads\/2023\/02\/palotti.png 350w, https:\/\/pallotynisandomierz.pl\/wp-content\/uploads\/2023\/02\/palotti-300x300.png 300w, https:\/\/pallotynisandomierz.pl\/wp-content\/uploads\/2023\/02\/palotti-100x100.png 100w, https:\/\/pallotynisandomierz.pl\/wp-content\/uploads\/2023\/02\/palotti-150x150.png 150w\" sizes=\"(max-width: 350px) 100vw, 350px\" \/><\/figure><\/div>\n\n\n<p><strong>\u015awi\u0119ty Wincenty Pallotti<\/strong>&nbsp;&#8211; \u017cy\u0142 w Rzymie w pierwszej po\u0142owie XIX wieku. By\u0142 zwyczajnym, pe\u0142nym gorliwo\u015bci apostolskiej kap\u0142anem, m\u0119\u017cem wielkich pragnie\u0144 i mistykiem zatopionym w Bogu. Sta\u0142 si\u0119 inspiratorem wielu dziejowych poczyna\u0144. Jego d\u0105\u017cenie do o\u017cywiania wiary i rozpalania mi\u0142o\u015bci w\u015br\u00f3d cz\u0142onk\u00f3w Ludu Bo\u017cego przyj\u0119\u0142o konkretn\u0105 form\u0119 w Zjednoczeniu Apostolstwa Katolickiego, kt\u00f3re powo\u0142a\u0142 do \u017cycia w 1835 roku. Pallotti bardzo pragn\u0105\u0142 nie\u015b\u0107 wszechstronn\u0105 pomoc Ko\u015bcio\u0142owi w o\u017cywianiu wiary. Wiedzia\u0142, \u017ce samo duchowie\u0144stwo nie podo\u0142a.<\/p>\n\n\n\n<p>&#8220;Trzeba zjednoczy\u0107 ludzkie si\u0142y w ewangelizacji \u015bwiata. Trzeba pozyska\u0107 dla potrzeb Ko\u015bcio\u0142a wszystkich katolik\u00f3w \u015bwieckich i pogan&#8230; &#8220;<\/p>\n\n\n\n<p><strong>Wincenty Pallotti<\/strong>&nbsp;pozostaje nie tylko wielkim \u015awi\u0119tym, ale \u201e\u015bwi\u0119tym na czasie\u201d, gdy\u017c pragnienia jego sta\u0142y si\u0119 dzi\u015b bardziej zrozumia\u0142e, a jego \u015bwi\u0119to\u015b\u0107 bardziej poci\u0105gaj\u0105ca i godna na\u015bladowania ni\u017c przed laty.<\/p>\n\n\n\n<p>Tak jak Pallotti staramy si\u0119 budzi\u0107 w sercach wsp\u00f3\u0142czesnych katolik\u00f3w odpowiedzialno\u015b\u0107 za przekaz wiary oraz rozpala\u0107 powo\u0142anie do gorliwego dawania \u015bwiadectwa o Bogu dzi\u015b! Jednoczymy wysi\u0142ki os\u00f3b r\u00f3\u017cnych stan\u00f3w, powo\u0142a\u0144, wieku, wykszta\u0142cenia w dziele ewangelizacji, szukaj\u0105c wci\u0105\u017c nowych metod, by dotrze\u0107 do ka\u017cdego z Dobr\u0105 Nowin\u0105 o Jezusie Chrystusie!<\/p>\n\n\n\n<div class=\"wp-block-buttons is-content-justification-center is-layout-flex wp-container-core-buttons-layout-1 wp-block-buttons-is-layout-flex\">\n<div class=\"wp-block-button\"><a class=\"wp-block-button__link wp-element-button\" href=\"https:\/\/pallotynisandomierz.pl\/index.php\/galeria-zdjec-filii-psne\/\">GALERIA ZDJ\u0118\u0106 PSNE<\/a><\/div>\n<\/div>\n","protected":false},"excerpt":{"rendered":"<p>W naszym domu cyklicznie odbywaj\u0105 si\u0119 kursy ewangelizacyjne prowadzone przez \u015brodowisko Palloty\u0144skiej Szko\u0142y Nowej Ewangelizacji. Cel Palloty\u0144skiej Szko\u0142y Nowej Ewangelizacji Celem Palloty\u0144skiej Szko\u0142y Nowej Ewangelizacji jest g\u0142oszenie Dobrej Nowiny oraz formacja ewangelizator\u00f3w, kt\u00f3rzy b\u0119d\u0105 s\u0142u\u017cy\u0107 Bogu i Ko\u015bcio\u0142owi g\u0142osz\u0105c ewangeli\u0119 i formuj\u0105c kolejnych ewangelizator\u00f3w. PSNE wsp\u00f3\u0142pracuje z licznymi parafiami w Polsce oraz Wsp\u00f3lnotami Ko\u015bcielnymi s\u0142u\u017c\u0105c swoim do\u015bwiadczeniem i programem formacyjnym. Czym s\u0105 Szko\u0142y Nowej Ewangelizacji Szko\u0142y Nowej Ewangelizacji, s\u0105 praktyczn\u0105 odpowiedzi\u0105 na wezwanie \u015bw. Jana Paw\u0142a II do podj\u0119cia dzie\u0142a Nowej Ewangelizacji: nowej w zapale, metodzie i \u015brodkach wyrazu. Chcemy na nowo g\u0142osi\u0107 Ewangelie ludziom, kt\u00f3rzy utracili do\u015bwiadczenie Boga oraz porzucili praktyk\u0119 wiary. Poprzez Kursy ewangelizacyjne prze\u017cywane w metodzie aktywnego uczestnictwa formujemy uczni\u00f3w Jezusa. Uczymy ewangelizacji tak aby wszyscy ludzie do\u015bwiadczyli \u017cywej relacji z Bogiem. Marzymy o Ko\u015bciele w kt\u00f3rym ka\u017cdy ochrzczony jest \u015bwiadomy swojego powo\u0142ania do przekazywania wiary, tak aby ca\u0142y \u015bwiat uwierzy\u0142 i przyj\u0105\u0142 Jezusa. Pierwsze Szko\u0142y Nowej Ewangelizacji pojawi\u0142y si\u0119 w latach 80 i bardzo szybko pomno\u017cy\u0142y si\u0119 w \u015bwiecie. Dzi\u015b s\u0105 jednym z najpopularniejszych na \u015bwiecie narz\u0119dziem do o\u017cywiania wiary, rozpalania mi\u0142o\u015bci i jednoczenia wysi\u0142k\u00f3w na rzecz ewangelizacji. Zapisy i informacje o kursach mo\u017cna znale\u017a\u0107 tutaj: https:\/\/snepallotyni.pl\/ \u015awi\u0119ty Wincenty Pallotti&nbsp;&#8211; \u017cy\u0142 w Rzymie w pierwszej po\u0142owie XIX wieku. By\u0142 zwyczajnym, pe\u0142nym gorliwo\u015bci apostolskiej kap\u0142anem, m\u0119\u017cem wielkich pragnie\u0144 i mistykiem zatopionym w Bogu. Sta\u0142 si\u0119 inspiratorem wielu dziejowych poczyna\u0144. Jego d\u0105\u017cenie do o\u017cywiania wiary i rozpalania mi\u0142o\u015bci w\u015br\u00f3d cz\u0142onk\u00f3w Ludu Bo\u017cego przyj\u0119\u0142o konkretn\u0105 form\u0119 w Zjednoczeniu Apostolstwa Katolickiego, kt\u00f3re powo\u0142a\u0142 do \u017cycia w 1835 roku. Pallotti bardzo pragn\u0105\u0142 nie\u015b\u0107 wszechstronn\u0105 pomoc Ko\u015bcio\u0142owi w o\u017cywianiu wiary. Wiedzia\u0142, \u017ce samo duchowie\u0144stwo nie podo\u0142a. &#8220;Trzeba zjednoczy\u0107 ludzkie si\u0142y w ewangelizacji \u015bwiata. Trzeba pozyska\u0107 dla potrzeb Ko\u015bcio\u0142a wszystkich katolik\u00f3w \u015bwieckich i pogan&#8230; &#8220; Wincenty Pallotti&nbsp;pozostaje nie tylko wielkim \u015awi\u0119tym, ale \u201e\u015bwi\u0119tym na czasie\u201d, gdy\u017c pragnienia jego sta\u0142y si\u0119 dzi\u015b bardziej zrozumia\u0142e, a jego \u015bwi\u0119to\u015b\u0107 bardziej poci\u0105gaj\u0105ca i godna na\u015bladowania ni\u017c przed laty. Tak jak Pallotti staramy si\u0119 budzi\u0107 w sercach wsp\u00f3\u0142czesnych katolik\u00f3w odpowiedzialno\u015b\u0107 za przekaz wiary oraz rozpala\u0107 powo\u0142anie do gorliwego dawania \u015bwiadectwa o Bogu dzi\u015b! Jednoczymy wysi\u0142ki os\u00f3b r\u00f3\u017cnych stan\u00f3w, powo\u0142a\u0144, wieku, wykszta\u0142cenia w dziele ewangelizacji, szukaj\u0105c wci\u0105\u017c nowych metod, by dotrze\u0107 do ka\u017cdego z Dobr\u0105 Nowin\u0105 o Jezusie Chrystusie!<\/p>\n","protected":false},"author":1,"featured_media":0,"parent":0,"menu_order":0,"comment_status":"closed","ping_status":"closed","template":"","meta":{"_eb_attr":"","ngg_post_thumbnail":0,"footnotes":""},"_links":{"self":[{"href":"https:\/\/pallotynisandomierz.pl\/index.php\/wp-json\/wp\/v2\/pages\/1884"}],"collection":[{"href":"https:\/\/pallotynisandomierz.pl\/index.php\/wp-json\/wp\/v2\/pages"}],"about":[{"href":"https:\/\/pallotynisandomierz.pl\/index.php\/wp-json\/wp\/v2\/types\/page"}],"author":[{"embeddable":true,"href":"https:\/\/pallotynisandomierz.pl\/index.php\/wp-json\/wp\/v2\/users\/1"}],"replies":[{"embeddable":true,"href":"https:\/\/pallotynisandomierz.pl\/index.php\/wp-json\/wp\/v2\/comments?post=1884"}],"version-history":[{"count":7,"href":"https:\/\/pallotynisandomierz.pl\/index.php\/wp-json\/wp\/v2\/pages\/1884\/revisions"}],"predecessor-version":[{"id":2296,"href":"https:\/\/pallotynisandomierz.pl\/index.php\/wp-json\/wp\/v2\/pages\/1884\/revisions\/2296"}],"wp:attachment":[{"href":"https:\/\/pallotynisandomierz.pl\/index.php\/wp-json\/wp\/v2\/media?parent=1884"}],"curies":[{"name":"wp","href":"https:\/\/api.w.org\/{rel}","templated":true}]}}