{"id":2010,"date":"2023-05-12T12:33:23","date_gmt":"2023-05-12T10:33:23","guid":{"rendered":"http:\/\/pallotynisandomierz.pl\/?page_id=2010"},"modified":"2024-02-13T17:38:56","modified_gmt":"2024-02-13T16:38:56","slug":"przyjaciele-oblubienca","status":"publish","type":"page","link":"https:\/\/pallotynisandomierz.pl\/index.php\/przyjaciele-oblubienca\/","title":{"rendered":"PRZYJACIELE OBLUBIE\u0143CA"},"content":{"rendered":"\t\t<div data-elementor-type=\"wp-page\" data-elementor-id=\"2010\" class=\"elementor elementor-2010\">\n\t\t\t\t\t\t<section class=\"elementor-section elementor-top-section elementor-element elementor-element-4befb314 elementor-section-boxed elementor-section-height-default elementor-section-height-default\" data-id=\"4befb314\" data-element_type=\"section\">\n\t\t\t\t\t\t<div class=\"elementor-container elementor-column-gap-default\">\n\t\t\t\t\t<div class=\"elementor-column elementor-col-100 elementor-top-column elementor-element elementor-element-6e27693b\" data-id=\"6e27693b\" data-element_type=\"column\">\n\t\t\t<div class=\"elementor-widget-wrap elementor-element-populated\">\n\t\t\t\t\t\t<div class=\"elementor-element elementor-element-7f45e509 elementor-widget elementor-widget-text-editor\" data-id=\"7f45e509\" data-element_type=\"widget\" data-widget_type=\"text-editor.default\">\n\t\t\t\t<div class=\"elementor-widget-container\">\n\t\t\t\t\t\t\t<p><!-- wp:paragraph --><\/p>\n<p><strong>Charyzmatem naszej Wsp\u00f3lnoty jest formowanie chrze\u015bcijan do dojrza\u0142ej wiary i aktywnego zaanga\u017cowania w ewangelizacj\u0119. Pragniemy rozwija\u0107 si\u0119 \u017cyj\u0105c Ewangeli\u0105 Jezusa Chrystusa i stawa\u0107 si\u0119 przyjaci\u00f3\u0142mi Oblubie\u0144ca. Naszym pragnieniem jest rozkochiwanie Ko\u015bcio\u0142a \u2013 Oblubienicy Chrystusa \u2013 w Jezusie \u2013 Jedynym Oblubie\u0144cu Ko\u015bcio\u0142a. Uczymy si\u0119 tego od \u015bw. Jana Chrzciciela, przyjaciela Oblubie\u0144ca.<\/strong><\/p>\n<p><!-- \/wp:paragraph --><\/p>\n<p><!-- wp:paragraph --><\/p>\n<p><strong>Formacja polega na codziennym rozwa\u017caniu s\u0142owa Bo\u017cego w oparciu o podr\u0119czniki formacyjne, cotygodniowych spotkaniach oraz comiesi\u0119cznej Eucharystii wsp\u00f3lnotowej.<\/strong><\/p>\n<p><!-- \/wp:paragraph --><\/p>\n<p><!-- wp:paragraph --><\/p>\n<p><strong>Nasze spotkania formacyjne odbywaj\u0105 si\u0119 w ka\u017cd\u0105 \u015brod\u0119 po Mszy wieczornej w ko\u015bciele pallotyn\u00f3w w Sandomierzu.<\/strong><\/p>\n<p><!-- \/wp:paragraph --><\/p>\n<p><!-- wp:paragraph --><\/p>\n<p><!-- \/wp:paragraph --><\/p>\n<p><!-- wp:paragraph --><\/p>\n<p><strong>Grupa za\u0142o\u017cycielska przy naszej parafii z\u0142o\u017cy\u0142a akty wst\u0105pienia do Wsp\u00f3lnoty 16 marca 2023 r.<\/strong><\/p>\n<p><strong>\u00a0<\/strong><\/p>\n<p><!-- \/wp:paragraph --><\/p>\n<p><!-- wp:image {\"align\":\"center\",\"id\":2011,\"sizeSlug\":\"full\",\"linkDestination\":\"none\"} --><\/p>\n<figure class=\"wp-block-image aligncenter size-full\"><img fetchpriority=\"high\" decoding=\"async\" width=\"640\" height=\"360\" class=\"wp-image-2011\" src=\"https:\/\/pallotynisandomierz.pl\/wp-content\/uploads\/2023\/05\/wo.png\" alt=\"\" srcset=\"https:\/\/pallotynisandomierz.pl\/wp-content\/uploads\/2023\/05\/wo.png 640w, https:\/\/pallotynisandomierz.pl\/wp-content\/uploads\/2023\/05\/wo-600x338.png 600w, https:\/\/pallotynisandomierz.pl\/wp-content\/uploads\/2023\/05\/wo-300x169.png 300w\" sizes=\"(max-width: 640px) 100vw, 640px\" \/><\/figure>\n<p>\u00a0<\/p>\n<p>\u00a0<\/p>\n<ul>\n<li style=\"list-style-type: none;\">\n<ul>\n<li>Wzrastanie w \u015bwi\u0119to\u015bci poszczeg\u00f3lnych cz\u0142onk\u00f3w Wsp\u00f3lnoty dokonuje si\u0119 poprzez wsp\u00f3ln\u0105 modlitw\u0119, formacj\u0119, s\u0142u\u017cb\u0119 i \u015bwiadectwo codziennego \u017cycia oraz ewangelizacj\u0119.<\/li>\n<\/ul>\n<\/li>\n<\/ul>\n<p><!-- \/wp:list-item --><\/p>\n<p><!-- wp:list-item --><\/p>\n<ul>\n<li style=\"list-style-type: none;\">\n<ul>\n<li>Cz\u0142onkowie Wsp\u00f3lnoty pragn\u0105 realizowa\u0107 potr\u00f3jn\u0105 misj\u0119, jak\u0105 ka\u017cdy chrze\u015bcijanin otrzymuje w sakramencie chrztu: prorock\u0105, kap\u0142a\u0144sk\u0105 i kr\u00f3lewsk\u0105, g\u0142osz\u0105c S\u0142owo Bo\u017ce, celebruj\u0105c Je i \u017cyj\u0105c Nim.<\/li>\n<\/ul>\n<\/li>\n<\/ul>\n<p><!-- \/wp:list-item --><\/p>\n<p><!-- wp:list-item --><\/p>\n<ul>\n<li style=\"list-style-type: none;\">\n<ul>\n<li>Jako podstawowy cel swojego istnienia Wsp\u00f3lnota stawia sobie g\u0142oszenie Ewangelii tak, aby ka\u017cdy cz\u0142owiek m\u00f3g\u0142 pozna\u0107 Jezusa Chrystusa pokocha\u0107 Go i uzna\u0107 w Nim jedynego Pana.<\/li>\n<\/ul>\n<\/li>\n<\/ul>\n<p><!-- \/wp:list-item --><\/p>\n<p><!-- wp:list-item --><\/p>\n<ul>\n<li style=\"list-style-type: none;\">\n<ul>\n<li>Ka\u017cde dzia\u0142anie Wsp\u00f3lnoty ma na celu rozkochiwanie ludzi w Jezusie Chrystusie, dlatego Wsp\u00f3lnota nie podejmuje \u017cadnych dzia\u0142a\u0144, kt\u00f3re by do tego nie prowadzi\u0142y.<\/li>\n<\/ul>\n<\/li>\n<\/ul>\n<p><!-- \/wp:list-item --><\/p>\n<p><!-- \/wp:list --><\/p>\n<p><!-- wp:list --><\/p>\n<ul>\n<li style=\"list-style-type: none;\">\n<ul><!-- wp:list-item --><\/ul>\n<\/li>\n<\/ul>\n<p>\u00a0<\/p>\n<ul>\n<li style=\"list-style-type: none;\">\n<ul>\n<li>Wszystkie dzia\u0142ania we Wsp\u00f3lnocie pocz\u0105wszy od praktyki \u017cycia braterskiego, formacji ludzkiej, duchowej i intelektualnej do struktur organizacyjnych zmierzaj\u0105 do wype\u0142niania naszego ewangelizacyjnego powo\u0142ania.\u00a0W tym celu Wsp\u00f3lnota pragnie pos\u0142ugiwa\u0107 si\u0119 wszystkimi mo\u017cliwymi \u015brodkami, pozostaj\u0105c szczeg\u00f3lnie otwarta na to co aktualnie\u00a0<em>m\u00f3wi Duch do Ko\u015bcio\u0142a.<\/em><\/li>\n<\/ul>\n<\/li>\n<\/ul>\n<p><!-- \/wp:list-item --><\/p>\n<p><!-- wp:list-item --><\/p>\n<ul>\n<li style=\"list-style-type: none;\">\n<ul>\n<li>Poniewa\u017c ogrom misji ewangelizacyjnej w \u015bwiecie wymaga nieustannie rosn\u0105cej liczby aposto\u0142\u00f3w, Wsp\u00f3lnota ewangelizuje poprzez formacj\u0119 ewangelizator\u00f3w ucz\u0105c ich jak formowa\u0107 nast\u0119pnych.<\/li>\n<\/ul>\n<\/li>\n<\/ul>\n<p><!-- \/wp:list-item --><\/p>\n<p><!-- wp:list-item --><\/p>\n<ul>\n<li style=\"list-style-type: none;\">\n<ul>\n<li>Wsp\u00f3lnota chce s\u0142u\u017cy\u0107 wszystkim cz\u0142onkom Ko\u015bcio\u0142a, formuj\u0105c ich do czynnego i praktycznego podj\u0119cia misji ewangelizacyjnej. Poniewa\u017c ewangelizacja jest w pierwszym rz\u0119dzie dzia\u0142aniem eklezjalnym, dlatego Wsp\u00f3lnota chce \u017cy\u0107 zbawieniem i budowa\u0107 w Ko\u015bciele zewangelizowane wsp\u00f3lnoty, kt\u00f3re b\u0119d\u0105 \u017cy\u0142y mi\u0142o\u015bci\u0105 i kontynuowa\u0142y dzie\u0142o ewangelizacji.\u00a0<\/li>\n<\/ul>\n<\/li>\n<\/ul>\n<p><!-- \/wp:list-item --><\/p>\n<p><!-- wp:list-item --><\/p>\n<ul>\n<li style=\"list-style-type: none;\">\n<ul>\n<li>Wsp\u00f3lnota pragnie wsp\u00f3\u0142pracowa\u0107 z innymi dzie\u0142ami apostolskimi Ko\u015bcio\u0142a oraz popiera\u0107\u00a0rozw\u00f3j form ewangelizacji dostosowanych do aktualnych potrzeb Ko\u015bcio\u0142a.<\/li>\n<\/ul>\n<\/li>\n<\/ul>\n<p><!-- \/wp:list-item --><\/p>\n<p><!-- \/wp:list --><\/p>\t\t\t\t\t\t<\/div>\n\t\t\t\t<\/div>\n\t\t\t\t\t<\/div>\n\t\t<\/div>\n\t\t\t\t\t<\/div>\n\t\t<\/section>\n\t\t\t\t<\/div>\n\t\t","protected":false},"excerpt":{"rendered":"<p>Charyzmatem naszej Wsp\u00f3lnoty jest formowanie chrze\u015bcijan do dojrza\u0142ej wiary i aktywnego zaanga\u017cowania w ewangelizacj\u0119. Pragniemy rozwija\u0107 si\u0119 \u017cyj\u0105c Ewangeli\u0105 Jezusa Chrystusa i stawa\u0107 si\u0119 przyjaci\u00f3\u0142mi Oblubie\u0144ca. Naszym pragnieniem jest rozkochiwanie Ko\u015bcio\u0142a \u2013 Oblubienicy Chrystusa \u2013 w Jezusie \u2013 Jedynym Oblubie\u0144cu Ko\u015bcio\u0142a. Uczymy si\u0119 tego od \u015bw. Jana Chrzciciela, przyjaciela Oblubie\u0144ca. Formacja polega na codziennym rozwa\u017caniu s\u0142owa Bo\u017cego w oparciu o podr\u0119czniki formacyjne, cotygodniowych spotkaniach oraz comiesi\u0119cznej Eucharystii wsp\u00f3lnotowej. Nasze spotkania formacyjne odbywaj\u0105 si\u0119 w ka\u017cd\u0105 \u015brod\u0119 po Mszy wieczornej w ko\u015bciele pallotyn\u00f3w w Sandomierzu. Grupa za\u0142o\u017cycielska przy naszej parafii z\u0142o\u017cy\u0142a akty wst\u0105pienia do Wsp\u00f3lnoty 16 marca 2023 r. \u00a0 \u00a0 Wszystkie dzia\u0142ania we Wsp\u00f3lnocie pocz\u0105wszy od praktyki \u017cycia braterskiego, formacji ludzkiej, duchowej i intelektualnej do struktur organizacyjnych zmierzaj\u0105 do wype\u0142niania naszego ewangelizacyjnego powo\u0142ania.\u00a0W tym celu Wsp\u00f3lnota pragnie pos\u0142ugiwa\u0107 si\u0119 wszystkimi mo\u017cliwymi \u015brodkami, pozostaj\u0105c szczeg\u00f3lnie otwarta na to co aktualnie\u00a0m\u00f3wi Duch do Ko\u015bcio\u0142a. Poniewa\u017c ogrom misji ewangelizacyjnej w \u015bwiecie wymaga nieustannie rosn\u0105cej liczby aposto\u0142\u00f3w, Wsp\u00f3lnota ewangelizuje poprzez formacj\u0119 ewangelizator\u00f3w ucz\u0105c ich jak formowa\u0107 nast\u0119pnych. Wsp\u00f3lnota chce s\u0142u\u017cy\u0107 wszystkim cz\u0142onkom Ko\u015bcio\u0142a, formuj\u0105c ich do czynnego i praktycznego podj\u0119cia misji ewangelizacyjnej. Poniewa\u017c ewangelizacja jest w pierwszym rz\u0119dzie dzia\u0142aniem eklezjalnym, dlatego Wsp\u00f3lnota chce \u017cy\u0107 zbawieniem i budowa\u0107 w Ko\u015bciele zewangelizowane wsp\u00f3lnoty, kt\u00f3re b\u0119d\u0105 \u017cy\u0142y mi\u0142o\u015bci\u0105 i kontynuowa\u0142y dzie\u0142o ewangelizacji.\u00a0 Wsp\u00f3lnota pragnie wsp\u00f3\u0142pracowa\u0107 z innymi dzie\u0142ami apostolskimi Ko\u015bcio\u0142a oraz popiera\u0107\u00a0rozw\u00f3j form ewangelizacji dostosowanych do aktualnych potrzeb Ko\u015bcio\u0142a.<\/p>\n","protected":false},"author":1,"featured_media":0,"parent":0,"menu_order":0,"comment_status":"closed","ping_status":"closed","template":"","meta":{"_eb_attr":"","ngg_post_thumbnail":0,"footnotes":""},"_links":{"self":[{"href":"https:\/\/pallotynisandomierz.pl\/index.php\/wp-json\/wp\/v2\/pages\/2010"}],"collection":[{"href":"https:\/\/pallotynisandomierz.pl\/index.php\/wp-json\/wp\/v2\/pages"}],"about":[{"href":"https:\/\/pallotynisandomierz.pl\/index.php\/wp-json\/wp\/v2\/types\/page"}],"author":[{"embeddable":true,"href":"https:\/\/pallotynisandomierz.pl\/index.php\/wp-json\/wp\/v2\/users\/1"}],"replies":[{"embeddable":true,"href":"https:\/\/pallotynisandomierz.pl\/index.php\/wp-json\/wp\/v2\/comments?post=2010"}],"version-history":[{"count":12,"href":"https:\/\/pallotynisandomierz.pl\/index.php\/wp-json\/wp\/v2\/pages\/2010\/revisions"}],"predecessor-version":[{"id":2668,"href":"https:\/\/pallotynisandomierz.pl\/index.php\/wp-json\/wp\/v2\/pages\/2010\/revisions\/2668"}],"wp:attachment":[{"href":"https:\/\/pallotynisandomierz.pl\/index.php\/wp-json\/wp\/v2\/media?parent=2010"}],"curies":[{"name":"wp","href":"https:\/\/api.w.org\/{rel}","templated":true}]}}