{"id":2017,"date":"2023-05-12T12:41:57","date_gmt":"2023-05-12T10:41:57","guid":{"rendered":"http:\/\/pallotynisandomierz.pl\/?page_id=2017"},"modified":"2024-04-09T12:20:48","modified_gmt":"2024-04-09T10:20:48","slug":"seminarium-odnowy-wiary","status":"publish","type":"page","link":"https:\/\/pallotynisandomierz.pl\/index.php\/seminarium-odnowy-wiary\/","title":{"rendered":"SEMINARIUM ODNOWY WIARY"},"content":{"rendered":"\t\t<div data-elementor-type=\"wp-page\" data-elementor-id=\"2017\" class=\"elementor elementor-2017\">\n\t\t\t\t\t\t<section class=\"elementor-section elementor-top-section elementor-element elementor-element-f46c5d0 elementor-section-boxed elementor-section-height-default elementor-section-height-default\" data-id=\"f46c5d0\" data-element_type=\"section\">\n\t\t\t\t\t\t<div class=\"elementor-container elementor-column-gap-default\">\n\t\t\t\t\t<div class=\"elementor-column elementor-col-50 elementor-top-column elementor-element elementor-element-f7773fc\" data-id=\"f7773fc\" data-element_type=\"column\">\n\t\t\t<div class=\"elementor-widget-wrap elementor-element-populated\">\n\t\t\t\t\t\t<div class=\"elementor-element elementor-element-37dcba9 elementor-widget elementor-widget-image\" data-id=\"37dcba9\" data-element_type=\"widget\" data-widget_type=\"image.default\">\n\t\t\t\t<div class=\"elementor-widget-container\">\n\t\t\t\t\t\t\t\t\t\t\t\t\t<img fetchpriority=\"high\" decoding=\"async\" width=\"726\" height=\"1024\" src=\"https:\/\/pallotynisandomierz.pl\/wp-content\/uploads\/2024\/03\/SEMINARIUM-ODNOWY-WIARY-2024-726x1024.jpg\" class=\"attachment-large size-large wp-image-3284\" alt=\"\" srcset=\"https:\/\/pallotynisandomierz.pl\/wp-content\/uploads\/2024\/03\/SEMINARIUM-ODNOWY-WIARY-2024-726x1024.jpg 726w, https:\/\/pallotynisandomierz.pl\/wp-content\/uploads\/2024\/03\/SEMINARIUM-ODNOWY-WIARY-2024-213x300.jpg 213w, https:\/\/pallotynisandomierz.pl\/wp-content\/uploads\/2024\/03\/SEMINARIUM-ODNOWY-WIARY-2024-768x1083.jpg 768w, https:\/\/pallotynisandomierz.pl\/wp-content\/uploads\/2024\/03\/SEMINARIUM-ODNOWY-WIARY-2024-1089x1536.jpg 1089w, https:\/\/pallotynisandomierz.pl\/wp-content\/uploads\/2024\/03\/SEMINARIUM-ODNOWY-WIARY-2024-1140x1608.jpg 1140w, https:\/\/pallotynisandomierz.pl\/wp-content\/uploads\/2024\/03\/SEMINARIUM-ODNOWY-WIARY-2024-600x846.jpg 600w, https:\/\/pallotynisandomierz.pl\/wp-content\/uploads\/2024\/03\/SEMINARIUM-ODNOWY-WIARY-2024.jpg 1241w\" sizes=\"(max-width: 726px) 100vw, 726px\" \/>\t\t\t\t\t\t\t\t\t\t\t\t\t<\/div>\n\t\t\t\t<\/div>\n\t\t\t\t\t<\/div>\n\t\t<\/div>\n\t\t\t\t<div class=\"elementor-column elementor-col-50 elementor-top-column elementor-element elementor-element-646b6f3\" data-id=\"646b6f3\" data-element_type=\"column\">\n\t\t\t<div class=\"elementor-widget-wrap elementor-element-populated\">\n\t\t\t\t\t\t<div class=\"elementor-element elementor-element-54e2eb1 elementor-widget elementor-widget-text-editor\" data-id=\"54e2eb1\" data-element_type=\"widget\" data-widget_type=\"text-editor.default\">\n\t\t\t\t<div class=\"elementor-widget-container\">\n\t\t\t\t\t\t\t<p>Spotkania odbywaj\u0105 si\u0119\u00a0<strong>w ka\u017cd\u0105 \u015brod\u0119 \u2013\u00a0<u>od 3 kwietnia 2024<\/u>\u00a0r.<\/strong>\u00a0(pierwsza \u015broda po Wielkanocy)<\/p>\n<p>Miejsce<strong>: ko\u015bci\u00f3\u0142 Pallotyn\u00f3w w Sandomierzu<\/strong>\u00a0(ul. Dobkiewicza 6A)<\/p>\n<p>Godzina:\u00a0<strong>18:45<\/strong><\/p>\t\t\t\t\t\t<\/div>\n\t\t\t\t<\/div>\n\t\t\t\t\t<\/div>\n\t\t<\/div>\n\t\t\t\t\t<\/div>\n\t\t<\/section>\n\t\t\t\t<section class=\"elementor-section elementor-top-section elementor-element elementor-element-5f20253 elementor-section-boxed elementor-section-height-default elementor-section-height-default\" data-id=\"5f20253\" data-element_type=\"section\">\n\t\t\t\t\t\t<div class=\"elementor-container elementor-column-gap-default\">\n\t\t\t\t\t<div class=\"elementor-column elementor-col-100 elementor-top-column elementor-element elementor-element-2a207e7\" data-id=\"2a207e7\" data-element_type=\"column\">\n\t\t\t<div class=\"elementor-widget-wrap elementor-element-populated\">\n\t\t\t\t\t\t<div class=\"elementor-element elementor-element-a1d2aa9 elementor-widget elementor-widget-text-editor\" data-id=\"a1d2aa9\" data-element_type=\"widget\" data-widget_type=\"text-editor.default\">\n\t\t\t\t<div class=\"elementor-widget-container\">\n\t\t\t\t\t\t\t<p>Seminarium Odnowy Wiary to cykl spotka\u0144, prowadzonych przez Wsp\u00f3lnot\u0119 Przyjaci\u00f3\u0142 Oblubie\u0144ca \u2013 konferencje prowadzone s\u0105 przez osoby \u015bwieckie oraz ksi\u0119dza.\u00a0<strong>Znamy wiele \u015bwiadectw<\/strong>, kt\u00f3re pokazuj\u0105, \u017ce forma oraz tre\u015bci g\u0142oszone podczas Seminarium naprawd\u0119 skutecznie o\u017cywiaj\u0105 wiar\u0119 uczestnik\u00f3w,\u00a0<strong>daj\u0105c im \u017cywe do\u015bwiadczenie Boga<\/strong>\u00a0\u2013 ju\u017c nie dalekiego, lecz bliskiego; nie biernego, ale zaanga\u017cowanego w ratunek cz\u0142owieka.<\/p>\n<p>\u00a0<\/p>\n<p>SOW jest skierowany do wszystkich os\u00f3b, kt\u00f3re\u00a0<strong>nosz\u0105 w sobie pragnienie czego\u015b<\/strong>\u00a0<strong>wi\u0119cej<\/strong>\u00a0w prze\u017cywaniu wiary. Nie wa\u017cne czy uwa\u017casz siebie za zaanga\u017cowanego katolika, czy prze\u017cywasz kryzys\u00a0 \u017cyciowy, mo\u017ce do\u015bwiadczasz czasu bierno\u015bci\/nieaktywno\u015bci w \u017cyciu Ko\u015bcio\u0142a. Nie wa\u017cne jest ile masz lat. Je\u015bli nosisz w sobie\u00a0<strong>pragnienie spotkania Jezusa \u2013 osobi\u015bcie i konkretnie<\/strong>, to ten cykl spotka\u0144 jest dla Ciebie.<\/p>\n<p>\u00a0<\/p>\n<p><strong>\u015awiadectwo uczestniczki:<\/strong><\/p>\n<p><em>Ju\u017c na pierwszym spotkaniu za\u0142am si\u0119 \u0142zami\u2026 Nigdy tak si\u0119 nie modli\u0142am, nigdy nie prze\u017cywa\u0142am tak mocno spotkania z Bogiem. Ka\u017cda konferencja, ka\u017cde \u015bwiadectwo, ka\u017cda historia by\u0142a s\u0142owem, kt\u00f3re wzrusza\u0142o i budzi\u0142o moje serce. Zacz\u0119\u0142am rozumie\u0107 czym jest wiara, co znaczy kocha\u0107 Boga.<\/em><\/p>\n<p>\u00a0<\/p>\n<p>Je\u015bli chcesz do\u015bwiadczy\u0107 czego\u015b podobnego, to zapraszamy serdecznie!<\/p>\n<p>\u00a0<\/p>\n<p><strong>Apokalipsa \u015bw. Jana 22, 17:<\/strong><\/p>\n<p><em>\u201eI kto odczuwa\u00a0<u>pragnienie<\/u>, niech przyjdzie, kto chce, niech wody \u017cycia\u00a0<u>darmo zaczerpnie<\/u>.\u201d<\/em><\/p>\t\t\t\t\t\t<\/div>\n\t\t\t\t<\/div>\n\t\t\t\t\t<\/div>\n\t\t<\/div>\n\t\t\t\t\t<\/div>\n\t\t<\/section>\n\t\t\t\t<section class=\"elementor-section elementor-top-section elementor-element elementor-element-6f88eb9f elementor-section-boxed elementor-section-height-default elementor-section-height-default\" data-id=\"6f88eb9f\" data-element_type=\"section\">\n\t\t\t\t\t\t<div class=\"elementor-container elementor-column-gap-default\">\n\t\t\t\t\t<div class=\"elementor-column elementor-col-100 elementor-top-column elementor-element elementor-element-6dbf2dbc\" data-id=\"6dbf2dbc\" data-element_type=\"column\">\n\t\t\t<div class=\"elementor-widget-wrap elementor-element-populated\">\n\t\t\t\t\t\t<div class=\"elementor-element elementor-element-37b069d elementor-widget-divider--view-line elementor-widget elementor-widget-divider\" data-id=\"37b069d\" data-element_type=\"widget\" data-widget_type=\"divider.default\">\n\t\t\t\t<div class=\"elementor-widget-container\">\n\t\t\t\t\t<div class=\"elementor-divider\">\n\t\t\t<span class=\"elementor-divider-separator\">\n\t\t\t\t\t\t<\/span>\n\t\t<\/div>\n\t\t\t\t<\/div>\n\t\t\t\t<\/div>\n\t\t\t\t<div class=\"elementor-element elementor-element-4e53d4d0 elementor-widget elementor-widget-text-editor\" data-id=\"4e53d4d0\" data-element_type=\"widget\" data-widget_type=\"text-editor.default\">\n\t\t\t\t<div class=\"elementor-widget-container\">\n\t\t\t\t\t\t\t<!-- wp:paragraph -->\n<p>28 czerwca 2023 roku zako\u0144czy\u0142o si\u0119 pierwsze Seminarium Odnowy Wiary w Sandomierzu, kt\u00f3re by\u0142o prowadzone przez osoby z Regionu Kra\u015bnickiego. Owocem seminarium jest nowo powsta\u0142a wsp\u00f3lnota Przyjaciele Oblubie\u0144ca przy parafii pw. Chrystusa Kr\u00f3la Jedynego Zbawiciela \u015awiata w Sandomierzu.<\/p>\n<!-- \/wp:paragraph --><!-- wp:paragraph -->\n<p>Uroczysty akt wst\u0105pienia do Wsp\u00f3lnoty z\u0142o\u017cy\u0142o w sumie 31 os\u00f3b. Tym sposobem do\u0142\u0105czyli\u015bmy do kilkunastotysi\u0119cznej\u00a0grupy w Polsce i za granicami naszego kraju, kt\u00f3ra \u017cyje charyzmatem wsp\u00f3lnoty Przyjaci\u00f3\u0142 Oblubie\u0144ca.\u00a0<\/p>\n<!-- \/wp:paragraph --><!-- wp:paragraph -->\n<p>Pasterzem wsp\u00f3lnoty zosta\u0142 ks. Rafa\u0142 Kucharski SAC.<\/p>\n<!-- \/wp:paragraph --><!-- wp:paragraph --><!-- \/wp:paragraph --><!-- wp:paragraph --><!-- \/wp:paragraph --><!-- wp:gallery {\"linkTo\":\"media\",\"sizeSlug\":\"full\"} -->\n<figure class=\"wp-block-gallery has-nested-images columns-default is-cropped\"><!-- wp:image {\"id\":2159,\"sizeSlug\":\"full\",\"linkDestination\":\"media\"} -->\n<figure class=\"wp-block-image size-full\"><\/figure>\n<!-- \/wp:image --><!-- wp:image {\"id\":2161,\"sizeSlug\":\"full\",\"linkDestination\":\"media\"} -->\n<figure class=\"wp-block-image size-full\"><\/figure>\n<!-- \/wp:image --><!-- wp:image {\"id\":2160,\"sizeSlug\":\"full\",\"linkDestination\":\"media\"} -->\n<figure class=\"wp-block-image size-full\"><\/figure>\n<!-- \/wp:image --><\/figure>\n<!-- \/wp:gallery --><!-- wp:paragraph --><!-- \/wp:paragraph --><!-- wp:paragraph --><!-- \/wp:paragraph --><!-- wp:paragraph --><!-- \/wp:paragraph -->\t\t\t\t\t\t<\/div>\n\t\t\t\t<\/div>\n\t\t\t\t\t<\/div>\n\t\t<\/div>\n\t\t\t\t\t<\/div>\n\t\t<\/section>\n\t\t\t\t<section class=\"elementor-section elementor-top-section elementor-element elementor-element-b8c58a8 elementor-section-boxed elementor-section-height-default elementor-section-height-default\" data-id=\"b8c58a8\" data-element_type=\"section\">\n\t\t\t\t\t\t<div class=\"elementor-container elementor-column-gap-default\">\n\t\t\t\t\t<div class=\"elementor-column elementor-col-100 elementor-top-column elementor-element elementor-element-a0ea783\" data-id=\"a0ea783\" data-element_type=\"column\">\n\t\t\t<div class=\"elementor-widget-wrap elementor-element-populated\">\n\t\t\t\t\t\t<div class=\"elementor-element elementor-element-7f68f02 elementor-widget elementor-widget-image\" data-id=\"7f68f02\" data-element_type=\"widget\" data-widget_type=\"image.default\">\n\t\t\t\t<div class=\"elementor-widget-container\">\n\t\t\t\t\t\t\t\t\t\t\t\t\t<img decoding=\"async\" width=\"960\" height=\"540\" src=\"https:\/\/pallotynisandomierz.pl\/wp-content\/uploads\/2023\/08\/IMG_20230628_203013967-1024x576.jpg\" class=\"attachment-large size-large wp-image-2160\" alt=\"\" srcset=\"https:\/\/pallotynisandomierz.pl\/wp-content\/uploads\/2023\/08\/IMG_20230628_203013967-1024x576.jpg 1024w, https:\/\/pallotynisandomierz.pl\/wp-content\/uploads\/2023\/08\/IMG_20230628_203013967-scaled-600x338.jpg 600w, https:\/\/pallotynisandomierz.pl\/wp-content\/uploads\/2023\/08\/IMG_20230628_203013967-300x169.jpg 300w, https:\/\/pallotynisandomierz.pl\/wp-content\/uploads\/2023\/08\/IMG_20230628_203013967-768x432.jpg 768w, https:\/\/pallotynisandomierz.pl\/wp-content\/uploads\/2023\/08\/IMG_20230628_203013967-1536x864.jpg 1536w, https:\/\/pallotynisandomierz.pl\/wp-content\/uploads\/2023\/08\/IMG_20230628_203013967-2048x1152.jpg 2048w\" sizes=\"(max-width: 960px) 100vw, 960px\" \/>\t\t\t\t\t\t\t\t\t\t\t\t\t<\/div>\n\t\t\t\t<\/div>\n\t\t\t\t\t<\/div>\n\t\t<\/div>\n\t\t\t\t\t<\/div>\n\t\t<\/section>\n\t\t\t\t<\/div>\n\t\t","protected":false},"excerpt":{"rendered":"<p>Spotkania odbywaj\u0105 si\u0119\u00a0w ka\u017cd\u0105 \u015brod\u0119 \u2013\u00a0od 3 kwietnia 2024\u00a0r.\u00a0(pierwsza \u015broda po Wielkanocy) Miejsce: ko\u015bci\u00f3\u0142 Pallotyn\u00f3w w Sandomierzu\u00a0(ul. Dobkiewicza 6A) Godzina:\u00a018:45 Seminarium Odnowy Wiary to cykl spotka\u0144, prowadzonych przez Wsp\u00f3lnot\u0119 Przyjaci\u00f3\u0142 Oblubie\u0144ca \u2013 konferencje prowadzone s\u0105 przez osoby \u015bwieckie oraz ksi\u0119dza.\u00a0Znamy wiele \u015bwiadectw, kt\u00f3re pokazuj\u0105, \u017ce forma oraz tre\u015bci g\u0142oszone podczas Seminarium naprawd\u0119 skutecznie o\u017cywiaj\u0105 wiar\u0119 uczestnik\u00f3w,\u00a0daj\u0105c im \u017cywe do\u015bwiadczenie Boga\u00a0\u2013 ju\u017c nie dalekiego, lecz bliskiego; nie biernego, ale zaanga\u017cowanego w ratunek cz\u0142owieka. \u00a0 SOW jest skierowany do wszystkich os\u00f3b, kt\u00f3re\u00a0nosz\u0105 w sobie pragnienie czego\u015b\u00a0wi\u0119cej\u00a0w prze\u017cywaniu wiary. Nie wa\u017cne czy uwa\u017casz siebie za zaanga\u017cowanego katolika, czy prze\u017cywasz kryzys\u00a0 \u017cyciowy, mo\u017ce do\u015bwiadczasz czasu bierno\u015bci\/nieaktywno\u015bci w \u017cyciu Ko\u015bcio\u0142a. Nie wa\u017cne jest ile masz lat. Je\u015bli nosisz w sobie\u00a0pragnienie spotkania Jezusa \u2013 osobi\u015bcie i konkretnie, to ten cykl spotka\u0144 jest dla Ciebie. \u00a0 \u015awiadectwo uczestniczki: Ju\u017c na pierwszym spotkaniu za\u0142am si\u0119 \u0142zami\u2026 Nigdy tak si\u0119 nie modli\u0142am, nigdy nie prze\u017cywa\u0142am tak mocno spotkania z Bogiem. Ka\u017cda konferencja, ka\u017cde \u015bwiadectwo, ka\u017cda historia by\u0142a s\u0142owem, kt\u00f3re wzrusza\u0142o i budzi\u0142o moje serce. Zacz\u0119\u0142am rozumie\u0107 czym jest wiara, co znaczy kocha\u0107 Boga. \u00a0 Je\u015bli chcesz do\u015bwiadczy\u0107 czego\u015b podobnego, to zapraszamy serdecznie! \u00a0 Apokalipsa \u015bw. Jana 22, 17: \u201eI kto odczuwa\u00a0pragnienie, niech przyjdzie, kto chce, niech wody \u017cycia\u00a0darmo zaczerpnie.\u201d 28 czerwca 2023 roku zako\u0144czy\u0142o si\u0119 pierwsze Seminarium Odnowy Wiary w Sandomierzu, kt\u00f3re by\u0142o prowadzone przez osoby z Regionu Kra\u015bnickiego. Owocem seminarium jest nowo powsta\u0142a wsp\u00f3lnota Przyjaciele Oblubie\u0144ca przy parafii pw. Chrystusa Kr\u00f3la Jedynego Zbawiciela \u015awiata w Sandomierzu. Uroczysty akt wst\u0105pienia do Wsp\u00f3lnoty z\u0142o\u017cy\u0142o w sumie 31 os\u00f3b. Tym sposobem do\u0142\u0105czyli\u015bmy do kilkunastotysi\u0119cznej\u00a0grupy w Polsce i za granicami naszego kraju, kt\u00f3ra \u017cyje charyzmatem wsp\u00f3lnoty Przyjaci\u00f3\u0142 Oblubie\u0144ca.\u00a0 Pasterzem wsp\u00f3lnoty zosta\u0142 ks. Rafa\u0142 Kucharski SAC.<\/p>\n","protected":false},"author":1,"featured_media":0,"parent":0,"menu_order":0,"comment_status":"closed","ping_status":"closed","template":"","meta":{"_eb_attr":"","ngg_post_thumbnail":0,"footnotes":""},"_links":{"self":[{"href":"https:\/\/pallotynisandomierz.pl\/index.php\/wp-json\/wp\/v2\/pages\/2017"}],"collection":[{"href":"https:\/\/pallotynisandomierz.pl\/index.php\/wp-json\/wp\/v2\/pages"}],"about":[{"href":"https:\/\/pallotynisandomierz.pl\/index.php\/wp-json\/wp\/v2\/types\/page"}],"author":[{"embeddable":true,"href":"https:\/\/pallotynisandomierz.pl\/index.php\/wp-json\/wp\/v2\/users\/1"}],"replies":[{"embeddable":true,"href":"https:\/\/pallotynisandomierz.pl\/index.php\/wp-json\/wp\/v2\/comments?post=2017"}],"version-history":[{"count":33,"href":"https:\/\/pallotynisandomierz.pl\/index.php\/wp-json\/wp\/v2\/pages\/2017\/revisions"}],"predecessor-version":[{"id":3477,"href":"https:\/\/pallotynisandomierz.pl\/index.php\/wp-json\/wp\/v2\/pages\/2017\/revisions\/3477"}],"wp:attachment":[{"href":"https:\/\/pallotynisandomierz.pl\/index.php\/wp-json\/wp\/v2\/media?parent=2017"}],"curies":[{"name":"wp","href":"https:\/\/api.w.org\/{rel}","templated":true}]}}