{"id":2582,"date":"2024-02-09T15:37:34","date_gmt":"2024-02-09T14:37:34","guid":{"rendered":"https:\/\/pallotynisandomierz.pl\/?page_id=2582"},"modified":"2024-02-09T15:37:35","modified_gmt":"2024-02-09T14:37:35","slug":"zasady-zglaszania-intencji","status":"publish","type":"page","link":"https:\/\/pallotynisandomierz.pl\/index.php\/zasady-zglaszania-intencji\/","title":{"rendered":"ZASADY ZG\u0141ASZANIA INTENCJI"},"content":{"rendered":"\n<p><strong>Informacja o przetwarzaniu Pa\u0144stwa danych osobowych w zwi\u0105zku ze zg\u0142oszeniem intencji mszalnych w parafii Chrystusa Kr\u00f3la Jedynego Zbawiciela \u015awiata w Sandomierzu.<\/strong><\/p>\n\n\n\n<p>Zgodnie z&nbsp;art. 8 ust. 1&nbsp;Dekretu og\u00f3lnego w&nbsp;sprawie ochrony os\u00f3b&nbsp;fizycznych w&nbsp;zwi\u0105zku z&nbsp;przetwarzaniem danych osobowych w&nbsp;Ko\u015bciele katolickim&nbsp;wydanym przez&nbsp;Konferencj\u0119 Episkopatu Polski w&nbsp;dniu 13 marca 2018&nbsp;r. (dalej: Dekret) informujemy, \u017ce:<\/p>\n\n\n\n<p><strong>Administrator i&nbsp;jego dane kontaktowe<\/strong><\/p>\n\n\n\n<p>1. Administratorem Pani\/Pana danych osobowych jest Parafia Chrystusa Kr\u00f3la Jedynego Zbawiciela \u015awiata w Sandomierzu, 27 \u2013 600 ul. Dobkiewicza 6A.<\/p>\n\n\n\n<p>2. Kontakt z&nbsp;Administratorem jest mo\u017cliwy:<\/p>\n\n\n\n<p>a.&nbsp;&nbsp; emailowo pod&nbsp;adresem email: parafiapallotyni@gmail.com<\/p>\n\n\n\n<p>b.&nbsp;&nbsp; telefonicznie pod&nbsp;numerem telefonu: +48 15 832 86 49<\/p>\n\n\n\n<p>c.&nbsp;&nbsp; listownie na&nbsp;adres wskazany w&nbsp;pkt. 1.<\/p>\n\n\n\n<p><strong>Cel i&nbsp;podstawy przetwarzania danych osobowych<\/strong><\/p>\n\n\n\n<p>3. Pani\/Pana dane osobowe przetwarzane b\u0119d\u0105 w&nbsp;celu obs\u0142ugi zg\u0142oszenia intencji mszalnej, kt\u00f3ra&nbsp;ma&nbsp;zosta\u0107 odprawiona w&nbsp;ko\u015bciele Chrystusa Kr\u00f3la Jedynego Zbawiciela \u015awiata w Sandomierzu, co&nbsp;stanowi realizacj\u0119 zawartej z&nbsp;Pani\u0105\/Panem umowy zgodnie z&nbsp;art. 7 ust. 1 pkt. 2) Dekretu, kt\u00f3rej&nbsp;przedmiotem jest publiczne odczytanie zam\u00f3wionej przez&nbsp;Pani\u0105\/Pana intencji w&nbsp;trakcie mszy \u015bw.&nbsp;we&nbsp;wskazanym w&nbsp;zg\u0142oszeniu terminie.<\/p>\n\n\n\n<p>4. W&nbsp;przypadku, gdy&nbsp;w&nbsp;trakcie w&nbsp;tre\u015bci intencji wskazano dane osobowe Klasztor b\u0119dzie przetwarza\u0142 je&nbsp;w&nbsp;celach archiwalnych w&nbsp;tzw. ksi\u0119dze intencyjnej w&nbsp;wykonaniu obowi\u0105zku na\u0142o\u017conego na&nbsp;Klasztor kan. 958 \u00a7 1 Kodeksu Prawa Kanonicznego.<\/p>\n\n\n\n<p>5. W&nbsp;przypadku ewentualnego przetwarzania danych osobowych os\u00f3b, kt\u00f3rych&nbsp;dotyczy zam\u00f3wiona przez&nbsp;Pani\u0105\/Pana intencja podstaw\u0105 prawn\u0105 jest ochrona \u017cywotnych interes\u00f3w osoby obj\u0119tej intencj\u0105 (art. 7 ust. 1 pkt 4 Dekretu) w&nbsp;postaci jej dobra duchowego (salus animarum).<\/p>\n\n\n\n<p>6. Podanie przez&nbsp;Pani\u0105\/Pana danych osobowych jest dobrowolne, ich niepodanie nie&nbsp;mo\u017ce by\u0107 przyczyn\u0105 odmowy odprawienia mszy \u015bw.&nbsp;we&nbsp;wskazanej przez&nbsp;Pani\u0105\/Pana intencji.&nbsp; W&nbsp;takim przypadku msza \u015bw.&nbsp;zostanie odprawiona we&nbsp;wskazanej przez&nbsp;Pani\u0105\/Pana intencji bez&nbsp;wskazania Pani\/Pana danych osobowych lub danych osobowych osoby, obj\u0119tej intencj\u0105 (intencja zanonimizowana).<\/p>\n\n\n\n<p>7. Wobec Pani\/Pana (ewentualnie osoby, kt\u00f3rej&nbsp;dotyczy intencja) nie&nbsp;b\u0119d\u0105 podejmowane decyzje w&nbsp;spos\u00f3b zautomatyzowany, w&nbsp;tym r\u00f3wnie\u017c w&nbsp;nast\u0119pstwie profilowania.<\/p>\n\n\n\n<p><strong>Kategorie odbiorc\u00f3w danych osobowych<\/strong><\/p>\n\n\n\n<p>8. Tre\u015b\u0107 zg\u0142oszonej przez&nbsp;Pani\u0105\/Pana intencji zostanie odczytana publicznie podczas mszy \u015bw.&nbsp;sprawowanej w&nbsp;naszej bazylice.<\/p>\n\n\n\n<p>9. W&nbsp;zwi\u0105zku z&nbsp;tym, \u017ce&nbsp;msze \u015bw.&nbsp;odprawiane w&nbsp;ko\u015bciele Chrystusa Kr\u00f3la Jedynego Zbawiciela \u015awiata w Sandomierzu s\u0105&nbsp;transmitowane online na&nbsp;platformie YouTube, Pani\/Pana dane osobowe \u2013 o&nbsp;ile b\u0119d\u0105 stanowi\u0142y tre\u015b\u0107 intencji \u2013 odczytane w&nbsp;trakcie takiej transmisji, w&nbsp;trakcie takiej transmisji mog\u0105 zosta\u0107 ujawnione administratorowi portalu Youtube czyli Youtube LLC z&nbsp;siedzib\u0105 w&nbsp;Stanach Zjednoczonych na&nbsp;podstawie Decyzji Wykonawczej Komisji (UE) 2016\/1250 z&nbsp;dnia 12 lipca 2016&nbsp;r. przyj\u0119tej na&nbsp;mocy dyrektywy 95\/46\/WE Parlamentu Europejskiego i&nbsp;Rady, w&nbsp;sprawie adekwatno\u015bci ochrony zapewnianej przez&nbsp;Tarcz\u0119 Prywatno\u015bci UE-USA.<\/p>\n\n\n\n<p>10. W&nbsp;przypadku wyboru metody z\u0142o\u017cenia p\u0142atno\u015bci za&nbsp;po\u015brednictwem tpay, Pana\/Pani dane osobowe w&nbsp;zakresie niezb\u0119dnym do&nbsp;obs\u0142ugi takiej p\u0142atno\u015bci mo\u017ce przetwarza\u0107 operator serwisu tpay, kt\u00f3ry&nbsp;dzia\u0142a jako niezale\u017cny od&nbsp;Klasztoru administrator danych osobowych. Klasztor zach\u0119ca do&nbsp;zapoznania si\u0119 informacjami o&nbsp;przetwarzaniu Pani\/Pana danych osobowych udost\u0119pnianymi przez&nbsp;opertatora tpay.<\/p>\n\n\n\n<p>11. Pani\/Pana dane osobowe nie&nbsp;b\u0119d\u0105 przekazywane do&nbsp;publicznej ko\u015bcielnej osoby prawnej maj\u0105cej siedzib\u0119 poza terytorium Rzeczypospolitej Polskiej.<\/p>\n\n\n\n<p><strong>Okres przechowywania Pani\/Pana danych osobowych<\/strong><\/p>\n\n\n\n<p>12. Pani\/Pana dane osobowe b\u0119d\u0105 przechowywane do&nbsp;momentu odprawienia mszy \u015bw.&nbsp;we&nbsp;wskazanej przez&nbsp;Pani\u0105\/Pana intencji, w&nbsp;przypadku anulowania zg\u0142oszenia takiej intencji do&nbsp;dnia jego anulowania, a&nbsp;dodatkowo w&nbsp;przypadku odprawienia intencji \u2013 o&nbsp;ile dane osobowe b\u0119d\u0105 stanowi\u0142y tre\u015b\u0107 intencji \u2013 przechowywane na&nbsp;podstawie kan. 958 \u00a7 1 Kodeksu Prawa Kanonicznego w&nbsp;wykonaniu przez&nbsp;Klasztor obowi\u0105zku prowadzenia ksi\u0119gi intencji, w&nbsp;kt\u00f3rej&nbsp;przez&nbsp;czas nieokre\u015blony archiwizowane s\u0105&nbsp;nast\u0119puj\u0105ce informacje: liczba Mszy \u015aw. przyj\u0119tych do&nbsp;odprawienia, intencje, jak r\u00f3wnie\u017c z\u0142o\u017cona ofiar\u0119 i&nbsp;odprawienie.<\/p>\n\n\n\n<p><strong>Pani\/Pana prawa zwi\u0105zane z&nbsp;przetwarzaniem danych osobowych<\/strong><\/p>\n\n\n\n<p>13. Posiada Pani\/Pan prawo dost\u0119pu do&nbsp;tre\u015bci swoich danych oraz&nbsp;prawo ich sprostowania, usuni\u0119cia lub ograniczenia przetwarzania zgodnie z&nbsp;Dekretem.<\/p>\n\n\n\n<p>14. Ma&nbsp;Pani\/Pan prawo wniesienia skargi do&nbsp;Ko\u015bcielnego Inspektora Ochrony Danych, gdy&nbsp;uzna Pani\/Pan, i\u017c&nbsp;przetwarzanie danych osobowych Pani\/Pana dotycz\u0105cych narusza przepisy Dekretu.<\/p>\n","protected":false},"excerpt":{"rendered":"<p>Informacja o przetwarzaniu Pa\u0144stwa danych osobowych w zwi\u0105zku ze zg\u0142oszeniem intencji mszalnych w parafii Chrystusa Kr\u00f3la Jedynego Zbawiciela \u015awiata w Sandomierzu. Zgodnie z&nbsp;art. 8 ust. 1&nbsp;Dekretu og\u00f3lnego w&nbsp;sprawie ochrony os\u00f3b&nbsp;fizycznych w&nbsp;zwi\u0105zku z&nbsp;przetwarzaniem danych osobowych w&nbsp;Ko\u015bciele katolickim&nbsp;wydanym przez&nbsp;Konferencj\u0119 Episkopatu Polski w&nbsp;dniu 13 marca 2018&nbsp;r. (dalej: Dekret) informujemy, \u017ce: Administrator i&nbsp;jego dane kontaktowe 1. Administratorem Pani\/Pana danych osobowych jest Parafia Chrystusa Kr\u00f3la Jedynego Zbawiciela \u015awiata w Sandomierzu, 27 \u2013 600 ul. Dobkiewicza 6A. 2. Kontakt z&nbsp;Administratorem jest mo\u017cliwy: a.&nbsp;&nbsp; emailowo pod&nbsp;adresem email: parafiapallotyni@gmail.com b.&nbsp;&nbsp; telefonicznie pod&nbsp;numerem telefonu: +48 15 832 86 49 c.&nbsp;&nbsp; listownie na&nbsp;adres wskazany w&nbsp;pkt. 1. Cel i&nbsp;podstawy przetwarzania danych osobowych 3. Pani\/Pana dane osobowe przetwarzane b\u0119d\u0105 w&nbsp;celu obs\u0142ugi zg\u0142oszenia intencji mszalnej, kt\u00f3ra&nbsp;ma&nbsp;zosta\u0107 odprawiona w&nbsp;ko\u015bciele Chrystusa Kr\u00f3la Jedynego Zbawiciela \u015awiata w Sandomierzu, co&nbsp;stanowi realizacj\u0119 zawartej z&nbsp;Pani\u0105\/Panem umowy zgodnie z&nbsp;art. 7 ust. 1 pkt. 2) Dekretu, kt\u00f3rej&nbsp;przedmiotem jest publiczne odczytanie zam\u00f3wionej przez&nbsp;Pani\u0105\/Pana intencji w&nbsp;trakcie mszy \u015bw.&nbsp;we&nbsp;wskazanym w&nbsp;zg\u0142oszeniu terminie. 4. W&nbsp;przypadku, gdy&nbsp;w&nbsp;trakcie w&nbsp;tre\u015bci intencji wskazano dane osobowe Klasztor b\u0119dzie przetwarza\u0142 je&nbsp;w&nbsp;celach archiwalnych w&nbsp;tzw. ksi\u0119dze intencyjnej w&nbsp;wykonaniu obowi\u0105zku na\u0142o\u017conego na&nbsp;Klasztor kan. 958 \u00a7 1 Kodeksu Prawa Kanonicznego. 5. W&nbsp;przypadku ewentualnego przetwarzania danych osobowych os\u00f3b, kt\u00f3rych&nbsp;dotyczy zam\u00f3wiona przez&nbsp;Pani\u0105\/Pana intencja podstaw\u0105 prawn\u0105 jest ochrona \u017cywotnych interes\u00f3w osoby obj\u0119tej intencj\u0105 (art. 7 ust. 1 pkt 4 Dekretu) w&nbsp;postaci jej dobra duchowego (salus animarum). 6. Podanie przez&nbsp;Pani\u0105\/Pana danych osobowych jest dobrowolne, ich niepodanie nie&nbsp;mo\u017ce by\u0107 przyczyn\u0105 odmowy odprawienia mszy \u015bw.&nbsp;we&nbsp;wskazanej przez&nbsp;Pani\u0105\/Pana intencji.&nbsp; W&nbsp;takim przypadku msza \u015bw.&nbsp;zostanie odprawiona we&nbsp;wskazanej przez&nbsp;Pani\u0105\/Pana intencji bez&nbsp;wskazania Pani\/Pana danych osobowych lub danych osobowych osoby, obj\u0119tej intencj\u0105 (intencja zanonimizowana). 7. Wobec Pani\/Pana (ewentualnie osoby, kt\u00f3rej&nbsp;dotyczy intencja) nie&nbsp;b\u0119d\u0105 podejmowane decyzje w&nbsp;spos\u00f3b zautomatyzowany, w&nbsp;tym r\u00f3wnie\u017c w&nbsp;nast\u0119pstwie profilowania. Kategorie odbiorc\u00f3w danych osobowych 8. Tre\u015b\u0107 zg\u0142oszonej przez&nbsp;Pani\u0105\/Pana intencji zostanie odczytana publicznie podczas mszy \u015bw.&nbsp;sprawowanej w&nbsp;naszej bazylice. 9. W&nbsp;zwi\u0105zku z&nbsp;tym, \u017ce&nbsp;msze \u015bw.&nbsp;odprawiane w&nbsp;ko\u015bciele Chrystusa Kr\u00f3la Jedynego Zbawiciela \u015awiata w Sandomierzu s\u0105&nbsp;transmitowane online na&nbsp;platformie YouTube, Pani\/Pana dane osobowe \u2013 o&nbsp;ile b\u0119d\u0105 stanowi\u0142y tre\u015b\u0107 intencji \u2013 odczytane w&nbsp;trakcie takiej transmisji, w&nbsp;trakcie takiej transmisji mog\u0105 zosta\u0107 ujawnione administratorowi portalu Youtube czyli Youtube LLC z&nbsp;siedzib\u0105 w&nbsp;Stanach Zjednoczonych na&nbsp;podstawie Decyzji Wykonawczej Komisji (UE) 2016\/1250 z&nbsp;dnia 12 lipca 2016&nbsp;r. przyj\u0119tej na&nbsp;mocy dyrektywy 95\/46\/WE Parlamentu Europejskiego i&nbsp;Rady, w&nbsp;sprawie adekwatno\u015bci ochrony zapewnianej przez&nbsp;Tarcz\u0119 Prywatno\u015bci UE-USA. 10. W&nbsp;przypadku wyboru metody z\u0142o\u017cenia p\u0142atno\u015bci za&nbsp;po\u015brednictwem tpay, Pana\/Pani dane osobowe w&nbsp;zakresie niezb\u0119dnym do&nbsp;obs\u0142ugi takiej p\u0142atno\u015bci mo\u017ce przetwarza\u0107 operator serwisu tpay, kt\u00f3ry&nbsp;dzia\u0142a jako niezale\u017cny od&nbsp;Klasztoru administrator danych osobowych. Klasztor zach\u0119ca do&nbsp;zapoznania si\u0119 informacjami o&nbsp;przetwarzaniu Pani\/Pana danych osobowych udost\u0119pnianymi przez&nbsp;opertatora tpay. 11. Pani\/Pana dane osobowe nie&nbsp;b\u0119d\u0105 przekazywane do&nbsp;publicznej ko\u015bcielnej osoby prawnej maj\u0105cej siedzib\u0119 poza terytorium Rzeczypospolitej Polskiej. Okres przechowywania Pani\/Pana danych osobowych 12. Pani\/Pana dane osobowe b\u0119d\u0105 przechowywane do&nbsp;momentu odprawienia mszy \u015bw.&nbsp;we&nbsp;wskazanej przez&nbsp;Pani\u0105\/Pana intencji, w&nbsp;przypadku anulowania zg\u0142oszenia takiej intencji do&nbsp;dnia jego anulowania, a&nbsp;dodatkowo w&nbsp;przypadku odprawienia intencji \u2013 o&nbsp;ile dane osobowe b\u0119d\u0105 stanowi\u0142y tre\u015b\u0107 intencji \u2013 przechowywane na&nbsp;podstawie kan. 958 \u00a7 1 Kodeksu Prawa Kanonicznego w&nbsp;wykonaniu przez&nbsp;Klasztor obowi\u0105zku prowadzenia ksi\u0119gi intencji, w&nbsp;kt\u00f3rej&nbsp;przez&nbsp;czas nieokre\u015blony archiwizowane s\u0105&nbsp;nast\u0119puj\u0105ce informacje: liczba Mszy \u015aw. przyj\u0119tych do&nbsp;odprawienia, intencje, jak r\u00f3wnie\u017c z\u0142o\u017cona ofiar\u0119 i&nbsp;odprawienie. Pani\/Pana prawa zwi\u0105zane z&nbsp;przetwarzaniem danych osobowych 13. Posiada Pani\/Pan prawo dost\u0119pu do&nbsp;tre\u015bci swoich danych oraz&nbsp;prawo ich sprostowania, usuni\u0119cia lub ograniczenia przetwarzania zgodnie z&nbsp;Dekretem. 14. Ma&nbsp;Pani\/Pan prawo wniesienia skargi do&nbsp;Ko\u015bcielnego Inspektora Ochrony Danych, gdy&nbsp;uzna Pani\/Pan, i\u017c&nbsp;przetwarzanie danych osobowych Pani\/Pana dotycz\u0105cych narusza przepisy Dekretu.<\/p>\n","protected":false},"author":1,"featured_media":0,"parent":0,"menu_order":0,"comment_status":"closed","ping_status":"closed","template":"","meta":{"_eb_attr":"","ngg_post_thumbnail":0,"footnotes":""},"_links":{"self":[{"href":"https:\/\/pallotynisandomierz.pl\/index.php\/wp-json\/wp\/v2\/pages\/2582"}],"collection":[{"href":"https:\/\/pallotynisandomierz.pl\/index.php\/wp-json\/wp\/v2\/pages"}],"about":[{"href":"https:\/\/pallotynisandomierz.pl\/index.php\/wp-json\/wp\/v2\/types\/page"}],"author":[{"embeddable":true,"href":"https:\/\/pallotynisandomierz.pl\/index.php\/wp-json\/wp\/v2\/users\/1"}],"replies":[{"embeddable":true,"href":"https:\/\/pallotynisandomierz.pl\/index.php\/wp-json\/wp\/v2\/comments?post=2582"}],"version-history":[{"count":1,"href":"https:\/\/pallotynisandomierz.pl\/index.php\/wp-json\/wp\/v2\/pages\/2582\/revisions"}],"predecessor-version":[{"id":2583,"href":"https:\/\/pallotynisandomierz.pl\/index.php\/wp-json\/wp\/v2\/pages\/2582\/revisions\/2583"}],"wp:attachment":[{"href":"https:\/\/pallotynisandomierz.pl\/index.php\/wp-json\/wp\/v2\/media?parent=2582"}],"curies":[{"name":"wp","href":"https:\/\/api.w.org\/{rel}","templated":true}]}}