{"id":2620,"date":"2024-02-13T15:32:48","date_gmt":"2024-02-13T14:32:48","guid":{"rendered":"https:\/\/pallotynisandomierz.pl\/?page_id=2620"},"modified":"2024-09-03T13:05:38","modified_gmt":"2024-09-03T11:05:38","slug":"intencje-mszalne","status":"publish","type":"page","link":"https:\/\/pallotynisandomierz.pl\/index.php\/intencje-mszalne\/","title":{"rendered":"INTENCJE MSZALNE"},"content":{"rendered":"\t\t<div data-elementor-type=\"wp-page\" data-elementor-id=\"2620\" class=\"elementor elementor-2620\">\n\t\t\t\t\t\t<section class=\"elementor-section elementor-top-section elementor-element elementor-element-9309662 elementor-section-boxed elementor-section-height-default elementor-section-height-default\" data-id=\"9309662\" data-element_type=\"section\">\n\t\t\t\t\t\t<div class=\"elementor-container elementor-column-gap-default\">\n\t\t\t\t\t<div class=\"elementor-column elementor-col-100 elementor-top-column elementor-element elementor-element-0516b20\" data-id=\"0516b20\" data-element_type=\"column\">\n\t\t\t<div class=\"elementor-widget-wrap elementor-element-populated\">\n\t\t\t\t\t\t<section class=\"elementor-section elementor-inner-section elementor-element elementor-element-7970afa elementor-section-boxed elementor-section-height-default elementor-section-height-default\" data-id=\"7970afa\" data-element_type=\"section\">\n\t\t\t\t\t\t<div class=\"elementor-container elementor-column-gap-default\">\n\t\t\t\t\t<div class=\"elementor-column elementor-col-50 elementor-inner-column elementor-element elementor-element-96df7f2\" data-id=\"96df7f2\" data-element_type=\"column\">\n\t\t\t<div class=\"elementor-widget-wrap elementor-element-populated\">\n\t\t\t\t\t\t<div class=\"elementor-element elementor-element-f7cf817 elementor-widget elementor-widget-image\" data-id=\"f7cf817\" data-element_type=\"widget\" data-widget_type=\"image.default\">\n\t\t\t\t<div class=\"elementor-widget-container\">\n\t\t\t\t\t\t\t\t\t\t\t\t\t<img fetchpriority=\"high\" decoding=\"async\" width=\"444\" height=\"400\" src=\"https:\/\/pallotynisandomierz.pl\/wp-content\/uploads\/2024\/02\/msza-e1707833122208.jpg\" class=\"attachment-large size-large wp-image-2622\" alt=\"\" srcset=\"https:\/\/pallotynisandomierz.pl\/wp-content\/uploads\/2024\/02\/msza-e1707833122208.jpg 444w, https:\/\/pallotynisandomierz.pl\/wp-content\/uploads\/2024\/02\/msza-e1707833122208-300x270.jpg 300w\" sizes=\"(max-width: 444px) 100vw, 444px\" \/>\t\t\t\t\t\t\t\t\t\t\t\t\t<\/div>\n\t\t\t\t<\/div>\n\t\t\t\t\t<\/div>\n\t\t<\/div>\n\t\t\t\t<div class=\"elementor-column elementor-col-50 elementor-inner-column elementor-element elementor-element-7949f30\" data-id=\"7949f30\" data-element_type=\"column\">\n\t\t\t<div class=\"elementor-widget-wrap elementor-element-populated\">\n\t\t\t\t\t\t<div class=\"elementor-element elementor-element-7352999 elementor-widget elementor-widget-text-editor\" data-id=\"7352999\" data-element_type=\"widget\" data-widget_type=\"text-editor.default\">\n\t\t\t\t<div class=\"elementor-widget-container\">\n\t\t\t\t\t\t\t<hr \/><p><span style=\"color: #000000; font-family: var( --e-global-typography-text-font-family ), Sans-serif; font-weight: var( --e-global-typography-text-font-weight ); letter-spacing: 0px;\">Informacja o rodzajach przyjmowanych intencji w naszym ko\u015bciele i mo\u017cliwo\u015bci ich zamawiania.<\/span><\/p><hr \/>\t\t\t\t\t\t<\/div>\n\t\t\t\t<\/div>\n\t\t\t\t\t<\/div>\n\t\t<\/div>\n\t\t\t\t\t<\/div>\n\t\t<\/section>\n\t\t\t\t\t<\/div>\n\t\t<\/div>\n\t\t\t\t\t<\/div>\n\t\t<\/section>\n\t\t\t\t<section class=\"elementor-section elementor-top-section elementor-element elementor-element-27d833b elementor-section-boxed elementor-section-height-default elementor-section-height-default\" data-id=\"27d833b\" data-element_type=\"section\">\n\t\t\t\t\t\t<div class=\"elementor-container elementor-column-gap-default\">\n\t\t\t\t\t<div class=\"elementor-column elementor-col-100 elementor-top-column elementor-element elementor-element-e7ef3a0\" data-id=\"e7ef3a0\" data-element_type=\"column\">\n\t\t\t<div class=\"elementor-widget-wrap elementor-element-populated\">\n\t\t\t\t\t\t<div class=\"elementor-element elementor-element-0673357 elementor-widget elementor-widget-text-editor\" data-id=\"0673357\" data-element_type=\"widget\" data-widget_type=\"text-editor.default\">\n\t\t\t\t<div class=\"elementor-widget-container\">\n\t\t\t\t\t\t\t<hr \/><p style=\"text-align: left;\"><span style=\"font-size: 16px; color: #000000;\">W Ko\u015bciele istnieje bardzo wielka r\u00f3\u017cnorodno\u015b\u0107 nabo\u017ce\u0144stw i modlitw. Ka\u017cde z nich ust\u0119puje jednak co do warto\u015bci Mszy \u015bwi\u0119tej. W Eucharystii bowiem uobecnia si\u0119 jedyna ofiara Chrystusa \u2013 Jezus umiera za nas, sp\u0142acaj\u0105c d\u0142ug naszych grzech\u00f3w, i przywraca nam nowe \u017cycie. Jest to wi\u0119c \u017ar\u00f3d\u0142o, z kt\u00f3rego wyp\u0142ywaj\u0105 wszystkie \u0142aski.<\/span><\/p><p style=\"text-align: left;\"><span style=\"font-size: 18px; color: #000000;\">\u00a0<\/span><\/p><p style=\"text-align: left;\"><span style=\"font-size: 18px; color: #000000;\"><strong>O<\/strong><b>fiarowanie Mszy \u015bwi\u0119tej w jakiej\u015b intencji to bez w\u0105tpienia najwi\u0119kszy dar duchowy, jakim mo\u017cemy kogokolwiek obdarzy\u0107.<\/b><\/span><\/p>\t\t\t\t\t\t<\/div>\n\t\t\t\t<\/div>\n\t\t\t\t<div class=\"elementor-element elementor-element-551292d elementor-widget__width-initial elementor-widget elementor-widget-text-editor\" data-id=\"551292d\" data-element_type=\"widget\" data-widget_type=\"text-editor.default\">\n\t\t\t\t<div class=\"elementor-widget-container\">\n\t\t\t\t\t\t\t<p><span style=\"color: #000000;\"><b style=\"font-size: 16px; font-family: var( --e-global-typography-text-font-family ), Sans-serif; letter-spacing: 0px;\">Za kogo i o co mo\u017cna si\u0119 modli\u0107 w intencji mszalnej?<\/b><\/span><\/p><p><span style=\"font-size: 16px; color: #000000;\">Ofiara Chrystusa dotyka ka\u017cdego cz\u0142owieka. Intencj\u0105 mszaln\u0105 mo\u017cna wi\u0119c obj\u0105\u0107 \u017cywych \u2013 naszych bliskich, przyjaci\u00f3\u0142, kap\u0142an\u00f3w, z okazji urodzin, jubileuszy czy wa\u017cnych wydarze\u0144 w ich \u017cyciu.<\/span><br \/><span style=\"font-size: 16px; color: #000000;\">Mo\u017cemy si\u0119 tak\u017ce modli\u0107 za naszych zmar\u0142ych \u2013 aby jak najszybciej mogli uczestniczy\u0107 w chwale nieba.<\/span><br \/><span style=\"font-size: 16px; color: #000000;\">Mo\u017cemy si\u0119 modli\u0107 tak\u017ce w intencjach og\u00f3lnych \u2013 za Ko\u015bci\u00f3\u0142, o powo\u0142ania, za Ojczyzn\u0119, o pok\u00f3j, za wszystkie rodziny.<\/span><\/p>\t\t\t\t\t\t<\/div>\n\t\t\t\t<\/div>\n\t\t\t\t<div class=\"elementor-element elementor-element-49a1a4a elementor-widget elementor-widget-heading\" data-id=\"49a1a4a\" data-element_type=\"widget\" data-widget_type=\"heading.default\">\n\t\t\t\t<div class=\"elementor-widget-container\">\n\t\t\t<h2 class=\"elementor-heading-title elementor-size-default\"><span style=\"font-size: 16px;\"><strong>INTENCJE MSZY \u015aWI\u0118TYCH, KT\u00d3RE PRZYJMUJEMY W NASZYM KO\u015aCIELE<\/strong><\/span><\/h2>\t\t<\/div>\n\t\t\t\t<\/div>\n\t\t\t\t<div class=\"elementor-element elementor-element-b7ceaf5 elementor-widget elementor-widget-text-editor\" data-id=\"b7ceaf5\" data-element_type=\"widget\" data-widget_type=\"text-editor.default\">\n\t\t\t\t<div class=\"elementor-widget-container\">\n\t\t\t\t\t\t\t<p><span style=\"font-size: 16px; color: #000000;\"><strong>Msze \u015awi\u0119te Wieczyste<\/strong>\u00a0\u2013\u00a0Dzie\u0142o Powo\u0142a\u0144 Kap\u0142a\u0144skich i Zakonnych &#8211; 3 Msze \u015awi\u0119te ka\u017cdego dnia. Sk\u0142adane ofiary przeznaczone s\u0105 na kszta\u0142cenie os\u00f3b przygotowuj\u0105cych si\u0119 do kap\u0142a\u0144stwa i \u017cycia zakonnego;<\/span><\/p><p><span style=\"font-size: 16px; color: #000000;\"><strong>Msze \u015awi\u0119te listopadowe<\/strong>\u00a0&#8211; Msze \u015awi\u0119te zbiorowe odprawiane w ko\u015bcio\u0142ach palloty\u0144skich\u00a0\u2013\u00a0w listopadzie codziennie sprawujemy 24 Msze \u015awi\u0119te\u00a0za zmar\u0142ych poleconej naszej modlitwie;<\/span><\/p><p><span style=\"font-size: 16px; color: #000000;\"><strong>Msze \u015awi\u0119te ku czci \u015bw. Wincentego Pallottiego<\/strong>\u00a0\u2013 30 Mszy \u015awi\u0119tych zbiorowych, odprawianych w ko\u015bcio\u0142ach palloty\u0144skich 22 stycznia\u00a0w Uroczysto\u015b\u0107 \u015bw. Wincentego Pallottiego, naszego Za\u0142o\u017cyciela;<\/span><\/p><p><span style=\"font-size: 16px; color: #000000;\"><strong>Msze \u015awi\u0119te majowe ku czci Matki Bo\u017cej Kr\u00f3lowej Aposto\u0142\u00f3w<\/strong>\u00a0\u2013 codziennie w maju w ko\u015bcio\u0142ach palloty\u0144skich sprawujemy 18 Mszy \u015awi\u0119tych\u00a0w intencjach poleconych nam przez Dobrodziej\u00f3w i Ofiarodawc\u00f3w;<\/span><\/p><p><span style=\"font-size: 16px; color: #000000;\"><strong>Msze \u015awi\u0119te indywidualne<\/strong>\u00a0&#8211; dzi\u0119kczynne, b\u0142agalne, imieninowe, urodzinowe (terminowe, bezterminowe)<\/span><\/p><p><span style=\"font-size: 16px; color: #000000;\"><strong>Msze \u015awi\u0119te gregoria\u0144skie<\/strong> \u2013 30 Mszy \u015awi\u0119tych odprawianych codziennie w intencji jednej osoby zmar\u0142ej.<\/span><\/p><p><span style=\"color: #000000; font-size: 16px;\"><strong>Msze \u015awi\u0119te zbiorowe &#8211; <\/strong>Msza \u015bw., podczas kt\u00f3rej jeden kap\u0142an modli si\u0119\u00a0 w r\u00f3\u017cnych intencjach (zar\u00f3wno za \u017cywych jak i zmar\u0142ych) powierzonych modlitwie na dany dzie\u0144 przez wielu ofiarodawc\u00f3w. Czy zbiorowa intencja Mszy \u015bw. jest gorsza lub mniej skuteczna? Absolutnie nie, poniewa\u017c moc Mszy \u015bw. zale\u017cy nie od liczby kap\u0142an\u00f3w, ale od Chrystusa, kt\u00f3ry ofiaruje siebie Ojcu w powierzonych intencjach. Jego ofiara ma zawsze warto\u015b\u0107 niesko\u0144czon\u0105 i moc zdoln\u0105 obj\u0105\u0107 wszystkie intencje \u015bwiata. W naszym ko\u015bciele odprawiana jest ona w ka\u017cd\u0105 \u015brod\u0119 przez wstawiennictwo Matki Bo\u017cej Fatimskiej. <a href=\"https:\/\/pallotynisandomierz.pl\/index.php\/zamawianie-intencji-mszalnych-online\/\">(formularz intencji zbiorowych)<\/a><\/span><\/p>\t\t\t\t\t\t<\/div>\n\t\t\t\t<\/div>\n\t\t\t\t\t<\/div>\n\t\t<\/div>\n\t\t\t\t\t<\/div>\n\t\t<\/section>\n\t\t\t\t<section class=\"elementor-section elementor-top-section elementor-element elementor-element-410a9da elementor-section-boxed elementor-section-height-default elementor-section-height-default\" data-id=\"410a9da\" data-element_type=\"section\">\n\t\t\t\t\t\t<div class=\"elementor-container elementor-column-gap-default\">\n\t\t\t\t\t<div class=\"elementor-column elementor-col-100 elementor-top-column elementor-element elementor-element-0aee889\" data-id=\"0aee889\" data-element_type=\"column\">\n\t\t\t<div class=\"elementor-widget-wrap elementor-element-populated\">\n\t\t\t\t\t\t<div class=\"elementor-element elementor-element-bad02fc elementor-widget elementor-widget-text-editor\" data-id=\"bad02fc\" data-element_type=\"widget\" data-widget_type=\"text-editor.default\">\n\t\t\t\t<div class=\"elementor-widget-container\">\n\t\t\t\t\t\t\t<p><span style=\"font-size: 16px; color: #000000;\"><strong>Ofiara Mszalna<\/strong><\/span><\/p><p><span style=\"font-size: 16px; color: #000000;\">Przy zamawianiu intencji sk\u0142adana jest ofiara pieni\u0119\u017cna. Przeznaczona jest ona na utrzymanie ko\u015bcio\u0142a i os\u00f3b w nim pos\u0142uguj\u0105cych, w szczeg\u00f3lno\u015bci kap\u0142ana odprawiaj\u0105cego zamawian\u0105 Msz\u0119. Ofiara pieni\u0119\u017cna nie jest op\u0142at\u0105 za Msz\u0119 \u2013 kap\u0142an odprawia Msz\u0119 \u015bw. niezale\u017cnie od tej ofiary. Jej wysoko\u015b\u0107 zale\u017cy od woli i mo\u017cliwo\u015bci zamawiaj\u0105cego intencj\u0119.<\/span><\/p>\t\t\t\t\t\t<\/div>\n\t\t\t\t<\/div>\n\t\t\t\t\t<\/div>\n\t\t<\/div>\n\t\t\t\t\t<\/div>\n\t\t<\/section>\n\t\t\t\t<section class=\"elementor-section elementor-top-section elementor-element elementor-element-e84a2d4 elementor-section-boxed elementor-section-height-default elementor-section-height-default\" data-id=\"e84a2d4\" data-element_type=\"section\">\n\t\t\t\t\t\t<div class=\"elementor-container elementor-column-gap-default\">\n\t\t\t\t\t<div class=\"elementor-column elementor-col-100 elementor-top-column elementor-element elementor-element-9c319a4\" data-id=\"9c319a4\" data-element_type=\"column\">\n\t\t\t<div class=\"elementor-widget-wrap elementor-element-populated\">\n\t\t\t\t\t\t<div class=\"elementor-element elementor-element-4d14a85 elementor-widget elementor-widget-text-editor\" data-id=\"4d14a85\" data-element_type=\"widget\" data-widget_type=\"text-editor.default\">\n\t\t\t\t<div class=\"elementor-widget-container\">\n\t\t\t\t\t\t\t<p><span style=\"font-size: 16px; color: #000000;\"><strong>Ofiar\u0119 za Msz\u0119 \u015awi\u0119t\u0105 mo\u017cna:<\/strong><\/span><\/p><ul><li><span style=\"font-size: 16px; color: #000000;\">przekaza\u0107 osobi\u015bcie w zakrystii lub w kancelarii;<\/span><\/li><li><span style=\"font-size: 16px; color: #000000;\">przekazem pocztowym lub wp\u0142aci\u0107 na konto bankowe:<\/span><\/li><\/ul><p><span style=\"font-size: 16px; color: #000000;\"><strong>\u00a0<\/strong><\/span><\/p><p><span style=\"font-size: 16px; color: #000000;\">Parafia Chrystusa Kr\u00f3la Jedynego Zbawiciela \u015awiata<\/span><\/p><p><span style=\"color: #000000;\">ul. Dobkiewicza 6, 27-600 Sandomierz<\/span><\/p><p><span style=\"font-size: 16px; color: #000000;\">Numer konta bankowego parafii:<\/span><\/p><p><span style=\"font-size: 16px; color: #000000;\">24 1240 2786 1111 0000 3690 2066<\/span><\/p><p><span style=\"font-size: 16px; color: #000000;\">\u00a0<\/span><\/p><hr \/><p><span style=\"color: #000000;\">W razie wszelkich pyta\u0144 prosimy o kontakt e-mailowy lub telefoniczny:\u00a0<\/span><\/p><p><span style=\"color: #000000;\"><em><a style=\"color: #000000;\" href=\"mailto:parafiapallotyni@gmail.com\">parafiapallotyni@gmail.com<\/a><\/em><\/span><\/p><p><span style=\"color: #000000;\">tel. 15 832 86 49\u00a0<\/span><\/p>\t\t\t\t\t\t<\/div>\n\t\t\t\t<\/div>\n\t\t\t\t\t<\/div>\n\t\t<\/div>\n\t\t\t\t\t<\/div>\n\t\t<\/section>\n\t\t\t\t<\/div>\n\t\t","protected":false},"excerpt":{"rendered":"<p>Informacja o rodzajach przyjmowanych intencji w naszym ko\u015bciele i mo\u017cliwo\u015bci ich zamawiania. W Ko\u015bciele istnieje bardzo wielka r\u00f3\u017cnorodno\u015b\u0107 nabo\u017ce\u0144stw i modlitw. Ka\u017cde z nich ust\u0119puje jednak co do warto\u015bci Mszy \u015bwi\u0119tej. W Eucharystii bowiem uobecnia si\u0119 jedyna ofiara Chrystusa \u2013 Jezus umiera za nas, sp\u0142acaj\u0105c d\u0142ug naszych grzech\u00f3w, i przywraca nam nowe \u017cycie. Jest to wi\u0119c \u017ar\u00f3d\u0142o, z kt\u00f3rego wyp\u0142ywaj\u0105 wszystkie \u0142aski. \u00a0 Ofiarowanie Mszy \u015bwi\u0119tej w jakiej\u015b intencji to bez w\u0105tpienia najwi\u0119kszy dar duchowy, jakim mo\u017cemy kogokolwiek obdarzy\u0107. Za kogo i o co mo\u017cna si\u0119 modli\u0107 w intencji mszalnej? Ofiara Chrystusa dotyka ka\u017cdego cz\u0142owieka. Intencj\u0105 mszaln\u0105 mo\u017cna wi\u0119c obj\u0105\u0107 \u017cywych \u2013 naszych bliskich, przyjaci\u00f3\u0142, kap\u0142an\u00f3w, z okazji urodzin, jubileuszy czy wa\u017cnych wydarze\u0144 w ich \u017cyciu.Mo\u017cemy si\u0119 tak\u017ce modli\u0107 za naszych zmar\u0142ych \u2013 aby jak najszybciej mogli uczestniczy\u0107 w chwale nieba.Mo\u017cemy si\u0119 modli\u0107 tak\u017ce w intencjach og\u00f3lnych \u2013 za Ko\u015bci\u00f3\u0142, o powo\u0142ania, za Ojczyzn\u0119, o pok\u00f3j, za wszystkie rodziny. INTENCJE MSZY \u015aWI\u0118TYCH, KT\u00d3RE PRZYJMUJEMY W NASZYM KO\u015aCIELE Msze \u015awi\u0119te Wieczyste\u00a0\u2013\u00a0Dzie\u0142o Powo\u0142a\u0144 Kap\u0142a\u0144skich i Zakonnych &#8211; 3 Msze \u015awi\u0119te ka\u017cdego dnia. Sk\u0142adane ofiary przeznaczone s\u0105 na kszta\u0142cenie os\u00f3b przygotowuj\u0105cych si\u0119 do kap\u0142a\u0144stwa i \u017cycia zakonnego; Msze \u015awi\u0119te listopadowe\u00a0&#8211; Msze \u015awi\u0119te zbiorowe odprawiane w ko\u015bcio\u0142ach palloty\u0144skich\u00a0\u2013\u00a0w listopadzie codziennie sprawujemy 24 Msze \u015awi\u0119te\u00a0za zmar\u0142ych poleconej naszej modlitwie; Msze \u015awi\u0119te ku czci \u015bw. Wincentego Pallottiego\u00a0\u2013 30 Mszy \u015awi\u0119tych zbiorowych, odprawianych w ko\u015bcio\u0142ach palloty\u0144skich 22 stycznia\u00a0w Uroczysto\u015b\u0107 \u015bw. Wincentego Pallottiego, naszego Za\u0142o\u017cyciela; Msze \u015awi\u0119te majowe ku czci Matki Bo\u017cej Kr\u00f3lowej Aposto\u0142\u00f3w\u00a0\u2013 codziennie w maju w ko\u015bcio\u0142ach palloty\u0144skich sprawujemy 18 Mszy \u015awi\u0119tych\u00a0w intencjach poleconych nam przez Dobrodziej\u00f3w i Ofiarodawc\u00f3w; Msze \u015awi\u0119te indywidualne\u00a0&#8211; dzi\u0119kczynne, b\u0142agalne, imieninowe, urodzinowe (terminowe, bezterminowe) Msze \u015awi\u0119te gregoria\u0144skie \u2013 30 Mszy \u015awi\u0119tych odprawianych codziennie w intencji jednej osoby zmar\u0142ej. Msze \u015awi\u0119te zbiorowe &#8211; Msza \u015bw., podczas kt\u00f3rej jeden kap\u0142an modli si\u0119\u00a0 w r\u00f3\u017cnych intencjach (zar\u00f3wno za \u017cywych jak i zmar\u0142ych) powierzonych modlitwie na dany dzie\u0144 przez wielu ofiarodawc\u00f3w. Czy zbiorowa intencja Mszy \u015bw. jest gorsza lub mniej skuteczna? Absolutnie nie, poniewa\u017c moc Mszy \u015bw. zale\u017cy nie od liczby kap\u0142an\u00f3w, ale od Chrystusa, kt\u00f3ry ofiaruje siebie Ojcu w powierzonych intencjach. Jego ofiara ma zawsze warto\u015b\u0107 niesko\u0144czon\u0105 i moc zdoln\u0105 obj\u0105\u0107 wszystkie intencje \u015bwiata. W naszym ko\u015bciele odprawiana jest ona w ka\u017cd\u0105 \u015brod\u0119 przez wstawiennictwo Matki Bo\u017cej Fatimskiej. (formularz intencji zbiorowych) Ofiara Mszalna Przy zamawianiu intencji sk\u0142adana jest ofiara pieni\u0119\u017cna. Przeznaczona jest ona na utrzymanie ko\u015bcio\u0142a i os\u00f3b w nim pos\u0142uguj\u0105cych, w szczeg\u00f3lno\u015bci kap\u0142ana odprawiaj\u0105cego zamawian\u0105 Msz\u0119. Ofiara pieni\u0119\u017cna nie jest op\u0142at\u0105 za Msz\u0119 \u2013 kap\u0142an odprawia Msz\u0119 \u015bw. niezale\u017cnie od tej ofiary. Jej wysoko\u015b\u0107 zale\u017cy od woli i mo\u017cliwo\u015bci zamawiaj\u0105cego intencj\u0119. Ofiar\u0119 za Msz\u0119 \u015awi\u0119t\u0105 mo\u017cna: przekaza\u0107 osobi\u015bcie w zakrystii lub w kancelarii; przekazem pocztowym lub wp\u0142aci\u0107 na konto bankowe: \u00a0 Parafia Chrystusa Kr\u00f3la Jedynego Zbawiciela \u015awiata ul. Dobkiewicza 6, 27-600 Sandomierz Numer konta bankowego parafii: 24 1240 2786 1111 0000 3690 2066 \u00a0 W razie wszelkich pyta\u0144 prosimy o kontakt e-mailowy lub telefoniczny:\u00a0 parafiapallotyni@gmail.com tel. 15 832 86 49\u00a0<\/p>\n","protected":false},"author":1,"featured_media":0,"parent":0,"menu_order":0,"comment_status":"closed","ping_status":"closed","template":"","meta":{"_eb_attr":"","ngg_post_thumbnail":0,"footnotes":""},"_links":{"self":[{"href":"https:\/\/pallotynisandomierz.pl\/index.php\/wp-json\/wp\/v2\/pages\/2620"}],"collection":[{"href":"https:\/\/pallotynisandomierz.pl\/index.php\/wp-json\/wp\/v2\/pages"}],"about":[{"href":"https:\/\/pallotynisandomierz.pl\/index.php\/wp-json\/wp\/v2\/types\/page"}],"author":[{"embeddable":true,"href":"https:\/\/pallotynisandomierz.pl\/index.php\/wp-json\/wp\/v2\/users\/1"}],"replies":[{"embeddable":true,"href":"https:\/\/pallotynisandomierz.pl\/index.php\/wp-json\/wp\/v2\/comments?post=2620"}],"version-history":[{"count":34,"href":"https:\/\/pallotynisandomierz.pl\/index.php\/wp-json\/wp\/v2\/pages\/2620\/revisions"}],"predecessor-version":[{"id":4287,"href":"https:\/\/pallotynisandomierz.pl\/index.php\/wp-json\/wp\/v2\/pages\/2620\/revisions\/4287"}],"wp:attachment":[{"href":"https:\/\/pallotynisandomierz.pl\/index.php\/wp-json\/wp\/v2\/media?parent=2620"}],"curies":[{"name":"wp","href":"https:\/\/api.w.org\/{rel}","templated":true}]}}