{"id":2684,"date":"2024-02-17T15:18:59","date_gmt":"2024-02-17T14:18:59","guid":{"rendered":"https:\/\/pallotynisandomierz.pl\/?page_id=2684"},"modified":"2024-09-03T13:04:17","modified_gmt":"2024-09-03T11:04:17","slug":"zamawianie-intencji-mszalnych-online","status":"publish","type":"page","link":"https:\/\/pallotynisandomierz.pl\/index.php\/zamawianie-intencji-mszalnych-online\/","title":{"rendered":"ZAMAWIANIE INTENCJI MSZLANYCH ONLINE"},"content":{"rendered":"\t\t<div data-elementor-type=\"wp-page\" data-elementor-id=\"2684\" class=\"elementor elementor-2684\">\n\t\t\t\t\t\t<section class=\"elementor-section elementor-top-section elementor-element elementor-element-c45c465 elementor-section-boxed elementor-section-height-default elementor-section-height-default\" data-id=\"c45c465\" data-element_type=\"section\">\n\t\t\t\t\t\t<div class=\"elementor-container elementor-column-gap-default\">\n\t\t\t\t\t<div class=\"elementor-column elementor-col-100 elementor-top-column elementor-element elementor-element-0e386c4\" data-id=\"0e386c4\" data-element_type=\"column\">\n\t\t\t<div class=\"elementor-widget-wrap elementor-element-populated\">\n\t\t\t\t\t\t<div class=\"elementor-element elementor-element-7b78b00 elementor-widget elementor-widget-heading\" data-id=\"7b78b00\" data-element_type=\"widget\" data-widget_type=\"heading.default\">\n\t\t\t\t<div class=\"elementor-widget-container\">\n\t\t\t<h4 class=\"elementor-heading-title elementor-size-default\">Parafia pw. Chrystusa Kr\u00f3la Jedynego Zbawiciela \u015awiata w Sandomierzu<\/h4>\t\t<\/div>\n\t\t\t\t<\/div>\n\t\t\t\t<div class=\"elementor-element elementor-element-55e2598 elementor-widget-divider--view-line elementor-widget elementor-widget-divider\" data-id=\"55e2598\" data-element_type=\"widget\" data-widget_type=\"divider.default\">\n\t\t\t\t<div class=\"elementor-widget-container\">\n\t\t\t\t\t<div class=\"elementor-divider\">\n\t\t\t<span class=\"elementor-divider-separator\">\n\t\t\t\t\t\t<\/span>\n\t\t<\/div>\n\t\t\t\t<\/div>\n\t\t\t\t<\/div>\n\t\t\t\t\t<\/div>\n\t\t<\/div>\n\t\t\t\t\t<\/div>\n\t\t<\/section>\n\t\t\t\t<section class=\"elementor-section elementor-top-section elementor-element elementor-element-8ec2c9f elementor-section-boxed elementor-section-height-default elementor-section-height-default\" data-id=\"8ec2c9f\" data-element_type=\"section\">\n\t\t\t\t\t\t<div class=\"elementor-container elementor-column-gap-default\">\n\t\t\t\t\t<div class=\"elementor-column elementor-col-100 elementor-top-column elementor-element elementor-element-c334869\" data-id=\"c334869\" data-element_type=\"column\">\n\t\t\t<div class=\"elementor-widget-wrap elementor-element-populated\">\n\t\t\t\t\t\t<div class=\"elementor-element elementor-element-f5db53c elementor-widget elementor-widget-text-editor\" data-id=\"f5db53c\" data-element_type=\"widget\" data-widget_type=\"text-editor.default\">\n\t\t\t\t<div class=\"elementor-widget-container\">\n\t\t\t\t\t\t\t<p><span style=\"color: #000000; font-size: 16px;\">Za pomoc\u0105 poni\u017cszego formularza mo\u017cna zam\u00f3wi\u0107 intencj\u0119 mszaln\u0105 (zbiorow\u0105). Tak\u0105 Msz\u0119 odprawiamy w ka\u017cd\u0105 \u015brod\u0119 o godzinie 18:00. Wi\u0119cej o intencjach mszalnych w naszym ko\u015bciele <a style=\"color: #000000;\" href=\"https:\/\/pallotynisandomierz.pl\/index.php\/intencje-mszalne\/\">tutaj<\/a>.<\/span><\/p>\t\t\t\t\t\t<\/div>\n\t\t\t\t<\/div>\n\t\t\t\t<div class=\"elementor-element elementor-element-e7c4f58 elementor-widget-divider--view-line elementor-widget elementor-widget-divider\" data-id=\"e7c4f58\" data-element_type=\"widget\" data-widget_type=\"divider.default\">\n\t\t\t\t<div class=\"elementor-widget-container\">\n\t\t\t\t\t<div class=\"elementor-divider\">\n\t\t\t<span class=\"elementor-divider-separator\">\n\t\t\t\t\t\t<\/span>\n\t\t<\/div>\n\t\t\t\t<\/div>\n\t\t\t\t<\/div>\n\t\t\t\t\t<\/div>\n\t\t<\/div>\n\t\t\t\t\t<\/div>\n\t\t<\/section>\n\t\t\t\t<section class=\"elementor-section elementor-top-section elementor-element elementor-element-774233f elementor-section-boxed elementor-section-height-default elementor-section-height-default\" data-id=\"774233f\" data-element_type=\"section\">\n\t\t\t\t\t\t<div class=\"elementor-container elementor-column-gap-default\">\n\t\t\t\t\t<div class=\"elementor-column elementor-col-100 elementor-top-column elementor-element elementor-element-befac63\" data-id=\"befac63\" data-element_type=\"column\">\n\t\t\t<div class=\"elementor-widget-wrap elementor-element-populated\">\n\t\t\t\t\t\t<div class=\"elementor-element elementor-element-c8a2e6b elementor-widget elementor-widget-text-editor\" data-id=\"c8a2e6b\" data-element_type=\"widget\" data-widget_type=\"text-editor.default\">\n\t\t\t\t<div class=\"elementor-widget-container\">\n\t\t\t\t\t\t\t<p><span style=\"font-size: 16px; color: #000000;\"><strong>Ofiar\u0119 za Msz\u0119 \u015awi\u0119t\u0105 mo\u017cna:<\/strong><\/span><\/p><ul><li><span style=\"font-size: 16px; color: #000000;\">przekaza\u0107 osobi\u015bcie w zakrystii lub w kancelarii;<\/span><\/li><li><span style=\"font-size: 16px; color: #000000;\">przekazem pocztowym lub wp\u0142aci\u0107 na konto bankowe:<\/span><\/li><\/ul>\t\t\t\t\t\t<\/div>\n\t\t\t\t<\/div>\n\t\t\t\t<div class=\"elementor-element elementor-element-a4b29d2 elementor-widget-divider--view-line elementor-widget elementor-widget-divider\" data-id=\"a4b29d2\" data-element_type=\"widget\" data-widget_type=\"divider.default\">\n\t\t\t\t<div class=\"elementor-widget-container\">\n\t\t\t\t\t<div class=\"elementor-divider\">\n\t\t\t<span class=\"elementor-divider-separator\">\n\t\t\t\t\t\t<\/span>\n\t\t<\/div>\n\t\t\t\t<\/div>\n\t\t\t\t<\/div>\n\t\t\t\t\t<\/div>\n\t\t<\/div>\n\t\t\t\t\t<\/div>\n\t\t<\/section>\n\t\t\t\t<section class=\"elementor-section elementor-top-section elementor-element elementor-element-0c9578d elementor-section-boxed elementor-section-height-default elementor-section-height-default\" data-id=\"0c9578d\" data-element_type=\"section\">\n\t\t\t\t\t\t<div class=\"elementor-container elementor-column-gap-default\">\n\t\t\t\t\t<div class=\"elementor-column elementor-col-100 elementor-top-column elementor-element elementor-element-731b5c0\" data-id=\"731b5c0\" data-element_type=\"column\">\n\t\t\t<div class=\"elementor-widget-wrap elementor-element-populated\">\n\t\t\t\t\t\t<div class=\"elementor-element elementor-element-a9fb023 elementor-widget elementor-widget-shortcode\" data-id=\"a9fb023\" data-element_type=\"widget\" data-widget_type=\"shortcode.default\">\n\t\t\t\t<div class=\"elementor-widget-container\">\n\t\t\t\t\t<div class=\"elementor-shortcode\"><div class=\"forminator-ui forminator-custom-form forminator-custom-form-2581 forminator-design--material  forminator_ajax\" data-forminator-render=\"0\" data-form=\"forminator-module-2581\" data-uid=\"69dbf114cdc89\"><br\/><\/div><form\n\t\t\t\tid=\"forminator-module-2581\"\n\t\t\t\tclass=\"forminator-ui forminator-custom-form forminator-custom-form-2581 forminator-design--material  forminator_ajax\"\n\t\t\t\tmethod=\"post\"\n\t\t\t\tdata-forminator-render=\"0\"\n\t\t\t\tdata-form-id=\"2581\"\n\t\t\t\t\n\t\t\t\tdata-design=\"material\"\n\t\t\t\t\n\t\t\t\t\n\t\t\t\t\n\t\t\t\tdata-grid=\"open\"\n\t\t\t\t\n\t\t\t\t\n\t\t\t\tstyle=\"display: none;\"\n\t\t\t\t\n\t\t\t\tdata-uid=\"69dbf114cdc89\"\n\t\t\t><div role=\"alert\" aria-live=\"polite\" class=\"forminator-response-message forminator-error\" aria-hidden=\"true\"><\/div><div class=\"forminator-row\"><div id=\"name-1\" class=\"forminator-field-name forminator-col forminator-col-12 \"><div class=\"forminator-field\"><label for=\"forminator-field-name-1_69dbf114cdc89\" id=\"forminator-field-name-1_69dbf114cdc89-label\" class=\"forminator-label\">Imi\u0119 i nazwisko zamawiaj\u0105cego <span class=\"forminator-required\">*<\/span><\/label><input type=\"text\" name=\"name-1\" value=\"\" placeholder=\"Na przyk\u0142ad: Jan Kowalski\" id=\"forminator-field-name-1_69dbf114cdc89\" class=\"forminator-input forminator-name--field\" aria-required=\"true\" \/><\/div><\/div><\/div><div class=\"forminator-row\"><div id=\"email-1\" class=\"forminator-field-email forminator-col forminator-col-6 \"><div class=\"forminator-field\"><label for=\"forminator-field-email-1_69dbf114cdc89\" id=\"forminator-field-email-1_69dbf114cdc89-label\" class=\"forminator-label\">Adres e-mail <span class=\"forminator-required\">*<\/span><\/label><input type=\"email\" name=\"email-1\" value=\"\" placeholder=\"Na przyk\u0142ad: jan@kowalski.com\" id=\"forminator-field-email-1_69dbf114cdc89\" class=\"forminator-input forminator-email--field\" data-required=\"1\" aria-required=\"true\" \/><\/div><\/div><div id=\"phone-1\" class=\"forminator-field-phone forminator-col forminator-col-6 \"><div class=\"forminator-field\"><label for=\"forminator-field-phone-1_69dbf114cdc89\" id=\"forminator-field-phone-1_69dbf114cdc89-label\" class=\"forminator-label\">Numer telefonu <span class=\"forminator-required\">*<\/span><\/label><input type=\"text\" name=\"phone-1\" value=\"\" placeholder=\"Przyk\u0142ad: +48 300 400 5000\" id=\"forminator-field-phone-1_69dbf114cdc89\" class=\"forminator-input forminator-field--phone\" data-required=\"1\" aria-required=\"true\" autocomplete=\"off\" \/><\/div><\/div><\/div><div class=\"forminator-row\"><div id=\"textarea-1\" class=\"forminator-field-textarea forminator-col forminator-col-12 \"><div class=\"forminator-field\"><label for=\"forminator-field-textarea-1_69dbf114cdc89\" id=\"forminator-field-textarea-1_69dbf114cdc89-label\" class=\"forminator-label\">Tre\u015b\u0107 intencji <span class=\"forminator-required\">*<\/span><\/label><textarea name=\"textarea-1\" placeholder=\"Na przyk\u0142ad:  Za \u015bp. Jana Kowalskiego, Ann\u0119 Kowalsk\u0105\nlub O Bo\u017ce b\u0142ogos\u0142awie\u0144stwo z okazji.....\" id=\"forminator-field-textarea-1_69dbf114cdc89\" class=\"forminator-textarea\" rows=\"6\" style=\"min-height:140px;\" ><\/textarea><\/div><\/div><\/div><div class=\"forminator-row\"><div id=\"select-1\" class=\"forminator-field-select forminator-col forminator-col-6 \"><div class=\"forminator-field\"><label for=\"forminator-form-2581__field--select-1_69dbf114cdc89\" id=\"forminator-form-2581__field--select-1_69dbf114cdc89-label\" class=\"forminator-label\">OFIARA <span class=\"forminator-required\">*<\/span><\/label><select id=\"forminator-form-2581__field--select-1_69dbf114cdc89\" class=\"forminator-select--field forminator-select2\" data-required=\"1\" name=\"select-1\" data-default-value=\"\" data-hidden-behavior=\"zero\" data-placeholder=\"Wybierz kwot\u0119\" data-search=\"false\" aria-labelledby=\"forminator-form-2581__field--select-1_69dbf114cdc89-label\" aria-describedby=\"forminator-form-2581__field--select-1_69dbf114cdc89-description\"><option value=\"\">Wybierz kwot\u0119<\/option><option value=\"one\"  data-calculation=\"0\">10 PLN<\/option><option value=\"two\"  data-calculation=\"0\">20 PLN<\/option><option value=\"50-PLN\"  data-calculation=\"0\">50 PLN<\/option><option value=\"100-PLN\"  data-calculation=\"0\">100 PLN<\/option><option value=\"Inna-kwota\"  data-calculation=\"0\">Inna kwota<\/option><\/select><\/div><\/div><div id=\"currency-1\" class=\"forminator-field-currency forminator-col forminator-col-6 \"><div class=\"forminator-field\"><label for=\"forminator-field-currency-1_69dbf114cdc89\" id=\"forminator-field-currency-1_69dbf114cdc89-label\" class=\"forminator-label\">Inna kwota <span class=\"forminator-required\">*<\/span><\/label><div class=\"forminator-input-with-suffix\"><input name=\"currency-1\" value=\"\" placeholder=\"Np. 10\" id=\"forminator-field-currency-1_69dbf114cdc89\" class=\"forminator-input forminator-currency\" data-required=\"1\" aria-required=\"1\" data-decimals=\"2\" data-inputmask=\"&#039;groupSeparator&#039;: &#039;&#039;, &#039;radixPoint&#039;: &#039;.&#039;, &#039;digits&#039;: &#039;2&#039;\" data-hidden-behavior=\"zero\" type=\"number\" step=\"any\" \/><span class=\"forminator-suffix\">PLN<\/span><\/div><\/div><\/div><\/div><div class=\"forminator-row\"><div id=\"date-1\" class=\"forminator-field-date forminator-col forminator-col-12 \"><div class=\"forminator-field\"><label for=\"forminator-field-date-1-picker_69dbf114cdc89\" id=\"forminator-field-date-1-picker_69dbf114cdc89-label\" class=\"forminator-label\">Data <span class=\"forminator-required\">*<\/span><\/label><div class=\"forminator-input-with-icon\"><label for=\"forminator-field-date-1-picker_69dbf114cdc89\"><span class=\"forminator-icon-calendar\" aria-hidden=\"true\"><\/span><\/label><input autocomplete=\"off\" type=\"text\" size=\"1\" name=\"date-1\" value=\"\" placeholder=\"Wybierz dat\u0119\" id=\"forminator-field-date-1-picker_69dbf114cdc89\" class=\"forminator-input forminator-datepicker\" data-required=\"1\" data-format=\"mm\/dd\/yy\" data-restrict-type=\"week\" data-restrict=\"0,1,2,4,5,6\" data-start-year=\"1926\" data-end-year=\"2126\" data-past-dates=\"enable\" data-start-of-week=\"1\" data-start-date=\"\" data-end-date=\"\" data-start-field=\"\" data-end-field=\"\" data-start-offset=\"\" data-end-offset=\"\" data-disable-date=\"02\/14\/2024,02\/21\/2024,02\/28\/2024,03\/06\/2024,03\/13\/2024,03\/20\/2024,03\/27\/2024,04\/10\/2024,04\/17\/2024,04\/24\/2024,05\/08\/2024,05\/15\/2024,05\/22\/2024,05\/29\/2024,06\/12\/2024,06\/19\/2024,06\/26\/2024,07\/10\/2024,07\/17\/2024,07\/24\/2024,07\/31\/2024,08\/14\/2024,08\/21\/2024,08\/28\/2024,02\/07\/2024\" data-disable-range=\"\" \/><\/div><\/div><\/div><\/div><div class=\"forminator-row\"><div id=\"checkbox-1\" class=\"forminator-field-checkbox forminator-col forminator-col-12 \"><div role=\"group\" class=\"forminator-field required\" aria-labelledby=\"forminator-checkbox-group-69dbf114cdc89-label\"><label id=\"forminator-field-checkbox-1-1-69dbf114cdc89-label\" for=\"forminator-field-checkbox-1-1-69dbf114cdc89\" class=\"forminator-checkbox\" title=\"* Akceptuj\u0119  &lt;div class=&quot;intentions__rules&quot;&gt;&lt;label&gt;&lt;a href=&quot;https:\/\/pallotynisandomierz.pl\/index.php\/zasady-zglaszania-intencji\/&quot; target=&quot;_blank&quot; rel=&quot;nofollow noopener&quot;&gt;zasady zg\u0142aszania intencji&lt;\/a&gt; &lt;\/label&gt;&lt;\/div&gt;\"><input type=\"checkbox\" name=\"checkbox-1[]\" value=\"one\" id=\"forminator-field-checkbox-1-1-69dbf114cdc89\" aria-labelledby=\"forminator-field-checkbox-1-1-69dbf114cdc89-label\" data-calculation=\"0\"   data-hidden-behavior=\"zero\" aria-describedby=\"forminator-field-checkbox-1-69dbf114cdc89-description\"\/><span class=\"forminator-checkbox-box\" aria-hidden=\"true\"><\/span><span class=\"forminator-checkbox-label\">* Akceptuj\u0119  <div class=\"intentions__rules\"><label><a href=\"https:\/\/pallotynisandomierz.pl\/index.php\/zasady-zglaszania-intencji\/\" target=\"_blank\" rel=\"nofollow noopener\">zasady zg\u0142aszania intencji<\/a> <\/label><\/div><\/span><\/label><\/div><\/div><\/div><input type=\"hidden\" name=\"referer_url\" value=\"\" \/><div class=\"forminator-row forminator-row-last\"><div class=\"forminator-col\"><div class=\"forminator-field\"><button class=\"forminator-button forminator-button-submit\"><span>Wy\u015blij wiadomo\u015b\u0107<\/span><span aria-hidden=\"true\"><\/span><\/button><\/div><\/div><\/div><input type=\"hidden\" id=\"forminator_nonce\" name=\"forminator_nonce\" value=\"3ad49fd497\" \/><input type=\"hidden\" name=\"_wp_http_referer\" value=\"\/index.php\/wp-json\/wp\/v2\/pages\/2684\" \/><input type=\"hidden\" name=\"form_id\" value=\"2581\"><input type=\"hidden\" name=\"page_id\" value=\"2684\"><input type=\"hidden\" name=\"form_type\" value=\"default\"><input type=\"hidden\" name=\"current_url\" value=\"https:\/\/pallotynisandomierz.pl\/index.php\/zamawianie-intencji-mszalnych-online\/\"><input type=\"hidden\" name=\"render_id\" value=\"0\"><input type=\"hidden\" name=\"action\" value=\"forminator_submit_form_custom-forms\"><\/form><\/div>\n\t\t\t\t<\/div>\n\t\t\t\t<\/div>\n\t\t\t\t<div class=\"elementor-element elementor-element-ab05cb8 elementor-widget-divider--view-line elementor-widget elementor-widget-divider\" data-id=\"ab05cb8\" data-element_type=\"widget\" data-widget_type=\"divider.default\">\n\t\t\t\t<div class=\"elementor-widget-container\">\n\t\t\t\t\t<div class=\"elementor-divider\">\n\t\t\t<span class=\"elementor-divider-separator\">\n\t\t\t\t\t\t<\/span>\n\t\t<\/div>\n\t\t\t\t<\/div>\n\t\t\t\t<\/div>\n\t\t\t\t\t<\/div>\n\t\t<\/div>\n\t\t\t\t\t<\/div>\n\t\t<\/section>\n\t\t\t\t<section class=\"elementor-section elementor-top-section elementor-element elementor-element-6d7a6e5 elementor-section-boxed elementor-section-height-default elementor-section-height-default\" data-id=\"6d7a6e5\" data-element_type=\"section\">\n\t\t\t\t\t\t<div class=\"elementor-container elementor-column-gap-default\">\n\t\t\t\t\t<div class=\"elementor-column elementor-col-100 elementor-top-column elementor-element elementor-element-58b7c93\" data-id=\"58b7c93\" data-element_type=\"column\">\n\t\t\t<div class=\"elementor-widget-wrap elementor-element-populated\">\n\t\t\t\t\t\t<div class=\"elementor-element elementor-element-f9fe920 elementor-widget elementor-widget-text-editor\" data-id=\"f9fe920\" data-element_type=\"widget\" data-widget_type=\"text-editor.default\">\n\t\t\t\t<div class=\"elementor-widget-container\">\n\t\t\t\t\t\t\t<h5><span style=\"color: #000000;\">Numer konta bankowego: <strong>24 1240 2786 1111 0000 3690 2066<\/strong><\/span><\/h5><p><span style=\"color: #000000;\">TYTU\u0141 WP\u0141ATY: INTENCJA MSZALNA + DATA I\u00a0GODZINA MSZY \u015aWI\u0118TEJ<\/span><\/p><p><span style=\"color: #000000;\">Parafia Chrystusa Kr\u00f3la Jedynego Zbawiciela \u015awiata<\/span><br \/><span style=\"color: #000000;\">ul. Dobkiewicza 6, 27-600 Sandomierz<\/span><\/p>\t\t\t\t\t\t<\/div>\n\t\t\t\t<\/div>\n\t\t\t\t\t<\/div>\n\t\t<\/div>\n\t\t\t\t\t<\/div>\n\t\t<\/section>\n\t\t\t\t<\/div>\n\t\t","protected":false},"excerpt":{"rendered":"<p>Parafia pw. Chrystusa Kr\u00f3la Jedynego Zbawiciela \u015awiata w Sandomierzu Za pomoc\u0105 poni\u017cszego formularza mo\u017cna zam\u00f3wi\u0107 intencj\u0119 mszaln\u0105 (zbiorow\u0105). Tak\u0105 Msz\u0119 odprawiamy w ka\u017cd\u0105 \u015brod\u0119 o godzinie 18:00. Wi\u0119cej o intencjach mszalnych w naszym ko\u015bciele tutaj. Ofiar\u0119 za Msz\u0119 \u015awi\u0119t\u0105 mo\u017cna: przekaza\u0107 osobi\u015bcie w zakrystii lub w kancelarii; przekazem pocztowym lub wp\u0142aci\u0107 na konto bankowe: Numer konta bankowego: 24 1240 2786 1111 0000 3690 2066 TYTU\u0141 WP\u0141ATY: INTENCJA MSZALNA + DATA I\u00a0GODZINA MSZY \u015aWI\u0118TEJ Parafia Chrystusa Kr\u00f3la Jedynego Zbawiciela \u015awiataul. Dobkiewicza 6, 27-600 Sandomierz<\/p>\n","protected":false},"author":1,"featured_media":0,"parent":0,"menu_order":0,"comment_status":"closed","ping_status":"closed","template":"","meta":{"_eb_attr":"","ngg_post_thumbnail":0,"footnotes":""},"_links":{"self":[{"href":"https:\/\/pallotynisandomierz.pl\/index.php\/wp-json\/wp\/v2\/pages\/2684"}],"collection":[{"href":"https:\/\/pallotynisandomierz.pl\/index.php\/wp-json\/wp\/v2\/pages"}],"about":[{"href":"https:\/\/pallotynisandomierz.pl\/index.php\/wp-json\/wp\/v2\/types\/page"}],"author":[{"embeddable":true,"href":"https:\/\/pallotynisandomierz.pl\/index.php\/wp-json\/wp\/v2\/users\/1"}],"replies":[{"embeddable":true,"href":"https:\/\/pallotynisandomierz.pl\/index.php\/wp-json\/wp\/v2\/comments?post=2684"}],"version-history":[{"count":34,"href":"https:\/\/pallotynisandomierz.pl\/index.php\/wp-json\/wp\/v2\/pages\/2684\/revisions"}],"predecessor-version":[{"id":4284,"href":"https:\/\/pallotynisandomierz.pl\/index.php\/wp-json\/wp\/v2\/pages\/2684\/revisions\/4284"}],"wp:attachment":[{"href":"https:\/\/pallotynisandomierz.pl\/index.php\/wp-json\/wp\/v2\/media?parent=2684"}],"curies":[{"name":"wp","href":"https:\/\/api.w.org\/{rel}","templated":true}]}}