{"id":28,"date":"2019-07-31T20:28:20","date_gmt":"2019-07-31T18:28:20","guid":{"rendered":"http:\/\/pallotynisandomierz.pl\/?page_id=28"},"modified":"2025-11-28T16:29:12","modified_gmt":"2025-11-28T15:29:12","slug":"duszpasterze","status":"publish","type":"page","link":"https:\/\/pallotynisandomierz.pl\/index.php\/duszpasterze\/","title":{"rendered":"DUSZPASTERZE"},"content":{"rendered":"\t\t<div data-elementor-type=\"wp-page\" data-elementor-id=\"28\" class=\"elementor elementor-28\">\n\t\t\t\t\t\t<section class=\"elementor-section elementor-top-section elementor-element elementor-element-50e1f50d elementor-section-boxed elementor-section-height-default elementor-section-height-default\" data-id=\"50e1f50d\" data-element_type=\"section\">\n\t\t\t\t\t\t<div class=\"elementor-container elementor-column-gap-default\">\n\t\t\t\t\t<div class=\"elementor-column elementor-col-100 elementor-top-column elementor-element elementor-element-262e011a\" data-id=\"262e011a\" data-element_type=\"column\">\n\t\t\t<div class=\"elementor-widget-wrap elementor-element-populated\">\n\t\t\t\t\t\t<div class=\"elementor-element elementor-element-566e4352 elementor-widget elementor-widget-text-editor\" data-id=\"566e4352\" data-element_type=\"widget\" data-widget_type=\"text-editor.default\">\n\t\t\t\t<div class=\"elementor-widget-container\">\n\t\t\t\t\t\t\t<p><!-- wp:paragraph --><\/p>\n<p><strong>ks. \u00a0Grzegorz Dudek SAC<\/strong> &#8211; rektor domu, proboszcz, ojciec duchowny dekanatu (od 2017r.)<\/p>\n<p><!-- \/wp:paragraph --><\/p>\n<p><!-- wp:paragraph --><\/p>\n<p><strong>ks. Tadeusz Paw\u0142owski SAC<\/strong> &#8211; wicerektor domu, kapelan szpitala, diecezjalny duszpasterz S\u0142u\u017cby Zdrowia (od 1998r.)<\/p>\n<p><!-- \/wp:paragraph --><\/p>\n<p><!-- wp:paragraph --><\/p>\n<p><strong>ks. Sebastian Ko\u0142odziejski SAC<\/strong> &#8211; wikariusz, opiekun wsp\u00f3lnoty &#8220;Przyjaciele Oblubie\u0144ca&#8221;, opiekun ministrant\u00f3w, odpowiedzialny za przygotowanie do I Komunii \u015awi\u0119tej i do Sakramentu Bierzmowania (od 2024r.)<\/p>\n<p><b>ks. Zbigniew Wasi\u0144ski SAC<\/b> &#8211; duszpasterz (od 2023r.)<\/p>\n<p><!-- \/wp:paragraph --><\/p>\n<p><!-- wp:paragraph --><\/p>\n<p><!-- \/wp:paragraph --><\/p>\t\t\t\t\t\t<\/div>\n\t\t\t\t<\/div>\n\t\t\t\t\t<\/div>\n\t\t<\/div>\n\t\t\t\t\t<\/div>\n\t\t<\/section>\n\t\t\t\t<\/div>\n\t\t","protected":false},"excerpt":{"rendered":"<p>ks. \u00a0Grzegorz Dudek SAC &#8211; rektor domu, proboszcz, ojciec duchowny dekanatu (od 2017r.) ks. Tadeusz Paw\u0142owski SAC &#8211; wicerektor domu, kapelan szpitala, diecezjalny duszpasterz S\u0142u\u017cby Zdrowia (od 1998r.) ks. Sebastian Ko\u0142odziejski SAC &#8211; wikariusz, opiekun wsp\u00f3lnoty &#8220;Przyjaciele Oblubie\u0144ca&#8221;, opiekun ministrant\u00f3w, odpowiedzialny za przygotowanie do I Komunii \u015awi\u0119tej i do Sakramentu Bierzmowania (od 2024r.) ks. Zbigniew Wasi\u0144ski SAC &#8211; duszpasterz (od 2023r.)<\/p>\n","protected":false},"author":1,"featured_media":0,"parent":0,"menu_order":0,"comment_status":"closed","ping_status":"closed","template":"","meta":{"_eb_attr":"","ngg_post_thumbnail":0,"footnotes":""},"_links":{"self":[{"href":"https:\/\/pallotynisandomierz.pl\/index.php\/wp-json\/wp\/v2\/pages\/28"}],"collection":[{"href":"https:\/\/pallotynisandomierz.pl\/index.php\/wp-json\/wp\/v2\/pages"}],"about":[{"href":"https:\/\/pallotynisandomierz.pl\/index.php\/wp-json\/wp\/v2\/types\/page"}],"author":[{"embeddable":true,"href":"https:\/\/pallotynisandomierz.pl\/index.php\/wp-json\/wp\/v2\/users\/1"}],"replies":[{"embeddable":true,"href":"https:\/\/pallotynisandomierz.pl\/index.php\/wp-json\/wp\/v2\/comments?post=28"}],"version-history":[{"count":34,"href":"https:\/\/pallotynisandomierz.pl\/index.php\/wp-json\/wp\/v2\/pages\/28\/revisions"}],"predecessor-version":[{"id":5682,"href":"https:\/\/pallotynisandomierz.pl\/index.php\/wp-json\/wp\/v2\/pages\/28\/revisions\/5682"}],"wp:attachment":[{"href":"https:\/\/pallotynisandomierz.pl\/index.php\/wp-json\/wp\/v2\/media?parent=28"}],"curies":[{"name":"wp","href":"https:\/\/api.w.org\/{rel}","templated":true}]}}