{"id":305,"date":"2019-11-15T13:42:23","date_gmt":"2019-11-15T12:42:23","guid":{"rendered":"http:\/\/pallotynisandomierz.pl\/?page_id=305"},"modified":"2024-09-03T15:36:09","modified_gmt":"2024-09-03T13:36:09","slug":"ministranci","status":"publish","type":"page","link":"https:\/\/pallotynisandomierz.pl\/index.php\/ministranci\/","title":{"rendered":"MINISTRANCI"},"content":{"rendered":"\t\t<div data-elementor-type=\"wp-page\" data-elementor-id=\"305\" class=\"elementor elementor-305\">\n\t\t\t\t\t\t<section class=\"elementor-section elementor-top-section elementor-element elementor-element-335a43e elementor-section-boxed elementor-section-height-default elementor-section-height-default\" data-id=\"335a43e\" data-element_type=\"section\">\n\t\t\t\t\t\t<div class=\"elementor-container elementor-column-gap-default\">\n\t\t\t\t\t<div class=\"elementor-column elementor-col-50 elementor-top-column elementor-element elementor-element-423cf72\" data-id=\"423cf72\" data-element_type=\"column\">\n\t\t\t<div class=\"elementor-widget-wrap elementor-element-populated\">\n\t\t\t\t\t\t<div class=\"elementor-element elementor-element-c193333 elementor-widget elementor-widget-image\" data-id=\"c193333\" data-element_type=\"widget\" data-widget_type=\"image.default\">\n\t\t\t\t<div class=\"elementor-widget-container\">\n\t\t\t\t\t\t\t\t\t\t\t\t\t<img fetchpriority=\"high\" decoding=\"async\" width=\"724\" height=\"1024\" src=\"https:\/\/pallotynisandomierz.pl\/wp-content\/uploads\/2022\/10\/3-724x1024.png\" class=\"attachment-large size-large wp-image-1701\" alt=\"\" srcset=\"https:\/\/pallotynisandomierz.pl\/wp-content\/uploads\/2022\/10\/3-724x1024.png 724w, https:\/\/pallotynisandomierz.pl\/wp-content\/uploads\/2022\/10\/3-600x849.png 600w, https:\/\/pallotynisandomierz.pl\/wp-content\/uploads\/2022\/10\/3-212x300.png 212w, https:\/\/pallotynisandomierz.pl\/wp-content\/uploads\/2022\/10\/3-768x1086.png 768w, https:\/\/pallotynisandomierz.pl\/wp-content\/uploads\/2022\/10\/3-1086x1536.png 1086w, https:\/\/pallotynisandomierz.pl\/wp-content\/uploads\/2022\/10\/3-1448x2048.png 1448w, https:\/\/pallotynisandomierz.pl\/wp-content\/uploads\/2022\/10\/3.png 1587w\" sizes=\"(max-width: 724px) 100vw, 724px\" \/>\t\t\t\t\t\t\t\t\t\t\t\t\t<\/div>\n\t\t\t\t<\/div>\n\t\t\t\t\t<\/div>\n\t\t<\/div>\n\t\t\t\t<div class=\"elementor-column elementor-col-50 elementor-top-column elementor-element elementor-element-332a2d9\" data-id=\"332a2d9\" data-element_type=\"column\">\n\t\t\t<div class=\"elementor-widget-wrap elementor-element-populated\">\n\t\t\t\t\t\t<div class=\"elementor-element elementor-element-cb573ee elementor-widget elementor-widget-text-editor\" data-id=\"cb573ee\" data-element_type=\"widget\" data-widget_type=\"text-editor.default\">\n\t\t\t\t<div class=\"elementor-widget-container\">\n\t\t\t\t\t\t\t<p>O LSO u pallotyn\u00f3w<\/p><p>Opiekun LSO: ks. Sebastian Ko\u0142odziejski SAC<\/p>\t\t\t\t\t\t<\/div>\n\t\t\t\t<\/div>\n\t\t\t\t\t<\/div>\n\t\t<\/div>\n\t\t\t\t\t<\/div>\n\t\t<\/section>\n\t\t\t\t<section class=\"elementor-section elementor-top-section elementor-element elementor-element-e85212b elementor-section-boxed elementor-section-height-default elementor-section-height-default\" data-id=\"e85212b\" data-element_type=\"section\">\n\t\t\t\t\t\t<div class=\"elementor-container elementor-column-gap-default\">\n\t\t\t\t\t<div class=\"elementor-column elementor-col-100 elementor-top-column elementor-element elementor-element-27be4fc\" data-id=\"27be4fc\" data-element_type=\"column\">\n\t\t\t<div class=\"elementor-widget-wrap elementor-element-populated\">\n\t\t\t\t\t\t<div class=\"elementor-element elementor-element-f421eed elementor-widget elementor-widget-text-editor\" data-id=\"f421eed\" data-element_type=\"widget\" data-widget_type=\"text-editor.default\">\n\t\t\t\t<div class=\"elementor-widget-container\">\n\t\t\t\t\t\t\t<p>Jak w ka\u017cdej parafii, tak i w naszej istnieje grupa ch\u0142opak\u00f3w (i m\u0119\u017cczyzn), kt\u00f3rzy anga\u017cuj\u0105 si\u0119 w s\u0142u\u017cb\u0119 liturgiczn\u0105 podczas Mszy \u015bwi\u0119tych, nabo\u017ce\u0144stw i uroczysto\u015bci. Jest to wyraz wiary i s\u0142u\u017cba samemu Bogu, z kt\u00f3rym spotykamy si\u0119 przez liturgi\u0119.<\/p>\t\t\t\t\t\t<\/div>\n\t\t\t\t<\/div>\n\t\t\t\t\t<\/div>\n\t\t<\/div>\n\t\t\t\t\t<\/div>\n\t\t<\/section>\n\t\t\t\t<section class=\"elementor-section elementor-top-section elementor-element elementor-element-b144d54 elementor-section-boxed elementor-section-height-default elementor-section-height-default\" data-id=\"b144d54\" data-element_type=\"section\">\n\t\t\t\t\t\t<div class=\"elementor-container elementor-column-gap-default\">\n\t\t\t\t\t<div class=\"elementor-column elementor-col-50 elementor-top-column elementor-element elementor-element-b7da83b\" data-id=\"b7da83b\" data-element_type=\"column\">\n\t\t\t<div class=\"elementor-widget-wrap elementor-element-populated\">\n\t\t\t\t\t\t<div class=\"elementor-element elementor-element-fc62577 elementor-widget elementor-widget-image\" data-id=\"fc62577\" data-element_type=\"widget\" data-widget_type=\"image.default\">\n\t\t\t\t<div class=\"elementor-widget-container\">\n\t\t\t\t\t\t\t\t\t\t\t\t\t<img decoding=\"async\" width=\"678\" height=\"1024\" src=\"https:\/\/pallotynisandomierz.pl\/wp-content\/uploads\/2024\/04\/434429146_454093860464894_8955905638510899010_n-678x1024.jpg\" class=\"attachment-large size-large wp-image-3851\" alt=\"\" srcset=\"https:\/\/pallotynisandomierz.pl\/wp-content\/uploads\/2024\/04\/434429146_454093860464894_8955905638510899010_n-678x1024.jpg 678w, https:\/\/pallotynisandomierz.pl\/wp-content\/uploads\/2024\/04\/434429146_454093860464894_8955905638510899010_n-199x300.jpg 199w, https:\/\/pallotynisandomierz.pl\/wp-content\/uploads\/2024\/04\/434429146_454093860464894_8955905638510899010_n-768x1160.jpg 768w, https:\/\/pallotynisandomierz.pl\/wp-content\/uploads\/2024\/04\/434429146_454093860464894_8955905638510899010_n-1017x1536.jpg 1017w, https:\/\/pallotynisandomierz.pl\/wp-content\/uploads\/2024\/04\/434429146_454093860464894_8955905638510899010_n-1140x1722.jpg 1140w, https:\/\/pallotynisandomierz.pl\/wp-content\/uploads\/2024\/04\/434429146_454093860464894_8955905638510899010_n-600x906.jpg 600w, https:\/\/pallotynisandomierz.pl\/wp-content\/uploads\/2024\/04\/434429146_454093860464894_8955905638510899010_n.jpg 1356w\" sizes=\"(max-width: 678px) 100vw, 678px\" \/>\t\t\t\t\t\t\t\t\t\t\t\t\t<\/div>\n\t\t\t\t<\/div>\n\t\t\t\t\t<\/div>\n\t\t<\/div>\n\t\t\t\t<div class=\"elementor-column elementor-col-50 elementor-top-column elementor-element elementor-element-f67fe3d\" data-id=\"f67fe3d\" data-element_type=\"column\">\n\t\t\t<div class=\"elementor-widget-wrap elementor-element-populated\">\n\t\t\t\t\t\t<div class=\"elementor-element elementor-element-f5d38a4 elementor-widget elementor-widget-text-editor\" data-id=\"f5d38a4\" data-element_type=\"widget\" data-widget_type=\"text-editor.default\">\n\t\t\t\t<div class=\"elementor-widget-container\">\n\t\t\t\t\t\t\t<p>*formacja LSO ma wiele wymiar\u00f3w: liturgiczny, rekreacyjny (np. wsp\u00f3lne robienie pizzy), sportowy (kilka wyjazd\u00f3w w roku na zawody halowe w pi\u0142k\u0119 no\u017cn\u0105), wyjazdowy (np. w g\u00f3ry)<\/p>\t\t\t\t\t\t<\/div>\n\t\t\t\t<\/div>\n\t\t\t\t\t<\/div>\n\t\t<\/div>\n\t\t\t\t\t<\/div>\n\t\t<\/section>\n\t\t\t\t<section class=\"elementor-section elementor-top-section elementor-element elementor-element-d57c49e elementor-section-boxed elementor-section-height-default elementor-section-height-default\" data-id=\"d57c49e\" data-element_type=\"section\">\n\t\t\t\t\t\t<div class=\"elementor-container elementor-column-gap-default\">\n\t\t\t\t\t<div class=\"elementor-column elementor-col-100 elementor-top-column elementor-element elementor-element-fe868ec\" data-id=\"fe868ec\" data-element_type=\"column\">\n\t\t\t<div class=\"elementor-widget-wrap elementor-element-populated\">\n\t\t\t\t\t\t<div class=\"elementor-element elementor-element-a6161e1 elementor-widget elementor-widget-premium-addon-fancy-text\" data-id=\"a6161e1\" data-element_type=\"widget\" data-widget_type=\"premium-addon-fancy-text.default\">\n\t\t\t\t<div class=\"elementor-widget-container\">\n\t\t\t\t\t<div class=\"premium-fancy-text-wrapper typing  \" data-settings=\"{&quot;effect&quot;:&quot;typing&quot;,&quot;strings&quot;:[&quot;ka\\u017cdym&quot;],&quot;typeSpeed&quot;:145,&quot;backSpeed&quot;:120,&quot;startDelay&quot;:30,&quot;backDelay&quot;:30,&quot;showCursor&quot;:true,&quot;cursorChar&quot;:&quot;|&quot;,&quot;loop&quot;:true,&quot;loading&quot;:&quot;&quot;}\">\r\n\t\t\t\t\t\t\t<span class=\"premium-prefix-text\">\r\n\t\t\t\t\t<span >Do\u0142\u0105czy\u0107 mo\u017cna w  <\/span>\r\n\t\t\t\t<\/span>\r\n\t\t\t\r\n\t\t\t\t\t<span id=\"premium-fancy-text-a6161e1\" class=\"premium-fancy-text\"><\/span>\r\n\t\t\t\t\t\t\t<span class=\"premium-suffix-text\">\r\n\t\t\t\t<span >wieku.<\/span>\r\n\t\t\t<\/span>\r\n\t\t\t<\/div>\r\n\t\t\t\t<\/div>\n\t\t\t\t<\/div>\n\t\t\t\t\t<\/div>\n\t\t<\/div>\n\t\t\t\t\t<\/div>\n\t\t<\/section>\n\t\t\t\t<section class=\"elementor-section elementor-top-section elementor-element elementor-element-a94a7cb elementor-section-boxed elementor-section-height-default elementor-section-height-default\" data-id=\"a94a7cb\" data-element_type=\"section\">\n\t\t\t\t\t\t<div class=\"elementor-container elementor-column-gap-default\">\n\t\t\t\t\t<div class=\"elementor-column elementor-col-100 elementor-top-column elementor-element elementor-element-96f9756\" data-id=\"96f9756\" data-element_type=\"column\">\n\t\t\t<div class=\"elementor-widget-wrap elementor-element-populated\">\n\t\t\t\t\t\t<div class=\"elementor-element elementor-element-bb6171f elementor-widget elementor-widget-text-editor\" data-id=\"bb6171f\" data-element_type=\"widget\" data-widget_type=\"text-editor.default\">\n\t\t\t\t<div class=\"elementor-widget-container\">\n\t\t\t\t\t\t\t<p style=\"text-align: center;\"><span style=\"font-size: 22px;\">Jeste\u015b ch\u0119tny, aby s\u0142u\u017cy\u0107 Bogu przy o\u0142tarzu?<\/span><\/p><p style=\"text-align: center;\"><span style=\"font-size: 22px;\">Ewentualnie chcesz, aby Twoje dziecko do\u0142\u0105czy\u0142o do Liturgicznej S\u0142u\u017cby O\u0142tarza?<\/span><\/p>\t\t\t\t\t\t<\/div>\n\t\t\t\t<\/div>\n\t\t\t\t\t<\/div>\n\t\t<\/div>\n\t\t\t\t\t<\/div>\n\t\t<\/section>\n\t\t\t\t<section class=\"elementor-section elementor-top-section elementor-element elementor-element-40fd55e elementor-section-boxed elementor-section-height-default elementor-section-height-default\" data-id=\"40fd55e\" data-element_type=\"section\">\n\t\t\t\t\t\t<div class=\"elementor-container elementor-column-gap-default\">\n\t\t\t\t\t<div class=\"elementor-column elementor-col-100 elementor-top-column elementor-element elementor-element-8c3daed\" data-id=\"8c3daed\" data-element_type=\"column\">\n\t\t\t<div class=\"elementor-widget-wrap elementor-element-populated\">\n\t\t\t\t\t\t<div class=\"elementor-element elementor-element-b096d7d elementor-widget__width-initial elementor-widget elementor-widget-image\" data-id=\"b096d7d\" data-element_type=\"widget\" data-widget_type=\"image.default\">\n\t\t\t\t<div class=\"elementor-widget-container\">\n\t\t\t\t\t\t\t\t\t\t\t\t\t<img decoding=\"async\" width=\"960\" height=\"837\" src=\"https:\/\/pallotynisandomierz.pl\/wp-content\/uploads\/2024\/04\/433909824_454093647131582_2036688915565138674_n-e1714389083802-1024x893.jpg\" class=\"attachment-large size-large wp-image-3853\" alt=\"\" srcset=\"https:\/\/pallotynisandomierz.pl\/wp-content\/uploads\/2024\/04\/433909824_454093647131582_2036688915565138674_n-e1714389083802-1024x893.jpg 1024w, https:\/\/pallotynisandomierz.pl\/wp-content\/uploads\/2024\/04\/433909824_454093647131582_2036688915565138674_n-e1714389083802-300x261.jpg 300w, https:\/\/pallotynisandomierz.pl\/wp-content\/uploads\/2024\/04\/433909824_454093647131582_2036688915565138674_n-e1714389083802-768x669.jpg 768w, https:\/\/pallotynisandomierz.pl\/wp-content\/uploads\/2024\/04\/433909824_454093647131582_2036688915565138674_n-e1714389083802-1140x994.jpg 1140w, https:\/\/pallotynisandomierz.pl\/wp-content\/uploads\/2024\/04\/433909824_454093647131582_2036688915565138674_n-e1714389083802-600x523.jpg 600w, https:\/\/pallotynisandomierz.pl\/wp-content\/uploads\/2024\/04\/433909824_454093647131582_2036688915565138674_n-e1714389083802.jpg 1355w\" sizes=\"(max-width: 960px) 100vw, 960px\" \/>\t\t\t\t\t\t\t\t\t\t\t\t\t<\/div>\n\t\t\t\t<\/div>\n\t\t\t\t\t<\/div>\n\t\t<\/div>\n\t\t\t\t\t<\/div>\n\t\t<\/section>\n\t\t\t\t<section class=\"elementor-section elementor-top-section elementor-element elementor-element-fb6e408 elementor-section-boxed elementor-section-height-default elementor-section-height-default\" data-id=\"fb6e408\" data-element_type=\"section\">\n\t\t\t\t\t\t<div class=\"elementor-container elementor-column-gap-default\">\n\t\t\t\t\t<div class=\"elementor-column elementor-col-100 elementor-top-column elementor-element elementor-element-8d7eb8d\" data-id=\"8d7eb8d\" data-element_type=\"column\">\n\t\t\t<div class=\"elementor-widget-wrap elementor-element-populated\">\n\t\t\t\t\t\t<div class=\"elementor-element elementor-element-a3795d8 elementor-widget__width-initial elementor-widget elementor-widget-text-editor\" data-id=\"a3795d8\" data-element_type=\"widget\" data-widget_type=\"text-editor.default\">\n\t\t\t\t<div class=\"elementor-widget-container\">\n\t\t\t\t\t\t\t<p style=\"text-align: center;\"><span style=\"font-size: 22px;\">Zapraszam do kontaktu na mail: <a href=\"mailto:rkucharski14@gmail.com\">sebakolo1213@gmail.com<\/a> lub do osobistej rozmowy (mo\u017cna \u0142apa\u0107 po Mszy w zakrystii).<\/span><\/p>\t\t\t\t\t\t<\/div>\n\t\t\t\t<\/div>\n\t\t\t\t\t<\/div>\n\t\t<\/div>\n\t\t\t\t\t<\/div>\n\t\t<\/section>\n\t\t\t\t<\/div>\n\t\t","protected":false},"excerpt":{"rendered":"<p>O LSO u pallotyn\u00f3w Opiekun LSO: ks. Sebastian Ko\u0142odziejski SAC Jak w ka\u017cdej parafii, tak i w naszej istnieje grupa ch\u0142opak\u00f3w (i m\u0119\u017cczyzn), kt\u00f3rzy anga\u017cuj\u0105 si\u0119 w s\u0142u\u017cb\u0119 liturgiczn\u0105 podczas Mszy \u015bwi\u0119tych, nabo\u017ce\u0144stw i uroczysto\u015bci. Jest to wyraz wiary i s\u0142u\u017cba samemu Bogu, z kt\u00f3rym spotykamy si\u0119 przez liturgi\u0119. *formacja LSO ma wiele wymiar\u00f3w: liturgiczny, rekreacyjny (np. wsp\u00f3lne robienie pizzy), sportowy (kilka wyjazd\u00f3w w roku na zawody halowe w pi\u0142k\u0119 no\u017cn\u0105), wyjazdowy (np. w g\u00f3ry) Do\u0142\u0105czy\u0107 mo\u017cna w wieku. Jeste\u015b ch\u0119tny, aby s\u0142u\u017cy\u0107 Bogu przy o\u0142tarzu? Ewentualnie chcesz, aby Twoje dziecko do\u0142\u0105czy\u0142o do Liturgicznej S\u0142u\u017cby O\u0142tarza? Zapraszam do kontaktu na mail: sebakolo1213@gmail.com lub do osobistej rozmowy (mo\u017cna \u0142apa\u0107 po Mszy w zakrystii).<\/p>\n","protected":false},"author":1,"featured_media":0,"parent":0,"menu_order":0,"comment_status":"closed","ping_status":"closed","template":"","meta":{"_eb_attr":"","ngg_post_thumbnail":0,"footnotes":""},"_links":{"self":[{"href":"https:\/\/pallotynisandomierz.pl\/index.php\/wp-json\/wp\/v2\/pages\/305"}],"collection":[{"href":"https:\/\/pallotynisandomierz.pl\/index.php\/wp-json\/wp\/v2\/pages"}],"about":[{"href":"https:\/\/pallotynisandomierz.pl\/index.php\/wp-json\/wp\/v2\/types\/page"}],"author":[{"embeddable":true,"href":"https:\/\/pallotynisandomierz.pl\/index.php\/wp-json\/wp\/v2\/users\/1"}],"replies":[{"embeddable":true,"href":"https:\/\/pallotynisandomierz.pl\/index.php\/wp-json\/wp\/v2\/comments?post=305"}],"version-history":[{"count":31,"href":"https:\/\/pallotynisandomierz.pl\/index.php\/wp-json\/wp\/v2\/pages\/305\/revisions"}],"predecessor-version":[{"id":4314,"href":"https:\/\/pallotynisandomierz.pl\/index.php\/wp-json\/wp\/v2\/pages\/305\/revisions\/4314"}],"wp:attachment":[{"href":"https:\/\/pallotynisandomierz.pl\/index.php\/wp-json\/wp\/v2\/media?parent=305"}],"curies":[{"name":"wp","href":"https:\/\/api.w.org\/{rel}","templated":true}]}}