{"id":311,"date":"2019-11-15T13:45:07","date_gmt":"2019-11-15T12:45:07","guid":{"rendered":"http:\/\/pallotynisandomierz.pl\/?page_id=311"},"modified":"2024-03-06T17:59:27","modified_gmt":"2024-03-06T16:59:27","slug":"legion-maryi","status":"publish","type":"page","link":"https:\/\/pallotynisandomierz.pl\/index.php\/legion-maryi\/","title":{"rendered":"LEGION MARYI"},"content":{"rendered":"\t\t<div data-elementor-type=\"wp-page\" data-elementor-id=\"311\" class=\"elementor elementor-311\">\n\t\t\t\t\t\t<section class=\"elementor-section elementor-top-section elementor-element elementor-element-3e15852 elementor-section-boxed elementor-section-height-default elementor-section-height-default\" data-id=\"3e15852\" data-element_type=\"section\">\n\t\t\t\t\t\t<div class=\"elementor-container elementor-column-gap-default\">\n\t\t\t\t\t<div class=\"elementor-column elementor-col-50 elementor-top-column elementor-element elementor-element-16c6365\" data-id=\"16c6365\" data-element_type=\"column\">\n\t\t\t<div class=\"elementor-widget-wrap elementor-element-populated\">\n\t\t\t\t\t\t<div class=\"elementor-element elementor-element-b92ce56 elementor-widget elementor-widget-image\" data-id=\"b92ce56\" data-element_type=\"widget\" data-widget_type=\"image.default\">\n\t\t\t\t<div class=\"elementor-widget-container\">\n\t\t\t\t\t\t\t\t\t\t\t\t\t<img fetchpriority=\"high\" decoding=\"async\" width=\"315\" height=\"512\" src=\"https:\/\/pallotynisandomierz.pl\/wp-content\/uploads\/2024\/03\/unnamed.jpg\" class=\"attachment-large size-large wp-image-3017\" alt=\"\" srcset=\"https:\/\/pallotynisandomierz.pl\/wp-content\/uploads\/2024\/03\/unnamed.jpg 315w, https:\/\/pallotynisandomierz.pl\/wp-content\/uploads\/2024\/03\/unnamed-185x300.jpg 185w\" sizes=\"(max-width: 315px) 100vw, 315px\" \/>\t\t\t\t\t\t\t\t\t\t\t\t\t<\/div>\n\t\t\t\t<\/div>\n\t\t\t\t\t<\/div>\n\t\t<\/div>\n\t\t\t\t<div class=\"elementor-column elementor-col-50 elementor-top-column elementor-element elementor-element-6561acc\" data-id=\"6561acc\" data-element_type=\"column\">\n\t\t\t<div class=\"elementor-widget-wrap elementor-element-populated\">\n\t\t\t\t\t\t<div class=\"elementor-element elementor-element-91eb0b6 elementor-widget elementor-widget-text-editor\" data-id=\"91eb0b6\" data-element_type=\"widget\" data-widget_type=\"text-editor.default\">\n\t\t\t\t<div class=\"elementor-widget-container\">\n\t\t\t\t\t\t\t<p>Legion Maryi jest stowarzyszeniem ludzi \u015bwieckich, kt\u00f3rych celem jest g\u0142oszenie chwa\u0142y Bo\u017cej, wspieranie Ko\u015bcio\u0142a na polu ewangelizacyjnym i d\u0105\u017cenie do osobistej \u015bwi\u0119to\u015bci poprzez modlitw\u0119 i prac\u0119 apostolsk\u0105 w duchu zawierzenia i pod przewodnictwem Naj\u015bwi\u0119tszej Maryi Panny.<\/p>\t\t\t\t\t\t<\/div>\n\t\t\t\t<\/div>\n\t\t\t\t\t<\/div>\n\t\t<\/div>\n\t\t\t\t\t<\/div>\n\t\t<\/section>\n\t\t\t\t<section class=\"elementor-section elementor-top-section elementor-element elementor-element-3d27b20 elementor-section-boxed elementor-section-height-default elementor-section-height-default\" data-id=\"3d27b20\" data-element_type=\"section\">\n\t\t\t\t\t\t<div class=\"elementor-container elementor-column-gap-default\">\n\t\t\t\t\t<div class=\"elementor-column elementor-col-100 elementor-top-column elementor-element elementor-element-ebde2e1\" data-id=\"ebde2e1\" data-element_type=\"column\">\n\t\t\t<div class=\"elementor-widget-wrap elementor-element-populated\">\n\t\t\t\t\t\t<div class=\"elementor-element elementor-element-858e83d elementor-widget elementor-widget-heading\" data-id=\"858e83d\" data-element_type=\"widget\" data-widget_type=\"heading.default\">\n\t\t\t\t<div class=\"elementor-widget-container\">\n\t\t\t<h4 class=\"elementor-heading-title elementor-size-default\">Spotkania Legionu Maryi w ka\u017cd\u0105 niedziel\u0119 o godzinie 9:30 w salce przy kancelarii.<\/h4>\t\t<\/div>\n\t\t\t\t<\/div>\n\t\t\t\t<div class=\"elementor-element elementor-element-17082f7 elementor-widget-divider--view-line elementor-widget elementor-widget-divider\" data-id=\"17082f7\" data-element_type=\"widget\" data-widget_type=\"divider.default\">\n\t\t\t\t<div class=\"elementor-widget-container\">\n\t\t\t\t\t<div class=\"elementor-divider\">\n\t\t\t<span class=\"elementor-divider-separator\">\n\t\t\t\t\t\t<\/span>\n\t\t<\/div>\n\t\t\t\t<\/div>\n\t\t\t\t<\/div>\n\t\t\t\t\t<\/div>\n\t\t<\/div>\n\t\t\t\t\t<\/div>\n\t\t<\/section>\n\t\t\t\t<section class=\"elementor-section elementor-top-section elementor-element elementor-element-868f9ed elementor-section-boxed elementor-section-height-default elementor-section-height-default\" data-id=\"868f9ed\" data-element_type=\"section\">\n\t\t\t\t\t\t<div class=\"elementor-container elementor-column-gap-default\">\n\t\t\t\t\t<div class=\"elementor-column elementor-col-100 elementor-top-column elementor-element elementor-element-314aafe\" data-id=\"314aafe\" data-element_type=\"column\">\n\t\t\t<div class=\"elementor-widget-wrap elementor-element-populated\">\n\t\t\t\t\t\t<div class=\"elementor-element elementor-element-bff8bc8 elementor-widget elementor-widget-text-editor\" data-id=\"bff8bc8\" data-element_type=\"widget\" data-widget_type=\"text-editor.default\">\n\t\t\t\t<div class=\"elementor-widget-container\">\n\t\t\t\t\t\t\t<p>Duch Legionu to ten sam duch jaki o\u017cywia\u0142 Maryj\u0119. Jest to duch pe\u0142nienia woli Bo\u017cej, wielkiej pokory, troskliwo\u015bci i pe\u0142nej po\u015bwi\u0119cenia mi\u0142o\u015bci, a zw\u0142aszcza Jej m\u0119\u017cnej i niewzruszonej wiary. Legion Maryi wzi\u0105\u0142 sw\u0105 nazw\u0119 od legion\u00f3w rzymskich, gdy\u017c ma by\u0107 \u2013 tak jak one \u2013 niepokonan\u0105 armi\u0105 Maryi, kt\u00f3rej sukcesy b\u0119d\u0105 w du\u017cym stopniu zale\u017ca\u0142y od niez\u0142omnego ducha legionist\u00f3w. Pomaga Maryi w doprowadzeniu wszystkich do Jej Syna. Jest armi\u0105, kt\u00f3ra zdobywa \u015bwiat dla Chrystusa przez Maryj\u0119. To zadanie pe\u0142ni od 1921 roku, to jest od czasu za\u0142o\u017cenia go przez S\u0142ug\u0119 Bo\u017cego Franciszka Duffa, Irlandczyka. S\u0105 w ojczystym domu tacy, kt\u00f3rzy \u017cyj\u0105 na co dzie\u0144 w dystansie do Boga, jakby On by\u0142 nieobecny i nie posiada\u0142 \u017cadnego wp\u0142ywu na ludzkie \u017cycie, a nawet przeszkadza\u0142 staj\u0105c na drodze ich szcz\u0119\u015bcia, rozumianego jedynie w kategoriach czysto ludzkich i ograniczonych do ziemskiego wymiaru. Legioni\u015bci Maryi &#8211; Jej czciciele, uczniowie Jezusa &#8211; maj\u0105 obowi\u0105zek zmienia\u0107 \u015bwiat, by by\u0142 bardziej ludzki i bardziej Bo\u017cy, by stawa\u0142 si\u0119 \u015bwi\u0105tyni\u0105 Bo\u017cej chwa\u0142y. Aby to uczyni\u0107 winni wpierw sami \u017cy\u0107 uczciwie i po Bo\u017cemu.<\/p>\t\t\t\t\t\t<\/div>\n\t\t\t\t<\/div>\n\t\t\t\t\t<\/div>\n\t\t<\/div>\n\t\t\t\t\t<\/div>\n\t\t<\/section>\n\t\t\t\t<section class=\"elementor-section elementor-top-section elementor-element elementor-element-e4ddbd7 elementor-section-boxed elementor-section-height-default elementor-section-height-default\" data-id=\"e4ddbd7\" data-element_type=\"section\">\n\t\t\t\t\t\t<div class=\"elementor-container elementor-column-gap-default\">\n\t\t\t\t\t<div class=\"elementor-column elementor-col-100 elementor-top-column elementor-element elementor-element-5266117\" data-id=\"5266117\" data-element_type=\"column\">\n\t\t\t<div class=\"elementor-widget-wrap elementor-element-populated\">\n\t\t\t\t\t\t<div class=\"elementor-element elementor-element-5ab8d31 elementor-widget elementor-widget-image\" data-id=\"5ab8d31\" data-element_type=\"widget\" data-widget_type=\"image.default\">\n\t\t\t\t<div class=\"elementor-widget-container\">\n\t\t\t\t\t\t\t\t\t\t\t\t\t<img decoding=\"async\" width=\"550\" height=\"386\" src=\"https:\/\/pallotynisandomierz.pl\/wp-content\/uploads\/2024\/03\/oltarzyk.jpg\" class=\"attachment-large size-large wp-image-3018\" alt=\"\" srcset=\"https:\/\/pallotynisandomierz.pl\/wp-content\/uploads\/2024\/03\/oltarzyk.jpg 550w, https:\/\/pallotynisandomierz.pl\/wp-content\/uploads\/2024\/03\/oltarzyk-300x211.jpg 300w\" sizes=\"(max-width: 550px) 100vw, 550px\" \/>\t\t\t\t\t\t\t\t\t\t\t\t\t<\/div>\n\t\t\t\t<\/div>\n\t\t\t\t\t<\/div>\n\t\t<\/div>\n\t\t\t\t\t<\/div>\n\t\t<\/section>\n\t\t\t\t<\/div>\n\t\t","protected":false},"excerpt":{"rendered":"<p>Legion Maryi jest stowarzyszeniem ludzi \u015bwieckich, kt\u00f3rych celem jest g\u0142oszenie chwa\u0142y Bo\u017cej, wspieranie Ko\u015bcio\u0142a na polu ewangelizacyjnym i d\u0105\u017cenie do osobistej \u015bwi\u0119to\u015bci poprzez modlitw\u0119 i prac\u0119 apostolsk\u0105 w duchu zawierzenia i pod przewodnictwem Naj\u015bwi\u0119tszej Maryi Panny. Spotkania Legionu Maryi w ka\u017cd\u0105 niedziel\u0119 o godzinie 9:30 w salce przy kancelarii. Duch Legionu to ten sam duch jaki o\u017cywia\u0142 Maryj\u0119. Jest to duch pe\u0142nienia woli Bo\u017cej, wielkiej pokory, troskliwo\u015bci i pe\u0142nej po\u015bwi\u0119cenia mi\u0142o\u015bci, a zw\u0142aszcza Jej m\u0119\u017cnej i niewzruszonej wiary. Legion Maryi wzi\u0105\u0142 sw\u0105 nazw\u0119 od legion\u00f3w rzymskich, gdy\u017c ma by\u0107 \u2013 tak jak one \u2013 niepokonan\u0105 armi\u0105 Maryi, kt\u00f3rej sukcesy b\u0119d\u0105 w du\u017cym stopniu zale\u017ca\u0142y od niez\u0142omnego ducha legionist\u00f3w. Pomaga Maryi w doprowadzeniu wszystkich do Jej Syna. Jest armi\u0105, kt\u00f3ra zdobywa \u015bwiat dla Chrystusa przez Maryj\u0119. To zadanie pe\u0142ni od 1921 roku, to jest od czasu za\u0142o\u017cenia go przez S\u0142ug\u0119 Bo\u017cego Franciszka Duffa, Irlandczyka. S\u0105 w ojczystym domu tacy, kt\u00f3rzy \u017cyj\u0105 na co dzie\u0144 w dystansie do Boga, jakby On by\u0142 nieobecny i nie posiada\u0142 \u017cadnego wp\u0142ywu na ludzkie \u017cycie, a nawet przeszkadza\u0142 staj\u0105c na drodze ich szcz\u0119\u015bcia, rozumianego jedynie w kategoriach czysto ludzkich i ograniczonych do ziemskiego wymiaru. Legioni\u015bci Maryi &#8211; Jej czciciele, uczniowie Jezusa &#8211; maj\u0105 obowi\u0105zek zmienia\u0107 \u015bwiat, by by\u0142 bardziej ludzki i bardziej Bo\u017cy, by stawa\u0142 si\u0119 \u015bwi\u0105tyni\u0105 Bo\u017cej chwa\u0142y. Aby to uczyni\u0107 winni wpierw sami \u017cy\u0107 uczciwie i po Bo\u017cemu.<\/p>\n","protected":false},"author":1,"featured_media":0,"parent":0,"menu_order":0,"comment_status":"closed","ping_status":"closed","template":"","meta":{"_eb_attr":"","ngg_post_thumbnail":0,"footnotes":""},"_links":{"self":[{"href":"https:\/\/pallotynisandomierz.pl\/index.php\/wp-json\/wp\/v2\/pages\/311"}],"collection":[{"href":"https:\/\/pallotynisandomierz.pl\/index.php\/wp-json\/wp\/v2\/pages"}],"about":[{"href":"https:\/\/pallotynisandomierz.pl\/index.php\/wp-json\/wp\/v2\/types\/page"}],"author":[{"embeddable":true,"href":"https:\/\/pallotynisandomierz.pl\/index.php\/wp-json\/wp\/v2\/users\/1"}],"replies":[{"embeddable":true,"href":"https:\/\/pallotynisandomierz.pl\/index.php\/wp-json\/wp\/v2\/comments?post=311"}],"version-history":[{"count":11,"href":"https:\/\/pallotynisandomierz.pl\/index.php\/wp-json\/wp\/v2\/pages\/311\/revisions"}],"predecessor-version":[{"id":3056,"href":"https:\/\/pallotynisandomierz.pl\/index.php\/wp-json\/wp\/v2\/pages\/311\/revisions\/3056"}],"wp:attachment":[{"href":"https:\/\/pallotynisandomierz.pl\/index.php\/wp-json\/wp\/v2\/media?parent=311"}],"curies":[{"name":"wp","href":"https:\/\/api.w.org\/{rel}","templated":true}]}}