{"id":313,"date":"2019-11-15T13:45:41","date_gmt":"2019-11-15T12:45:41","guid":{"rendered":"http:\/\/pallotynisandomierz.pl\/?page_id=313"},"modified":"2024-03-06T17:57:15","modified_gmt":"2024-03-06T16:57:15","slug":"zywy-rozaniec","status":"publish","type":"page","link":"https:\/\/pallotynisandomierz.pl\/index.php\/zywy-rozaniec\/","title":{"rendered":"\u017bYWY R\u00d3\u017bANIEC"},"content":{"rendered":"\t\t<div data-elementor-type=\"wp-page\" data-elementor-id=\"313\" class=\"elementor elementor-313\">\n\t\t\t\t\t\t<section class=\"elementor-section elementor-top-section elementor-element elementor-element-8b4996e elementor-section-boxed elementor-section-height-default elementor-section-height-default\" data-id=\"8b4996e\" data-element_type=\"section\">\n\t\t\t\t\t\t<div class=\"elementor-container elementor-column-gap-default\">\n\t\t\t\t\t<div class=\"elementor-column elementor-col-50 elementor-top-column elementor-element elementor-element-85eb56c\" data-id=\"85eb56c\" data-element_type=\"column\">\n\t\t\t<div class=\"elementor-widget-wrap elementor-element-populated\">\n\t\t\t\t\t\t<div class=\"elementor-element elementor-element-f31d8dc elementor-widget elementor-widget-image\" data-id=\"f31d8dc\" data-element_type=\"widget\" data-widget_type=\"image.default\">\n\t\t\t\t<div class=\"elementor-widget-container\">\n\t\t\t\t\t\t\t\t\t\t\t\t\t<img fetchpriority=\"high\" decoding=\"async\" width=\"960\" height=\"640\" src=\"https:\/\/pallotynisandomierz.pl\/wp-content\/uploads\/2024\/03\/wspolnota_zywy_rozaniec-1024x683.jpg\" class=\"attachment-large size-large wp-image-3022\" alt=\"\" srcset=\"https:\/\/pallotynisandomierz.pl\/wp-content\/uploads\/2024\/03\/wspolnota_zywy_rozaniec-1024x683.jpg 1024w, https:\/\/pallotynisandomierz.pl\/wp-content\/uploads\/2024\/03\/wspolnota_zywy_rozaniec-300x200.jpg 300w, https:\/\/pallotynisandomierz.pl\/wp-content\/uploads\/2024\/03\/wspolnota_zywy_rozaniec-768x512.jpg 768w, https:\/\/pallotynisandomierz.pl\/wp-content\/uploads\/2024\/03\/wspolnota_zywy_rozaniec-600x400.jpg 600w, https:\/\/pallotynisandomierz.pl\/wp-content\/uploads\/2024\/03\/wspolnota_zywy_rozaniec.jpg 1068w\" sizes=\"(max-width: 960px) 100vw, 960px\" \/>\t\t\t\t\t\t\t\t\t\t\t\t\t<\/div>\n\t\t\t\t<\/div>\n\t\t\t\t\t<\/div>\n\t\t<\/div>\n\t\t\t\t<div class=\"elementor-column elementor-col-50 elementor-top-column elementor-element elementor-element-1500691\" data-id=\"1500691\" data-element_type=\"column\">\n\t\t\t<div class=\"elementor-widget-wrap elementor-element-populated\">\n\t\t\t\t\t\t<div class=\"elementor-element elementor-element-4b5d4e2 elementor-widget elementor-widget-text-editor\" data-id=\"4b5d4e2\" data-element_type=\"widget\" data-widget_type=\"text-editor.default\">\n\t\t\t\t<div class=\"elementor-widget-container\">\n\t\t\t\t\t\t\t<p>Celem Stowarzyszenia \u017bywego R\u00f3\u017ca\u0144ca jest wspieranie modlitw\u0105, ofiar\u0105 duchow\u0105 i materialn\u0105 dzia\u0142a\u0144 misyjnych Ko\u015bcio\u0142a.<\/p>\t\t\t\t\t\t<\/div>\n\t\t\t\t<\/div>\n\t\t\t\t\t<\/div>\n\t\t<\/div>\n\t\t\t\t\t<\/div>\n\t\t<\/section>\n\t\t\t\t<section class=\"elementor-section elementor-top-section elementor-element elementor-element-1133923 elementor-section-boxed elementor-section-height-default elementor-section-height-default\" data-id=\"1133923\" data-element_type=\"section\">\n\t\t\t\t\t\t<div class=\"elementor-container elementor-column-gap-default\">\n\t\t\t\t\t<div class=\"elementor-column elementor-col-100 elementor-top-column elementor-element elementor-element-198b589\" data-id=\"198b589\" data-element_type=\"column\">\n\t\t\t<div class=\"elementor-widget-wrap elementor-element-populated\">\n\t\t\t\t\t\t<div class=\"elementor-element elementor-element-002c041 elementor-widget elementor-widget-text-editor\" data-id=\"002c041\" data-element_type=\"widget\" data-widget_type=\"text-editor.default\">\n\t\t\t\t<div class=\"elementor-widget-container\">\n\t\t\t\t\t\t\t<p>Jest on realizowany przede wszystkim przez codzienn\u0105 modlitw\u0119 r\u00f3\u017ca\u0144cow\u0105 w intencjach polecanych przez papie\u017ca dla Apostolstwa Modlitwy.<\/p><p>Pocz\u0105tki R\u00f3\u017ca\u0144ca \u015awi\u0119tego wi\u0105\u017c\u0105 si\u0119 z za\u0142o\u017ceniem przez Paulin\u0119 Jaricot (1799-1862) w Lyonie, w roku 1826, Stowarzyszenia \u017bywego R\u00f3\u017ca\u0144ca. Paulinia Jaricot pragn\u0119\u0142a uczyni\u0107 r\u00f3\u017caniec modlitw\u0105 wszystkich. Uzna\u0142a, \u017ce ka\u017cdy cz\u0142owiek mo\u017ce znale\u017a\u0107 w ci\u0105gu dnia kilka minut, aby odm\u00f3wi\u0107 dziesi\u0105tek r\u00f3\u017ca\u0144ca, czyli jedn\u0105 tajemnic\u0119. Zacz\u0119\u0142a, zatem organizowa\u0107 pi\u0119tnastoosobowe grupy, nazwane p\u00f3\u017aniej \u201e\u017cywymi r\u00f3\u017cami\u201d. Ka\u017cda z os\u00f3b tworz\u0105cych pi\u0119tnastk\u0119 zobowi\u0105zywa\u0142a si\u0119 do odmawiania jednej tajemnicy, czyli wszyscy razem odmawiaj\u0105 codziennie ca\u0142y r\u00f3\u017caniec. Dzie\u0142u Pauliny Jaricot udzieli\u0142o poparcia wielu biskup\u00f3w. \u017bywy R\u00f3\u017caniec w kr\u00f3tkim czasie rozprzestrzeni\u0142 si\u0119 w ca\u0142ej Francji, a nast\u0119pnie na \u015bwiecie. Do Polski \u017bywy R\u00f3\u017caniec dotar\u0142 jeszcze w XIX w. Obecnie istnieje niemal w ka\u017cdej parafii.<\/p>\t\t\t\t\t\t<\/div>\n\t\t\t\t<\/div>\n\t\t\t\t\t<\/div>\n\t\t<\/div>\n\t\t\t\t\t<\/div>\n\t\t<\/section>\n\t\t\t\t<section class=\"elementor-section elementor-top-section elementor-element elementor-element-d98de05 elementor-section-boxed elementor-section-height-default elementor-section-height-default\" data-id=\"d98de05\" data-element_type=\"section\">\n\t\t\t\t\t\t<div class=\"elementor-container elementor-column-gap-default\">\n\t\t\t\t\t<div class=\"elementor-column elementor-col-100 elementor-top-column elementor-element elementor-element-cce9a2c\" data-id=\"cce9a2c\" data-element_type=\"column\">\n\t\t\t<div class=\"elementor-widget-wrap elementor-element-populated\">\n\t\t\t\t\t\t<div class=\"elementor-element elementor-element-d31bd64 elementor-widget elementor-widget-heading\" data-id=\"d31bd64\" data-element_type=\"widget\" data-widget_type=\"heading.default\">\n\t\t\t\t<div class=\"elementor-widget-container\">\n\t\t\t<h5 class=\"elementor-heading-title elementor-size-default\">Zmiany tajemnic \u017bywego R\u00f3\u017ca\u0144ca w pierwsze niedziele miesi\u0105ca po Mszy \u015awi\u0119tej o godzinie 11:00.<\/h5>\t\t<\/div>\n\t\t\t\t<\/div>\n\t\t\t\t\t<\/div>\n\t\t<\/div>\n\t\t\t\t\t<\/div>\n\t\t<\/section>\n\t\t\t\t<section class=\"elementor-section elementor-top-section elementor-element elementor-element-36b81a4 elementor-section-boxed elementor-section-height-default elementor-section-height-default\" data-id=\"36b81a4\" data-element_type=\"section\">\n\t\t\t\t\t\t<div class=\"elementor-container elementor-column-gap-default\">\n\t\t\t\t\t<div class=\"elementor-column elementor-col-100 elementor-top-column elementor-element elementor-element-b914d39\" data-id=\"b914d39\" data-element_type=\"column\">\n\t\t\t<div class=\"elementor-widget-wrap elementor-element-populated\">\n\t\t\t\t\t\t<div class=\"elementor-element elementor-element-5573ce5 elementor-widget-divider--view-line elementor-widget elementor-widget-divider\" data-id=\"5573ce5\" data-element_type=\"widget\" data-widget_type=\"divider.default\">\n\t\t\t\t<div class=\"elementor-widget-container\">\n\t\t\t\t\t<div class=\"elementor-divider\">\n\t\t\t<span class=\"elementor-divider-separator\">\n\t\t\t\t\t\t<\/span>\n\t\t<\/div>\n\t\t\t\t<\/div>\n\t\t\t\t<\/div>\n\t\t\t\t\t<\/div>\n\t\t<\/div>\n\t\t\t\t\t<\/div>\n\t\t<\/section>\n\t\t\t\t<section class=\"elementor-section elementor-top-section elementor-element elementor-element-9a1e8ce elementor-section-boxed elementor-section-height-default elementor-section-height-default\" data-id=\"9a1e8ce\" data-element_type=\"section\">\n\t\t\t\t\t\t<div class=\"elementor-container elementor-column-gap-default\">\n\t\t\t\t\t<div class=\"elementor-column elementor-col-50 elementor-top-column elementor-element elementor-element-8130c21\" data-id=\"8130c21\" data-element_type=\"column\">\n\t\t\t<div class=\"elementor-widget-wrap elementor-element-populated\">\n\t\t\t\t\t\t<div class=\"elementor-element elementor-element-164f73d elementor-widget elementor-widget-text-editor\" data-id=\"164f73d\" data-element_type=\"widget\" data-widget_type=\"text-editor.default\">\n\t\t\t\t<div class=\"elementor-widget-container\">\n\t\t\t\t\t\t\t<p>Wsp\u00f3lnota \u017bywego R\u00f3\u017ca\u0144ca sk\u0142ada si\u0119 z poszczeg\u00f3lnych r\u00f3\u017c, kt\u00f3re tworzy 20 os\u00f3b \u2013 ka\u017cda z tych os\u00f3b odmawia codziennie jedn\u0105 tajemnic\u0119 r\u00f3\u017ca\u0144ca \u015bwi\u0119tego. W ten spos\u00f3b odm\u00f3wiony zostaje, przez wszystkich cz\u0142onk\u00f3w danej r\u00f3\u017cy, ca\u0142y r\u00f3\u017caniec. Raz w miesi\u0105cu, zwykle w pierwsz\u0105 sobot\u0119 miesi\u0105ca, cz\u0142onkowie \u017bywego R\u00f3\u017ca\u0144ca dokonuj\u0105 zmiany tajemnic r\u00f3\u017ca\u0144cowych.<\/p>\t\t\t\t\t\t<\/div>\n\t\t\t\t<\/div>\n\t\t\t\t\t<\/div>\n\t\t<\/div>\n\t\t\t\t<div class=\"elementor-column elementor-col-50 elementor-top-column elementor-element elementor-element-b4dda3a\" data-id=\"b4dda3a\" data-element_type=\"column\">\n\t\t\t<div class=\"elementor-widget-wrap elementor-element-populated\">\n\t\t\t\t\t\t<div class=\"elementor-element elementor-element-f7ce31f elementor-widget elementor-widget-image\" data-id=\"f7ce31f\" data-element_type=\"widget\" data-widget_type=\"image.default\">\n\t\t\t\t<div class=\"elementor-widget-container\">\n\t\t\t\t\t\t\t\t\t\t\t\t\t<img decoding=\"async\" width=\"960\" height=\"640\" src=\"https:\/\/pallotynisandomierz.pl\/wp-content\/uploads\/2024\/03\/rozaniec-1-1024x683.jpg\" class=\"attachment-large size-large wp-image-3024\" alt=\"\" srcset=\"https:\/\/pallotynisandomierz.pl\/wp-content\/uploads\/2024\/03\/rozaniec-1-1024x683.jpg 1024w, https:\/\/pallotynisandomierz.pl\/wp-content\/uploads\/2024\/03\/rozaniec-1-300x200.jpg 300w, https:\/\/pallotynisandomierz.pl\/wp-content\/uploads\/2024\/03\/rozaniec-1-768x512.jpg 768w, https:\/\/pallotynisandomierz.pl\/wp-content\/uploads\/2024\/03\/rozaniec-1-1140x760.jpg 1140w, https:\/\/pallotynisandomierz.pl\/wp-content\/uploads\/2024\/03\/rozaniec-1-600x400.jpg 600w, https:\/\/pallotynisandomierz.pl\/wp-content\/uploads\/2024\/03\/rozaniec-1.jpg 1386w\" sizes=\"(max-width: 960px) 100vw, 960px\" \/>\t\t\t\t\t\t\t\t\t\t\t\t\t<\/div>\n\t\t\t\t<\/div>\n\t\t\t\t\t<\/div>\n\t\t<\/div>\n\t\t\t\t\t<\/div>\n\t\t<\/section>\n\t\t\t\t<section class=\"elementor-section elementor-top-section elementor-element elementor-element-1c7759c elementor-section-boxed elementor-section-height-default elementor-section-height-default\" data-id=\"1c7759c\" data-element_type=\"section\">\n\t\t\t\t\t\t<div class=\"elementor-container elementor-column-gap-default\">\n\t\t\t\t\t<div class=\"elementor-column elementor-col-100 elementor-top-column elementor-element elementor-element-1d7786e\" data-id=\"1d7786e\" data-element_type=\"column\">\n\t\t\t<div class=\"elementor-widget-wrap elementor-element-populated\">\n\t\t\t\t\t\t<div class=\"elementor-element elementor-element-ef39ec2 elementor-widget elementor-widget-text-editor\" data-id=\"ef39ec2\" data-element_type=\"widget\" data-widget_type=\"text-editor.default\">\n\t\t\t\t<div class=\"elementor-widget-container\">\n\t\t\t\t\t\t\t<p>\u017bywy R\u00f3\u017caniec istnieje w Polsce w prawie ka\u017cdej parafii. Parafialna wsp\u00f3lnota \u017bywego R\u00f3\u017ca\u0144ca jest jednostk\u0105 autonomiczn\u0105, tzn. wsp\u00f3lnoty parafialne nie \u0142\u0105cz\u0105 si\u0119 w struktury og\u00f3lnokrajowe czy \u015bwiatowe. Obowi\u0105zuje je Ceremonia\u0142 \u017bywego R\u00f3\u017ca\u0144ca, opracowany przez ojca Szymona Niezgod\u0119 OP w roku 1977 dla uczczenia stulecia objawie\u0144 Matki Bo\u017cej w Gietrzwa\u0142dzie, zatwierdzony przez Prymasa Polski, Stefana kardyna\u0142a Wyszy\u0144skiego.<\/p><p>W Polsce do Stowarzyszenia \u017bywego R\u00f3\u017ca\u0144ca nale\u017cy wed\u0142ug najnowszych statystyk ponad milion os\u00f3b.<\/p>\t\t\t\t\t\t<\/div>\n\t\t\t\t<\/div>\n\t\t\t\t\t<\/div>\n\t\t<\/div>\n\t\t\t\t\t<\/div>\n\t\t<\/section>\n\t\t\t\t<\/div>\n\t\t","protected":false},"excerpt":{"rendered":"<p>Celem Stowarzyszenia \u017bywego R\u00f3\u017ca\u0144ca jest wspieranie modlitw\u0105, ofiar\u0105 duchow\u0105 i materialn\u0105 dzia\u0142a\u0144 misyjnych Ko\u015bcio\u0142a. Jest on realizowany przede wszystkim przez codzienn\u0105 modlitw\u0119 r\u00f3\u017ca\u0144cow\u0105 w intencjach polecanych przez papie\u017ca dla Apostolstwa Modlitwy. Pocz\u0105tki R\u00f3\u017ca\u0144ca \u015awi\u0119tego wi\u0105\u017c\u0105 si\u0119 z za\u0142o\u017ceniem przez Paulin\u0119 Jaricot (1799-1862) w Lyonie, w roku 1826, Stowarzyszenia \u017bywego R\u00f3\u017ca\u0144ca. Paulinia Jaricot pragn\u0119\u0142a uczyni\u0107 r\u00f3\u017caniec modlitw\u0105 wszystkich. Uzna\u0142a, \u017ce ka\u017cdy cz\u0142owiek mo\u017ce znale\u017a\u0107 w ci\u0105gu dnia kilka minut, aby odm\u00f3wi\u0107 dziesi\u0105tek r\u00f3\u017ca\u0144ca, czyli jedn\u0105 tajemnic\u0119. Zacz\u0119\u0142a, zatem organizowa\u0107 pi\u0119tnastoosobowe grupy, nazwane p\u00f3\u017aniej \u201e\u017cywymi r\u00f3\u017cami\u201d. Ka\u017cda z os\u00f3b tworz\u0105cych pi\u0119tnastk\u0119 zobowi\u0105zywa\u0142a si\u0119 do odmawiania jednej tajemnicy, czyli wszyscy razem odmawiaj\u0105 codziennie ca\u0142y r\u00f3\u017caniec. Dzie\u0142u Pauliny Jaricot udzieli\u0142o poparcia wielu biskup\u00f3w. \u017bywy R\u00f3\u017caniec w kr\u00f3tkim czasie rozprzestrzeni\u0142 si\u0119 w ca\u0142ej Francji, a nast\u0119pnie na \u015bwiecie. Do Polski \u017bywy R\u00f3\u017caniec dotar\u0142 jeszcze w XIX w. Obecnie istnieje niemal w ka\u017cdej parafii. Zmiany tajemnic \u017bywego R\u00f3\u017ca\u0144ca w pierwsze niedziele miesi\u0105ca po Mszy \u015awi\u0119tej o godzinie 11:00. Wsp\u00f3lnota \u017bywego R\u00f3\u017ca\u0144ca sk\u0142ada si\u0119 z poszczeg\u00f3lnych r\u00f3\u017c, kt\u00f3re tworzy 20 os\u00f3b \u2013 ka\u017cda z tych os\u00f3b odmawia codziennie jedn\u0105 tajemnic\u0119 r\u00f3\u017ca\u0144ca \u015bwi\u0119tego. W ten spos\u00f3b odm\u00f3wiony zostaje, przez wszystkich cz\u0142onk\u00f3w danej r\u00f3\u017cy, ca\u0142y r\u00f3\u017caniec. Raz w miesi\u0105cu, zwykle w pierwsz\u0105 sobot\u0119 miesi\u0105ca, cz\u0142onkowie \u017bywego R\u00f3\u017ca\u0144ca dokonuj\u0105 zmiany tajemnic r\u00f3\u017ca\u0144cowych. \u017bywy R\u00f3\u017caniec istnieje w Polsce w prawie ka\u017cdej parafii. Parafialna wsp\u00f3lnota \u017bywego R\u00f3\u017ca\u0144ca jest jednostk\u0105 autonomiczn\u0105, tzn. wsp\u00f3lnoty parafialne nie \u0142\u0105cz\u0105 si\u0119 w struktury og\u00f3lnokrajowe czy \u015bwiatowe. Obowi\u0105zuje je Ceremonia\u0142 \u017bywego R\u00f3\u017ca\u0144ca, opracowany przez ojca Szymona Niezgod\u0119 OP w roku 1977 dla uczczenia stulecia objawie\u0144 Matki Bo\u017cej w Gietrzwa\u0142dzie, zatwierdzony przez Prymasa Polski, Stefana kardyna\u0142a Wyszy\u0144skiego. W Polsce do Stowarzyszenia \u017bywego R\u00f3\u017ca\u0144ca nale\u017cy wed\u0142ug najnowszych statystyk ponad milion os\u00f3b.<\/p>\n","protected":false},"author":1,"featured_media":0,"parent":0,"menu_order":0,"comment_status":"closed","ping_status":"closed","template":"","meta":{"_eb_attr":"","ngg_post_thumbnail":0,"footnotes":""},"_links":{"self":[{"href":"https:\/\/pallotynisandomierz.pl\/index.php\/wp-json\/wp\/v2\/pages\/313"}],"collection":[{"href":"https:\/\/pallotynisandomierz.pl\/index.php\/wp-json\/wp\/v2\/pages"}],"about":[{"href":"https:\/\/pallotynisandomierz.pl\/index.php\/wp-json\/wp\/v2\/types\/page"}],"author":[{"embeddable":true,"href":"https:\/\/pallotynisandomierz.pl\/index.php\/wp-json\/wp\/v2\/users\/1"}],"replies":[{"embeddable":true,"href":"https:\/\/pallotynisandomierz.pl\/index.php\/wp-json\/wp\/v2\/comments?post=313"}],"version-history":[{"count":17,"href":"https:\/\/pallotynisandomierz.pl\/index.php\/wp-json\/wp\/v2\/pages\/313\/revisions"}],"predecessor-version":[{"id":3038,"href":"https:\/\/pallotynisandomierz.pl\/index.php\/wp-json\/wp\/v2\/pages\/313\/revisions\/3038"}],"wp:attachment":[{"href":"https:\/\/pallotynisandomierz.pl\/index.php\/wp-json\/wp\/v2\/media?parent=313"}],"curies":[{"name":"wp","href":"https:\/\/api.w.org\/{rel}","templated":true}]}}