{"id":326,"date":"2019-11-15T14:00:52","date_gmt":"2019-11-15T13:00:52","guid":{"rendered":"http:\/\/pallotynisandomierz.pl\/?page_id=326"},"modified":"2024-09-03T15:34:55","modified_gmt":"2024-09-03T13:34:55","slug":"chrzest","status":"publish","type":"page","link":"https:\/\/pallotynisandomierz.pl\/index.php\/chrzest\/","title":{"rendered":"CHRZEST"},"content":{"rendered":"\t\t<div data-elementor-type=\"wp-page\" data-elementor-id=\"326\" class=\"elementor elementor-326\">\n\t\t\t\t\t\t<section class=\"elementor-section elementor-top-section elementor-element elementor-element-ebe8d8e elementor-section-boxed elementor-section-height-default elementor-section-height-default\" data-id=\"ebe8d8e\" data-element_type=\"section\">\n\t\t\t\t\t\t<div class=\"elementor-container elementor-column-gap-default\">\n\t\t\t\t\t<div class=\"elementor-column elementor-col-50 elementor-top-column elementor-element elementor-element-3819b63\" data-id=\"3819b63\" data-element_type=\"column\">\n\t\t\t<div class=\"elementor-widget-wrap elementor-element-populated\">\n\t\t\t\t\t\t<div class=\"elementor-element elementor-element-20f5f44 elementor-widget elementor-widget-image\" data-id=\"20f5f44\" data-element_type=\"widget\" data-widget_type=\"image.default\">\n\t\t\t\t<div class=\"elementor-widget-container\">\n\t\t\t\t\t\t\t\t\t\t\t\t\t<img fetchpriority=\"high\" decoding=\"async\" width=\"960\" height=\"638\" src=\"https:\/\/pallotynisandomierz.pl\/wp-content\/uploads\/2024\/03\/chrzest-1024x680.jpeg\" class=\"attachment-large size-large wp-image-3115\" alt=\"\" srcset=\"https:\/\/pallotynisandomierz.pl\/wp-content\/uploads\/2024\/03\/chrzest-1024x680.jpeg 1024w, https:\/\/pallotynisandomierz.pl\/wp-content\/uploads\/2024\/03\/chrzest-300x199.jpeg 300w, https:\/\/pallotynisandomierz.pl\/wp-content\/uploads\/2024\/03\/chrzest-768x510.jpeg 768w, https:\/\/pallotynisandomierz.pl\/wp-content\/uploads\/2024\/03\/chrzest-1536x1020.jpeg 1536w, https:\/\/pallotynisandomierz.pl\/wp-content\/uploads\/2024\/03\/chrzest-2048x1360.jpeg 2048w, https:\/\/pallotynisandomierz.pl\/wp-content\/uploads\/2024\/03\/chrzest-1140x757.jpeg 1140w, https:\/\/pallotynisandomierz.pl\/wp-content\/uploads\/2024\/03\/chrzest-600x399.jpeg 600w\" sizes=\"(max-width: 960px) 100vw, 960px\" \/>\t\t\t\t\t\t\t\t\t\t\t\t\t<\/div>\n\t\t\t\t<\/div>\n\t\t\t\t\t<\/div>\n\t\t<\/div>\n\t\t\t\t<div class=\"elementor-column elementor-col-50 elementor-top-column elementor-element elementor-element-402d40f\" data-id=\"402d40f\" data-element_type=\"column\">\n\t\t\t<div class=\"elementor-widget-wrap elementor-element-populated\">\n\t\t\t\t\t\t<div class=\"elementor-element elementor-element-ce66b9f elementor-widget elementor-widget-text-editor\" data-id=\"ce66b9f\" data-element_type=\"widget\" data-widget_type=\"text-editor.default\">\n\t\t\t\t<div class=\"elementor-widget-container\">\n\t\t\t\t\t\t\t<p>Sakrament chrztu \u015bwi\u0119tego w naszej parafii odbywa si\u0119 <strong>w ka\u017cd\u0105 niedziel\u0119 na Mszy \u015awi\u0119tej o godzinie 12:30.<\/strong><\/p>\t\t\t\t\t\t<\/div>\n\t\t\t\t<\/div>\n\t\t\t\t\t<\/div>\n\t\t<\/div>\n\t\t\t\t\t<\/div>\n\t\t<\/section>\n\t\t\t\t<section class=\"elementor-section elementor-top-section elementor-element elementor-element-405e023 elementor-section-boxed elementor-section-height-default elementor-section-height-default\" data-id=\"405e023\" data-element_type=\"section\">\n\t\t\t\t\t\t<div class=\"elementor-container elementor-column-gap-default\">\n\t\t\t\t\t<div class=\"elementor-column elementor-col-100 elementor-top-column elementor-element elementor-element-7dc86c3\" data-id=\"7dc86c3\" data-element_type=\"column\">\n\t\t\t<div class=\"elementor-widget-wrap elementor-element-populated\">\n\t\t\t\t\t\t<div class=\"elementor-element elementor-element-5615159 elementor-widget elementor-widget-text-editor\" data-id=\"5615159\" data-element_type=\"widget\" data-widget_type=\"text-editor.default\">\n\t\t\t\t<div class=\"elementor-widget-container\">\n\t\t\t\t\t\t\t<p>Chrzest to w chrze\u015bcija\u0144stwie symbol nawr\u00f3cenia i oczyszczenia z grzech\u00f3w. Jest to te\u017c pierwszy z sakrament\u00f3w, przyjmowany przez nowego cz\u0142onka Ko\u015bcio\u0142a.<\/p>\n<p>W religii katolickiej ochrzczony zostaje obmyty z grzechu pierworodnego, przez co mo\u017ce odrodzi\u0107 si\u0119 duchowo i sta\u0107 si\u0119 cz\u0119\u015bci\u0105 wsp\u00f3lnoty. Na znak zapocz\u0105tkowania nowego \u017cycia w wierze, osoba przyjmuj\u0105ca chrzest otrzymuje imi\u0119. Nie jest ono przypadkowe. Powinno zosta\u0107 dobrane w taki spos\u00f3b, by m\u0142ody katechumen m\u00f3g\u0142 liczy\u0107 na opiek\u0119 \u015bwi\u0119tego patrona.<\/p>\n<p>Chrzest \u015bwi\u0119ty wprowadza nas do spo\u0142eczno\u015bci Ko\u015bcio\u0142a. Od tego momentu, jeste\u015bmy zobowi\u0105zani do \u017cycia zgodnie z wyznacznikami wiary. W tej kwestii pomagaj\u0105 nam nie tylko rodzice, ale i specjalnie wybrani dla nas rodzice chrzestni.<\/p>\n<p><em>\u201eKo\u015bci\u00f3\u0142 od czas\u00f3w staro\u017cytnych praktykowa\u0142 chrzest dzieci. (\u2026) Chrzest jest zatem \u0142ask\u0105, niezas\u0142u\u017conym darem, przyj\u0119ciem nas przez Boga bez warunk\u00f3w wst\u0119pnych. Wierz\u0105cy rodzice, kt\u00f3rzy chc\u0105 tego, co najlepsze dla swoich dzieci, chc\u0105 te\u017c chrztu, przez kt\u00f3ry dziecko zostaje uwolnione od grzechu pierworodnego i z mocy \u015bmierci\u201d<\/em>\u00a0(KKK 1250, 1282).<\/p>\t\t\t\t\t\t<\/div>\n\t\t\t\t<\/div>\n\t\t\t\t<div class=\"elementor-element elementor-element-c8f1f80 elementor-widget-divider--view-line elementor-widget elementor-widget-divider\" data-id=\"c8f1f80\" data-element_type=\"widget\" data-widget_type=\"divider.default\">\n\t\t\t\t<div class=\"elementor-widget-container\">\n\t\t\t\t\t<div class=\"elementor-divider\">\n\t\t\t<span class=\"elementor-divider-separator\">\n\t\t\t\t\t\t<\/span>\n\t\t<\/div>\n\t\t\t\t<\/div>\n\t\t\t\t<\/div>\n\t\t\t\t\t<\/div>\n\t\t<\/div>\n\t\t\t\t\t<\/div>\n\t\t<\/section>\n\t\t\t\t<section class=\"elementor-section elementor-top-section elementor-element elementor-element-3c684f01 elementor-section-boxed elementor-section-height-default elementor-section-height-default\" data-id=\"3c684f01\" data-element_type=\"section\">\n\t\t\t\t\t\t<div class=\"elementor-container elementor-column-gap-default\">\n\t\t\t\t\t<div class=\"elementor-column elementor-col-100 elementor-top-column elementor-element elementor-element-2b8fad00\" data-id=\"2b8fad00\" data-element_type=\"column\">\n\t\t\t<div class=\"elementor-widget-wrap elementor-element-populated\">\n\t\t\t\t\t\t<div class=\"elementor-element elementor-element-941eaba elementor-widget elementor-widget-text-editor\" data-id=\"941eaba\" data-element_type=\"widget\" data-widget_type=\"text-editor.default\">\n\t\t\t\t<div class=\"elementor-widget-container\">\n\t\t\t\t\t\t\t<p><!-- wp:paragraph {\"align\":\"left\"} --><!-- \/wp:paragraph --><!-- wp:paragraph --><\/p>\n<p><strong>Wymagane dokumenty do chrztu:<\/strong><\/p>\n<p><!-- \/wp:paragraph --><!-- wp:list --><\/p>\n<ul>\n<li>\n<p>akt urodzenia dziecka (odpis)<\/p>\n<\/li>\n<li>\n<p>wyci\u0105g z aktu \u015blubu ko\u015bcielnego rodzic\u00f3w<\/p>\n<\/li>\n<li>\n<p>dane o rodzicach chrzestnych (imi\u0119 nazwisko, adres, wiek)<\/p>\n<\/li>\n<li>\n<p>za\u015bwiadczenia z parafii zamieszkania rodzic\u00f3w chrzestnych o praktykowaniu wiary<\/p>\n<\/li>\n<li>\n<p>je\u017celi dziecko jest spoza naszej parafii &#8211; pozwolenie proboszcza na chrzest w naszej parafii<\/p>\n<\/li>\n<\/ul>\n<p><!-- \/wp:list --><\/p>\t\t\t\t\t\t<\/div>\n\t\t\t\t<\/div>\n\t\t\t\t\t<\/div>\n\t\t<\/div>\n\t\t\t\t\t<\/div>\n\t\t<\/section>\n\t\t\t\t<section class=\"elementor-section elementor-top-section elementor-element elementor-element-24e5fa0 elementor-section-boxed elementor-section-height-default elementor-section-height-default\" data-id=\"24e5fa0\" data-element_type=\"section\">\n\t\t\t\t\t\t<div class=\"elementor-container elementor-column-gap-default\">\n\t\t\t\t\t<div class=\"elementor-column elementor-col-100 elementor-top-column elementor-element elementor-element-51fd343\" data-id=\"51fd343\" data-element_type=\"column\">\n\t\t\t<div class=\"elementor-widget-wrap elementor-element-populated\">\n\t\t\t\t\t\t<div class=\"elementor-element elementor-element-f850950 elementor-widget elementor-widget-text-editor\" data-id=\"f850950\" data-element_type=\"widget\" data-widget_type=\"text-editor.default\">\n\t\t\t\t<div class=\"elementor-widget-container\">\n\t\t\t\t\t\t\t<p>WA\u017bNE! Parafi\u0105 dziecka jest parafia jego ZAMIESZKANIA (administracyjne zameldowanie jest nieistotne).<\/p>\t\t\t\t\t\t<\/div>\n\t\t\t\t<\/div>\n\t\t\t\t\t<\/div>\n\t\t<\/div>\n\t\t\t\t\t<\/div>\n\t\t<\/section>\n\t\t\t\t<section class=\"elementor-section elementor-top-section elementor-element elementor-element-cc3188f elementor-section-boxed elementor-section-height-default elementor-section-height-default\" data-id=\"cc3188f\" data-element_type=\"section\">\n\t\t\t\t\t\t<div class=\"elementor-container elementor-column-gap-default\">\n\t\t\t\t\t<div class=\"elementor-column elementor-col-100 elementor-top-column elementor-element elementor-element-8f0073f\" data-id=\"8f0073f\" data-element_type=\"column\">\n\t\t\t<div class=\"elementor-widget-wrap elementor-element-populated\">\n\t\t\t\t\t\t<div class=\"elementor-element elementor-element-ccea702 elementor-widget elementor-widget-text-editor\" data-id=\"ccea702\" data-element_type=\"widget\" data-widget_type=\"text-editor.default\">\n\t\t\t\t<div class=\"elementor-widget-container\">\n\t\t\t\t\t\t\t<p>Dziecko mo\u017cna tak\u017ce ochrzci\u0107 w dowolnie wybranym terminie (poza niedziel\u0105) ustalonym wcze\u015bniej z ks. Proboszczem (sam obrz\u0119d chrztu bez Mszy \u015awi\u0119tej). <span style=\"color: #800000;\"><u>Zach\u0119camy jednak do chrztu dzieci w czasie niedzielnej Mszy \u015awi\u0119tej.<\/u><\/span><\/p>\t\t\t\t\t\t<\/div>\n\t\t\t\t<\/div>\n\t\t\t\t<div class=\"elementor-element elementor-element-79c8b3d elementor-widget-divider--view-line elementor-widget elementor-widget-divider\" data-id=\"79c8b3d\" data-element_type=\"widget\" data-widget_type=\"divider.default\">\n\t\t\t\t<div class=\"elementor-widget-container\">\n\t\t\t\t\t<div class=\"elementor-divider\">\n\t\t\t<span class=\"elementor-divider-separator\">\n\t\t\t\t\t\t<\/span>\n\t\t<\/div>\n\t\t\t\t<\/div>\n\t\t\t\t<\/div>\n\t\t\t\t\t<\/div>\n\t\t<\/div>\n\t\t\t\t\t<\/div>\n\t\t<\/section>\n\t\t\t\t<section class=\"elementor-section elementor-top-section elementor-element elementor-element-a576f93 elementor-section-boxed elementor-section-height-default elementor-section-height-default\" data-id=\"a576f93\" data-element_type=\"section\">\n\t\t\t\t\t\t<div class=\"elementor-container elementor-column-gap-default\">\n\t\t\t\t\t<div class=\"elementor-column elementor-col-100 elementor-top-column elementor-element elementor-element-52634f9\" data-id=\"52634f9\" data-element_type=\"column\">\n\t\t\t<div class=\"elementor-widget-wrap elementor-element-populated\">\n\t\t\t\t\t\t<div class=\"elementor-element elementor-element-9900660 elementor-widget elementor-widget-heading\" data-id=\"9900660\" data-element_type=\"widget\" data-widget_type=\"heading.default\">\n\t\t\t\t<div class=\"elementor-widget-container\">\n\t\t\t<h6 class=\"elementor-heading-title elementor-size-default\">Wybierasz matk\u0119\/ojca chrzestnego? Chcesz nim by\u0107? Zapoznaj si\u0119 z informacj\u0105 kim jest chrzestny i jakie ma obowi\u0105zki.<\/h6>\t\t<\/div>\n\t\t\t\t<\/div>\n\t\t\t\t\t<\/div>\n\t\t<\/div>\n\t\t\t\t\t<\/div>\n\t\t<\/section>\n\t\t\t\t<section class=\"elementor-section elementor-top-section elementor-element elementor-element-f028d4a elementor-section-boxed elementor-section-height-default elementor-section-height-default\" data-id=\"f028d4a\" data-element_type=\"section\">\n\t\t\t\t\t\t<div class=\"elementor-container elementor-column-gap-default\">\n\t\t\t\t\t<div class=\"elementor-column elementor-col-100 elementor-top-column elementor-element elementor-element-9d3c46d\" data-id=\"9d3c46d\" data-element_type=\"column\">\n\t\t\t<div class=\"elementor-widget-wrap elementor-element-populated\">\n\t\t\t\t\t\t<div class=\"elementor-element elementor-element-b2ed5f0 elementor-widget__width-initial elementor-widget elementor-widget-image\" data-id=\"b2ed5f0\" data-element_type=\"widget\" data-widget_type=\"image.default\">\n\t\t\t\t<div class=\"elementor-widget-container\">\n\t\t\t\t\t\t\t\t\t\t\t\t\t\t<a href=\"https:\/\/pallotynisandomierz.pl\/index.php\/rodzice-chrzestni\/\">\n\t\t\t\t\t\t\t<img decoding=\"async\" width=\"960\" height=\"540\" src=\"https:\/\/pallotynisandomierz.pl\/wp-content\/uploads\/2024\/03\/Okladka-wydarzenia-na-Facebook-1920x1080-px-3-1024x576.jpeg\" class=\"attachment-large size-large wp-image-3205\" alt=\"\" srcset=\"https:\/\/pallotynisandomierz.pl\/wp-content\/uploads\/2024\/03\/Okladka-wydarzenia-na-Facebook-1920x1080-px-3-1024x576.jpeg 1024w, https:\/\/pallotynisandomierz.pl\/wp-content\/uploads\/2024\/03\/Okladka-wydarzenia-na-Facebook-1920x1080-px-3-300x169.jpeg 300w, https:\/\/pallotynisandomierz.pl\/wp-content\/uploads\/2024\/03\/Okladka-wydarzenia-na-Facebook-1920x1080-px-3-768x432.jpeg 768w, https:\/\/pallotynisandomierz.pl\/wp-content\/uploads\/2024\/03\/Okladka-wydarzenia-na-Facebook-1920x1080-px-3-1536x864.jpeg 1536w, https:\/\/pallotynisandomierz.pl\/wp-content\/uploads\/2024\/03\/Okladka-wydarzenia-na-Facebook-1920x1080-px-3-1140x641.jpeg 1140w, https:\/\/pallotynisandomierz.pl\/wp-content\/uploads\/2024\/03\/Okladka-wydarzenia-na-Facebook-1920x1080-px-3-600x338.jpeg 600w, https:\/\/pallotynisandomierz.pl\/wp-content\/uploads\/2024\/03\/Okladka-wydarzenia-na-Facebook-1920x1080-px-3.jpeg 1920w\" sizes=\"(max-width: 960px) 100vw, 960px\" \/>\t\t\t\t\t\t\t\t<\/a>\n\t\t\t\t\t\t\t\t\t\t\t\t\t<\/div>\n\t\t\t\t<\/div>\n\t\t\t\t\t<\/div>\n\t\t<\/div>\n\t\t\t\t\t<\/div>\n\t\t<\/section>\n\t\t\t\t<\/div>\n\t\t","protected":false},"excerpt":{"rendered":"<p>Sakrament chrztu \u015bwi\u0119tego w naszej parafii odbywa si\u0119 w ka\u017cd\u0105 niedziel\u0119 na Mszy \u015awi\u0119tej o godzinie 12:30. Chrzest to w chrze\u015bcija\u0144stwie symbol nawr\u00f3cenia i oczyszczenia z grzech\u00f3w. Jest to te\u017c pierwszy z sakrament\u00f3w, przyjmowany przez nowego cz\u0142onka Ko\u015bcio\u0142a. W religii katolickiej ochrzczony zostaje obmyty z grzechu pierworodnego, przez co mo\u017ce odrodzi\u0107 si\u0119 duchowo i sta\u0107 si\u0119 cz\u0119\u015bci\u0105 wsp\u00f3lnoty. Na znak zapocz\u0105tkowania nowego \u017cycia w wierze, osoba przyjmuj\u0105ca chrzest otrzymuje imi\u0119. Nie jest ono przypadkowe. Powinno zosta\u0107 dobrane w taki spos\u00f3b, by m\u0142ody katechumen m\u00f3g\u0142 liczy\u0107 na opiek\u0119 \u015bwi\u0119tego patrona. Chrzest \u015bwi\u0119ty wprowadza nas do spo\u0142eczno\u015bci Ko\u015bcio\u0142a. Od tego momentu, jeste\u015bmy zobowi\u0105zani do \u017cycia zgodnie z wyznacznikami wiary. W tej kwestii pomagaj\u0105 nam nie tylko rodzice, ale i specjalnie wybrani dla nas rodzice chrzestni. \u201eKo\u015bci\u00f3\u0142 od czas\u00f3w staro\u017cytnych praktykowa\u0142 chrzest dzieci. (\u2026) Chrzest jest zatem \u0142ask\u0105, niezas\u0142u\u017conym darem, przyj\u0119ciem nas przez Boga bez warunk\u00f3w wst\u0119pnych. Wierz\u0105cy rodzice, kt\u00f3rzy chc\u0105 tego, co najlepsze dla swoich dzieci, chc\u0105 te\u017c chrztu, przez kt\u00f3ry dziecko zostaje uwolnione od grzechu pierworodnego i z mocy \u015bmierci\u201d\u00a0(KKK 1250, 1282). Wymagane dokumenty do chrztu: akt urodzenia dziecka (odpis) wyci\u0105g z aktu \u015blubu ko\u015bcielnego rodzic\u00f3w dane o rodzicach chrzestnych (imi\u0119 nazwisko, adres, wiek) za\u015bwiadczenia z parafii zamieszkania rodzic\u00f3w chrzestnych o praktykowaniu wiary je\u017celi dziecko jest spoza naszej parafii &#8211; pozwolenie proboszcza na chrzest w naszej parafii WA\u017bNE! Parafi\u0105 dziecka jest parafia jego ZAMIESZKANIA (administracyjne zameldowanie jest nieistotne). Dziecko mo\u017cna tak\u017ce ochrzci\u0107 w dowolnie wybranym terminie (poza niedziel\u0105) ustalonym wcze\u015bniej z ks. Proboszczem (sam obrz\u0119d chrztu bez Mszy \u015awi\u0119tej). Zach\u0119camy jednak do chrztu dzieci w czasie niedzielnej Mszy \u015awi\u0119tej. Wybierasz matk\u0119\/ojca chrzestnego? Chcesz nim by\u0107? Zapoznaj si\u0119 z informacj\u0105 kim jest chrzestny i jakie ma obowi\u0105zki.<\/p>\n","protected":false},"author":1,"featured_media":0,"parent":0,"menu_order":0,"comment_status":"closed","ping_status":"closed","template":"","meta":{"_eb_attr":"","ngg_post_thumbnail":0,"footnotes":""},"_links":{"self":[{"href":"https:\/\/pallotynisandomierz.pl\/index.php\/wp-json\/wp\/v2\/pages\/326"}],"collection":[{"href":"https:\/\/pallotynisandomierz.pl\/index.php\/wp-json\/wp\/v2\/pages"}],"about":[{"href":"https:\/\/pallotynisandomierz.pl\/index.php\/wp-json\/wp\/v2\/types\/page"}],"author":[{"embeddable":true,"href":"https:\/\/pallotynisandomierz.pl\/index.php\/wp-json\/wp\/v2\/users\/1"}],"replies":[{"embeddable":true,"href":"https:\/\/pallotynisandomierz.pl\/index.php\/wp-json\/wp\/v2\/comments?post=326"}],"version-history":[{"count":26,"href":"https:\/\/pallotynisandomierz.pl\/index.php\/wp-json\/wp\/v2\/pages\/326\/revisions"}],"predecessor-version":[{"id":4311,"href":"https:\/\/pallotynisandomierz.pl\/index.php\/wp-json\/wp\/v2\/pages\/326\/revisions\/4311"}],"wp:attachment":[{"href":"https:\/\/pallotynisandomierz.pl\/index.php\/wp-json\/wp\/v2\/media?parent=326"}],"curies":[{"name":"wp","href":"https:\/\/api.w.org\/{rel}","templated":true}]}}