{"id":332,"date":"2019-11-15T14:01:39","date_gmt":"2019-11-15T13:01:39","guid":{"rendered":"http:\/\/pallotynisandomierz.pl\/?page_id=332"},"modified":"2024-03-12T17:00:55","modified_gmt":"2024-03-12T16:00:55","slug":"malzenstwo","status":"publish","type":"page","link":"https:\/\/pallotynisandomierz.pl\/index.php\/malzenstwo\/","title":{"rendered":"MA\u0141\u017bE\u0143STWO"},"content":{"rendered":"\t\t<div data-elementor-type=\"wp-page\" data-elementor-id=\"332\" class=\"elementor elementor-332\">\n\t\t\t\t\t\t<section class=\"elementor-section elementor-top-section elementor-element elementor-element-5c5cbe9 elementor-section-boxed elementor-section-height-default elementor-section-height-default\" data-id=\"5c5cbe9\" data-element_type=\"section\">\n\t\t\t\t\t\t<div class=\"elementor-container elementor-column-gap-default\">\n\t\t\t\t\t<div class=\"elementor-column elementor-col-50 elementor-top-column elementor-element elementor-element-01dcf63\" data-id=\"01dcf63\" data-element_type=\"column\">\n\t\t\t<div class=\"elementor-widget-wrap elementor-element-populated\">\n\t\t\t\t\t\t<div class=\"elementor-element elementor-element-da41ee2 elementor-widget elementor-widget-image\" data-id=\"da41ee2\" data-element_type=\"widget\" data-widget_type=\"image.default\">\n\t\t\t\t<div class=\"elementor-widget-container\">\n\t\t\t\t\t\t\t\t\t\t\t\t\t<img fetchpriority=\"high\" decoding=\"async\" width=\"925\" height=\"592\" src=\"https:\/\/pallotynisandomierz.pl\/wp-content\/uploads\/2024\/03\/liturgia-sakramentu-malzenstwa.webp\" class=\"attachment-large size-large wp-image-3149\" alt=\"\" srcset=\"https:\/\/pallotynisandomierz.pl\/wp-content\/uploads\/2024\/03\/liturgia-sakramentu-malzenstwa.webp 925w, https:\/\/pallotynisandomierz.pl\/wp-content\/uploads\/2024\/03\/liturgia-sakramentu-malzenstwa-300x192.webp 300w, https:\/\/pallotynisandomierz.pl\/wp-content\/uploads\/2024\/03\/liturgia-sakramentu-malzenstwa-768x492.webp 768w, https:\/\/pallotynisandomierz.pl\/wp-content\/uploads\/2024\/03\/liturgia-sakramentu-malzenstwa-600x384.webp 600w\" sizes=\"(max-width: 925px) 100vw, 925px\" \/>\t\t\t\t\t\t\t\t\t\t\t\t\t<\/div>\n\t\t\t\t<\/div>\n\t\t\t\t\t<\/div>\n\t\t<\/div>\n\t\t\t\t<div class=\"elementor-column elementor-col-50 elementor-top-column elementor-element elementor-element-40ad53f\" data-id=\"40ad53f\" data-element_type=\"column\">\n\t\t\t<div class=\"elementor-widget-wrap elementor-element-populated\">\n\t\t\t\t\t\t<div class=\"elementor-element elementor-element-8312a41 elementor-widget elementor-widget-text-editor\" data-id=\"8312a41\" data-element_type=\"widget\" data-widget_type=\"text-editor.default\">\n\t\t\t\t<div class=\"elementor-widget-container\">\n\t\t\t\t\t\t\t<p>Informacje potrzebne do zawarcia Sakramentu Ma\u0142\u017ce\u0144stwa w naszej parafii.<\/p>\t\t\t\t\t\t<\/div>\n\t\t\t\t<\/div>\n\t\t\t\t\t<\/div>\n\t\t<\/div>\n\t\t\t\t\t<\/div>\n\t\t<\/section>\n\t\t\t\t<section class=\"elementor-section elementor-top-section elementor-element elementor-element-c9d1d08 elementor-section-boxed elementor-section-height-default elementor-section-height-default\" data-id=\"c9d1d08\" data-element_type=\"section\">\n\t\t\t\t\t\t<div class=\"elementor-container elementor-column-gap-default\">\n\t\t\t\t\t<div class=\"elementor-column elementor-col-100 elementor-top-column elementor-element elementor-element-4b5a0a3\" data-id=\"4b5a0a3\" data-element_type=\"column\">\n\t\t\t<div class=\"elementor-widget-wrap elementor-element-populated\">\n\t\t\t\t\t\t<div class=\"elementor-element elementor-element-3b1ddb9 elementor-widget elementor-widget-text-editor\" data-id=\"3b1ddb9\" data-element_type=\"widget\" data-widget_type=\"text-editor.default\">\n\t\t\t\t<div class=\"elementor-widget-container\">\n\t\t\t\t\t\t\t<p><span style=\"font-size: 17px;\">&#8220;Sakrament ma\u0142\u017ce\u0144stwa jest znakiem zwi\u0105zku Chrystusa i Ko\u015bcio\u0142a. Udziela on ma\u0142\u017conkom \u0142aski mi\u0142owania si\u0119 wzajemnie t\u0105 mi\u0142o\u015bci\u0105, jak\u0105 Chrystus umi\u0142owa\u0142 Ko\u015bci\u00f3\u0142. \u0141aska sakramentu udoskonala zatem ludzk\u0105 mi\u0142o\u015b\u0107 ma\u0142\u017conk\u00f3w, umacnia ich nierozerwaln\u0105 jedno\u015b\u0107 i u\u015bwi\u0119ca ich na drodze do \u017cycia wiecznego&#8221;. (KKK 1661)<\/span><\/p>\t\t\t\t\t\t<\/div>\n\t\t\t\t<\/div>\n\t\t\t\t\t<\/div>\n\t\t<\/div>\n\t\t\t\t\t<\/div>\n\t\t<\/section>\n\t\t\t\t<section class=\"elementor-section elementor-top-section elementor-element elementor-element-c2e5ac0 elementor-section-boxed elementor-section-height-default elementor-section-height-default\" data-id=\"c2e5ac0\" data-element_type=\"section\">\n\t\t\t\t\t\t<div class=\"elementor-container elementor-column-gap-default\">\n\t\t\t\t\t<div class=\"elementor-column elementor-col-100 elementor-top-column elementor-element elementor-element-b0676ef\" data-id=\"b0676ef\" data-element_type=\"column\">\n\t\t\t<div class=\"elementor-widget-wrap elementor-element-populated\">\n\t\t\t\t\t\t<div class=\"elementor-element elementor-element-308c7a3 elementor-widget-divider--view-line elementor-widget elementor-widget-divider\" data-id=\"308c7a3\" data-element_type=\"widget\" data-widget_type=\"divider.default\">\n\t\t\t\t<div class=\"elementor-widget-container\">\n\t\t\t\t\t<div class=\"elementor-divider\">\n\t\t\t<span class=\"elementor-divider-separator\">\n\t\t\t\t\t\t<\/span>\n\t\t<\/div>\n\t\t\t\t<\/div>\n\t\t\t\t<\/div>\n\t\t\t\t<div class=\"elementor-element elementor-element-38ff56d elementor-widget elementor-widget-text-editor\" data-id=\"38ff56d\" data-element_type=\"widget\" data-widget_type=\"text-editor.default\">\n\t\t\t\t<div class=\"elementor-widget-container\">\n\t\t\t\t\t\t\t<p>W naszym ko\u015bciele sakrament ma\u0142\u017ce\u0144stwa jest sprawowany<strong> w soboty<\/strong>. Nie sprawujemy sakramentu ma\u0142\u017ce\u0144stwa w niedziele oraz inne dni \u015bwi\u0105teczne, gdy jest zachowany niedzielny porz\u0105dek Mszy \u015bwi\u0119tych.<\/p>\n<p><strong>Rezerwacje terminu \u015blubu zg\u0142aszamy osobi\u015bcie w kancelarii parafialnej lub telefonicznie.<\/strong><\/p>\t\t\t\t\t\t<\/div>\n\t\t\t\t<\/div>\n\t\t\t\t\t<\/div>\n\t\t<\/div>\n\t\t\t\t\t<\/div>\n\t\t<\/section>\n\t\t\t\t<section class=\"elementor-section elementor-top-section elementor-element elementor-element-f83df91 elementor-section-boxed elementor-section-height-default elementor-section-height-default\" data-id=\"f83df91\" data-element_type=\"section\">\n\t\t\t\t\t\t<div class=\"elementor-container elementor-column-gap-default\">\n\t\t\t\t\t<div class=\"elementor-column elementor-col-100 elementor-top-column elementor-element elementor-element-dd76e33\" data-id=\"dd76e33\" data-element_type=\"column\">\n\t\t\t<div class=\"elementor-widget-wrap elementor-element-populated\">\n\t\t\t\t\t\t<div class=\"elementor-element elementor-element-ed49659 elementor-widget-divider--view-line elementor-widget elementor-widget-divider\" data-id=\"ed49659\" data-element_type=\"widget\" data-widget_type=\"divider.default\">\n\t\t\t\t<div class=\"elementor-widget-container\">\n\t\t\t\t\t<div class=\"elementor-divider\">\n\t\t\t<span class=\"elementor-divider-separator\">\n\t\t\t\t\t\t<\/span>\n\t\t<\/div>\n\t\t\t\t<\/div>\n\t\t\t\t<\/div>\n\t\t\t\t<div class=\"elementor-element elementor-element-532dcda elementor-widget elementor-widget-text-editor\" data-id=\"532dcda\" data-element_type=\"widget\" data-widget_type=\"text-editor.default\">\n\t\t\t\t<div class=\"elementor-widget-container\">\n\t\t\t\t\t\t\t<p><span style=\"font-family: helvetica; font-size: 20px;\">Informacja dla par, gdy\u00a0narzeczona lub narzeczony mieszkaj\u0105 w\u00a0naszej parafii<\/span><\/p>\n<p><span style=\"font-family: helvetica;\">Pary zamierzaj\u0105ce zawrze\u0107 sakramentalny zwi\u0105zek ma\u0142\u017ce\u0144ski w naszym ko\u015bciele, w kt\u00f3rych przynajmniej jedna osoba z narzeczonych fizycznie MIESZKA na terenie naszej parafii (administracyjne zameldowanie jest oboj\u0119tne) powinny <strong>koniecznie na trzy miesi\u0105ce przed ale nie p\u00f3\u017aniej ni\u017c miesi\u0105c przed planowanym \u015blubem<\/strong> osobi\u015bcie lub telefonicznie um\u00f3wi\u0107 si\u0119 na rozmow\u0119 i spisanie protoko\u0142u.<\/span><\/p>\n<p><span style=\"color: #000080;\"><span style=\"font-family: helvetica;\">Protoko\u0142y przed\u015blubne spisujemy poza godzinami urz\u0119dowania kancelarii.<\/span><\/span><\/p>\n<p>\u00a0<\/p>\n<p><strong><span style=\"font-family: helvetica;\">Podczas spisywania protoko\u0142u przed\u015blubnego nale\u017cy d<\/span><span style=\"font-family: helvetica;\">ostarczy\u0107 nast\u0119puj\u0105ce dokumenty:<\/span><\/strong><\/p>\n<ul>\n<li>\n<p><span style=\"font-family: helvetica;\">Dow\u00f3d osobisty (do wgl\u0105du).<\/span><\/p>\n<\/li>\n<li>\n<p><span style=\"font-family: helvetica;\">Za\u015bwiadczenie stwierdzaj\u0105ce brak okoliczno\u015bci wy\u0142\u0105czaj\u0105cych zawarcie ma\u0142\u017ce\u0144stwa z USC, je\u015bli narzeczeni chc\u0105 zawrze\u0107 tzw. ma\u0142\u017ce\u0144stwo konkordatowe (ze skutkami cywilnymi). Data wydania za\u015bwiadczenia, nie mo\u017ce by\u0107 wcze\u015bniejsza ni\u017c sze\u015b\u0107 miesi\u0119cy przed planowan\u0105 dat\u0105 \u015blubu.<\/span><\/p>\n<\/li>\n<li>\n<p><span style=\"font-family: helvetica;\">Aktualne \u015bwiadectwo chrztu (z dat\u0105 wystawienia maksymalnie sze\u015b\u0107 miesi\u0119cy wcze\u015bniej).<\/span><\/p>\n<\/li>\n<li>\n<p><span style=\"font-family: helvetica;\">\u015awiadectwo bierzmowania (bardzo cz\u0119sto mo\u017cna je otrzyma\u0107 wraz ze \u015bwiadectwem chrztu).<\/span><\/p>\n<\/li>\n<li>\n<p><span style=\"font-family: helvetica;\">\u015awiadectwo uko\u0144czenia katechezy szkolnej z ostatniej klasy (do wgl\u0105du).<\/span><\/p>\n<\/li>\n<li>\n<p><span style=\"font-family: helvetica;\">Za\u015bwiadczenie uko\u0144czenia katechez dla narzeczonych, czyli tzw. Kursu przedma\u0142\u017ce\u0144skiego.<\/span><\/p>\n<\/li>\n<li>\n<p><span style=\"font-family: helvetica;\">Za\u015bwiadczenie odbycia spotka\u0144 w Poradni \u017bycia Rodzinnego.<\/span><\/p>\n<\/li>\n<li>\n<p><span style=\"font-family: helvetica;\">Imiona i nazwiska oraz adresy zamieszkania \u015bwiadk\u00f3w.<\/span><\/p>\n<\/li>\n<\/ul>\n<p>\u00a0<\/p>\n<p><span style=\"font-family: helvetica; font-size: 20px;\">Informacja dla par, gdy\u00a0narzeczona i\u00a0narzeczony nie\u00a0mieszkaj\u0105 w\u00a0naszej parafii<\/span><\/p>\n<p><span style=\"font-family: helvetica;\">Aby otrzyma\u0107 Sakrament Ma\u0142\u017ce\u0144stwa w naszym ko\u015bciele, a \u017cadna ze stron fizycznie nie mieszka na terenie naszej parafii nale\u017cy:<\/span><\/p>\n<ul>\n<li>\n<p><span style=\"font-family: helvetica;\">W naszej kancelarii parafialnej zarezerwowa\u0107 termin \u015blubu \u2013 por. informacje wst\u0119pne.<\/span><\/p>\n<\/li>\n<li>\n<p><span style=\"font-family: helvetica;\">W parafii zamieszkania narzeczonego lub narzeczonej (do wyboru), spisa\u0107 PROTOK\u00d3\u0141 PRZED\u015aLUBNY. Wa\u017cne! Wasz\u0105 parafi\u0105 jest parafia Waszego ZAMIESZKANIA, a nie administracyjnego zameldowania.<\/span><\/p>\n<\/li>\n<li>\n<p><span style=\"font-family: helvetica;\">Z parafii, gdzie spisany by\u0142 protok\u00f3\u0142 przed\u015blubny uzyska\u0107 LICENCJ\u0118, aby \u015blub m\u00f3g\u0142 odby\u0107 si\u0119 w naszym ko\u015bciele.<\/span><\/p>\n<\/li>\n<\/ul>\n<p><span style=\"font-family: helvetica;\"><strong>Po\u00a0uzyskaniu LICENCJI nale\u017cy na\u00a0ok. TRZY TYGODNIE PRZED\u00a0\u015aLUBEM zg\u0142osi\u0107 si\u0119 do\u00a0naszej kancelarii parafialnej oraz:<\/strong><\/span><\/p>\n<ul>\n<li>\n<p><span style=\"font-family: helvetica;\">Przekaza\u0107 nam otrzyman\u0105 LICENCJ\u0118,<\/span><\/p>\n<\/li>\n<li>\n<p><span style=\"font-family: helvetica;\">Przekaza\u0107 \u2013 je\u015bli ma to by\u0107 tzw. ma\u0142\u017ce\u0144stwo konkordatowe \u2013 za\u015bwiadczenie o stanie wolnym z USC.<\/span><\/p>\n<\/li>\n<\/ul>\t\t\t\t\t\t<\/div>\n\t\t\t\t<\/div>\n\t\t\t\t\t<\/div>\n\t\t<\/div>\n\t\t\t\t\t<\/div>\n\t\t<\/section>\n\t\t\t\t<\/div>\n\t\t","protected":false},"excerpt":{"rendered":"<p>Informacje potrzebne do zawarcia Sakramentu Ma\u0142\u017ce\u0144stwa w naszej parafii. &#8220;Sakrament ma\u0142\u017ce\u0144stwa jest znakiem zwi\u0105zku Chrystusa i Ko\u015bcio\u0142a. Udziela on ma\u0142\u017conkom \u0142aski mi\u0142owania si\u0119 wzajemnie t\u0105 mi\u0142o\u015bci\u0105, jak\u0105 Chrystus umi\u0142owa\u0142 Ko\u015bci\u00f3\u0142. \u0141aska sakramentu udoskonala zatem ludzk\u0105 mi\u0142o\u015b\u0107 ma\u0142\u017conk\u00f3w, umacnia ich nierozerwaln\u0105 jedno\u015b\u0107 i u\u015bwi\u0119ca ich na drodze do \u017cycia wiecznego&#8221;. (KKK 1661) W naszym ko\u015bciele sakrament ma\u0142\u017ce\u0144stwa jest sprawowany w soboty. Nie sprawujemy sakramentu ma\u0142\u017ce\u0144stwa w niedziele oraz inne dni \u015bwi\u0105teczne, gdy jest zachowany niedzielny porz\u0105dek Mszy \u015bwi\u0119tych. Rezerwacje terminu \u015blubu zg\u0142aszamy osobi\u015bcie w kancelarii parafialnej lub telefonicznie. Informacja dla par, gdy\u00a0narzeczona lub narzeczony mieszkaj\u0105 w\u00a0naszej parafii Pary zamierzaj\u0105ce zawrze\u0107 sakramentalny zwi\u0105zek ma\u0142\u017ce\u0144ski w naszym ko\u015bciele, w kt\u00f3rych przynajmniej jedna osoba z narzeczonych fizycznie MIESZKA na terenie naszej parafii (administracyjne zameldowanie jest oboj\u0119tne) powinny koniecznie na trzy miesi\u0105ce przed ale nie p\u00f3\u017aniej ni\u017c miesi\u0105c przed planowanym \u015blubem osobi\u015bcie lub telefonicznie um\u00f3wi\u0107 si\u0119 na rozmow\u0119 i spisanie protoko\u0142u. Protoko\u0142y przed\u015blubne spisujemy poza godzinami urz\u0119dowania kancelarii. \u00a0 Podczas spisywania protoko\u0142u przed\u015blubnego nale\u017cy dostarczy\u0107 nast\u0119puj\u0105ce dokumenty: Dow\u00f3d osobisty (do wgl\u0105du). Za\u015bwiadczenie stwierdzaj\u0105ce brak okoliczno\u015bci wy\u0142\u0105czaj\u0105cych zawarcie ma\u0142\u017ce\u0144stwa z USC, je\u015bli narzeczeni chc\u0105 zawrze\u0107 tzw. ma\u0142\u017ce\u0144stwo konkordatowe (ze skutkami cywilnymi). Data wydania za\u015bwiadczenia, nie mo\u017ce by\u0107 wcze\u015bniejsza ni\u017c sze\u015b\u0107 miesi\u0119cy przed planowan\u0105 dat\u0105 \u015blubu. Aktualne \u015bwiadectwo chrztu (z dat\u0105 wystawienia maksymalnie sze\u015b\u0107 miesi\u0119cy wcze\u015bniej). \u015awiadectwo bierzmowania (bardzo cz\u0119sto mo\u017cna je otrzyma\u0107 wraz ze \u015bwiadectwem chrztu). \u015awiadectwo uko\u0144czenia katechezy szkolnej z ostatniej klasy (do wgl\u0105du). Za\u015bwiadczenie uko\u0144czenia katechez dla narzeczonych, czyli tzw. Kursu przedma\u0142\u017ce\u0144skiego. Za\u015bwiadczenie odbycia spotka\u0144 w Poradni \u017bycia Rodzinnego. Imiona i nazwiska oraz adresy zamieszkania \u015bwiadk\u00f3w. \u00a0 Informacja dla par, gdy\u00a0narzeczona i\u00a0narzeczony nie\u00a0mieszkaj\u0105 w\u00a0naszej parafii Aby otrzyma\u0107 Sakrament Ma\u0142\u017ce\u0144stwa w naszym ko\u015bciele, a \u017cadna ze stron fizycznie nie mieszka na terenie naszej parafii nale\u017cy: W naszej kancelarii parafialnej zarezerwowa\u0107 termin \u015blubu \u2013 por. informacje wst\u0119pne. W parafii zamieszkania narzeczonego lub narzeczonej (do wyboru), spisa\u0107 PROTOK\u00d3\u0141 PRZED\u015aLUBNY. Wa\u017cne! Wasz\u0105 parafi\u0105 jest parafia Waszego ZAMIESZKANIA, a nie administracyjnego zameldowania. Z parafii, gdzie spisany by\u0142 protok\u00f3\u0142 przed\u015blubny uzyska\u0107 LICENCJ\u0118, aby \u015blub m\u00f3g\u0142 odby\u0107 si\u0119 w naszym ko\u015bciele. Po\u00a0uzyskaniu LICENCJI nale\u017cy na\u00a0ok. TRZY TYGODNIE PRZED\u00a0\u015aLUBEM zg\u0142osi\u0107 si\u0119 do\u00a0naszej kancelarii parafialnej oraz: Przekaza\u0107 nam otrzyman\u0105 LICENCJ\u0118, Przekaza\u0107 \u2013 je\u015bli ma to by\u0107 tzw. ma\u0142\u017ce\u0144stwo konkordatowe \u2013 za\u015bwiadczenie o stanie wolnym z USC.<\/p>\n","protected":false},"author":1,"featured_media":0,"parent":0,"menu_order":0,"comment_status":"closed","ping_status":"closed","template":"","meta":{"_eb_attr":"","ngg_post_thumbnail":0,"footnotes":""},"_links":{"self":[{"href":"https:\/\/pallotynisandomierz.pl\/index.php\/wp-json\/wp\/v2\/pages\/332"}],"collection":[{"href":"https:\/\/pallotynisandomierz.pl\/index.php\/wp-json\/wp\/v2\/pages"}],"about":[{"href":"https:\/\/pallotynisandomierz.pl\/index.php\/wp-json\/wp\/v2\/types\/page"}],"author":[{"embeddable":true,"href":"https:\/\/pallotynisandomierz.pl\/index.php\/wp-json\/wp\/v2\/users\/1"}],"replies":[{"embeddable":true,"href":"https:\/\/pallotynisandomierz.pl\/index.php\/wp-json\/wp\/v2\/comments?post=332"}],"version-history":[{"count":47,"href":"https:\/\/pallotynisandomierz.pl\/index.php\/wp-json\/wp\/v2\/pages\/332\/revisions"}],"predecessor-version":[{"id":3202,"href":"https:\/\/pallotynisandomierz.pl\/index.php\/wp-json\/wp\/v2\/pages\/332\/revisions\/3202"}],"wp:attachment":[{"href":"https:\/\/pallotynisandomierz.pl\/index.php\/wp-json\/wp\/v2\/media?parent=332"}],"curies":[{"name":"wp","href":"https:\/\/api.w.org\/{rel}","templated":true}]}}