{"id":336,"date":"2019-11-15T14:02:03","date_gmt":"2019-11-15T13:02:03","guid":{"rendered":"http:\/\/pallotynisandomierz.pl\/?page_id=336"},"modified":"2024-09-04T15:09:05","modified_gmt":"2024-09-04T13:09:05","slug":"kancelaria","status":"publish","type":"page","link":"https:\/\/pallotynisandomierz.pl\/index.php\/kancelaria\/","title":{"rendered":"KANCELARIA"},"content":{"rendered":"\t\t<div data-elementor-type=\"wp-page\" data-elementor-id=\"336\" class=\"elementor elementor-336\">\n\t\t\t\t\t\t<section class=\"elementor-section elementor-top-section elementor-element elementor-element-ae16e5c elementor-section-boxed elementor-section-height-default elementor-section-height-default\" data-id=\"ae16e5c\" data-element_type=\"section\">\n\t\t\t\t\t\t<div class=\"elementor-container elementor-column-gap-default\">\n\t\t\t\t\t<div class=\"elementor-column elementor-col-50 elementor-top-column elementor-element elementor-element-16c2c9f\" data-id=\"16c2c9f\" data-element_type=\"column\">\n\t\t\t<div class=\"elementor-widget-wrap elementor-element-populated\">\n\t\t\t\t\t\t<div class=\"elementor-element elementor-element-fe0e80b elementor-widget elementor-widget-image\" data-id=\"fe0e80b\" data-element_type=\"widget\" data-widget_type=\"image.default\">\n\t\t\t\t<div class=\"elementor-widget-container\">\n\t\t\t\t\t\t\t\t\t\t\t\t\t<img fetchpriority=\"high\" decoding=\"async\" width=\"502\" height=\"377\" src=\"https:\/\/pallotynisandomierz.pl\/wp-content\/uploads\/2024\/07\/IMG_0026.jpeg\" class=\"attachment-large size-large wp-image-4109\" alt=\"\" srcset=\"https:\/\/pallotynisandomierz.pl\/wp-content\/uploads\/2024\/07\/IMG_0026.jpeg 502w, https:\/\/pallotynisandomierz.pl\/wp-content\/uploads\/2024\/07\/IMG_0026-300x225.jpeg 300w\" sizes=\"(max-width: 502px) 100vw, 502px\" \/>\t\t\t\t\t\t\t\t\t\t\t\t\t<\/div>\n\t\t\t\t<\/div>\n\t\t\t\t\t<\/div>\n\t\t<\/div>\n\t\t\t\t<div class=\"elementor-column elementor-col-50 elementor-top-column elementor-element elementor-element-90c4e76\" data-id=\"90c4e76\" data-element_type=\"column\">\n\t\t\t<div class=\"elementor-widget-wrap elementor-element-populated\">\n\t\t\t\t\t\t<div class=\"elementor-element elementor-element-8925edd elementor-widget elementor-widget-text-editor\" data-id=\"8925edd\" data-element_type=\"widget\" data-widget_type=\"text-editor.default\">\n\t\t\t\t<div class=\"elementor-widget-container\">\n\t\t\t\t\t\t\t<p><span style=\"font-size: 14px; font-family: helvetica; color: #333333;\"><strong>Kancelaria czynna:<br \/><\/strong>poniedzia\u0142ek, \u015broda, czwartek<br \/><span style=\"font-weight: bold;\">18:30 &#8211; 19:00<br \/><\/span>sobota<br \/><span style=\"font-weight: bold;\">10:00 &#8211; 12:00<\/span><\/span><\/p><p><span style=\"font-size: 14px; font-family: helvetica; color: #333333;\">tel.<b>\u00a0(15) 832 86 49\u00a0<\/b>&#8211; czynny\u00a0 w godzinach otwarcia kancelarii<\/span><\/p>\t\t\t\t\t\t<\/div>\n\t\t\t\t<\/div>\n\t\t\t\t\t<\/div>\n\t\t<\/div>\n\t\t\t\t\t<\/div>\n\t\t<\/section>\n\t\t\t\t<section class=\"elementor-section elementor-top-section elementor-element elementor-element-e329b0c elementor-section-boxed elementor-section-height-default elementor-section-height-default\" data-id=\"e329b0c\" data-element_type=\"section\">\n\t\t\t\t\t\t<div class=\"elementor-container elementor-column-gap-default\">\n\t\t\t\t\t<div class=\"elementor-column elementor-col-100 elementor-top-column elementor-element elementor-element-42fb660\" data-id=\"42fb660\" data-element_type=\"column\">\n\t\t\t<div class=\"elementor-widget-wrap elementor-element-populated\">\n\t\t\t\t\t\t<div class=\"elementor-element elementor-element-de37059 elementor-widget elementor-widget-text-editor\" data-id=\"de37059\" data-element_type=\"widget\" data-widget_type=\"text-editor.default\">\n\t\t\t\t<div class=\"elementor-widget-container\">\n\t\t\t\t\t\t\t<p style=\"text-align: center;\"><strong><span style=\"font-family: georgia, palatino; font-size: 16px; color: #800000;\">Niedziele i \u015awi\u0119ta (ko\u015bcielne i pa\u0144stwowe) kancelaria nieczynna!<\/span><\/strong><\/p>\t\t\t\t\t\t<\/div>\n\t\t\t\t<\/div>\n\t\t\t\t\t<\/div>\n\t\t<\/div>\n\t\t\t\t\t<\/div>\n\t\t<\/section>\n\t\t\t\t<\/div>\n\t\t","protected":false},"excerpt":{"rendered":"<p>Kancelaria czynna:poniedzia\u0142ek, \u015broda, czwartek18:30 &#8211; 19:00sobota10:00 &#8211; 12:00 tel.\u00a0(15) 832 86 49\u00a0&#8211; czynny\u00a0 w godzinach otwarcia kancelarii Niedziele i \u015awi\u0119ta (ko\u015bcielne i pa\u0144stwowe) kancelaria nieczynna!<\/p>\n","protected":false},"author":1,"featured_media":0,"parent":0,"menu_order":0,"comment_status":"closed","ping_status":"closed","template":"","meta":{"_eb_attr":"","ngg_post_thumbnail":0,"footnotes":""},"_links":{"self":[{"href":"https:\/\/pallotynisandomierz.pl\/index.php\/wp-json\/wp\/v2\/pages\/336"}],"collection":[{"href":"https:\/\/pallotynisandomierz.pl\/index.php\/wp-json\/wp\/v2\/pages"}],"about":[{"href":"https:\/\/pallotynisandomierz.pl\/index.php\/wp-json\/wp\/v2\/types\/page"}],"author":[{"embeddable":true,"href":"https:\/\/pallotynisandomierz.pl\/index.php\/wp-json\/wp\/v2\/users\/1"}],"replies":[{"embeddable":true,"href":"https:\/\/pallotynisandomierz.pl\/index.php\/wp-json\/wp\/v2\/comments?post=336"}],"version-history":[{"count":31,"href":"https:\/\/pallotynisandomierz.pl\/index.php\/wp-json\/wp\/v2\/pages\/336\/revisions"}],"predecessor-version":[{"id":4417,"href":"https:\/\/pallotynisandomierz.pl\/index.php\/wp-json\/wp\/v2\/pages\/336\/revisions\/4417"}],"wp:attachment":[{"href":"https:\/\/pallotynisandomierz.pl\/index.php\/wp-json\/wp\/v2\/media?parent=336"}],"curies":[{"name":"wp","href":"https:\/\/api.w.org\/{rel}","templated":true}]}}