{"id":347,"date":"2019-11-15T14:08:07","date_gmt":"2019-11-15T13:08:07","guid":{"rendered":"http:\/\/pallotynisandomierz.pl\/?page_id=347"},"modified":"2024-02-27T15:33:14","modified_gmt":"2024-02-27T14:33:14","slug":"informacje-ogolne","status":"publish","type":"page","link":"https:\/\/pallotynisandomierz.pl\/index.php\/informacje-ogolne\/","title":{"rendered":"INFORMACJE O DOMU"},"content":{"rendered":"\t\t<div data-elementor-type=\"wp-page\" data-elementor-id=\"347\" class=\"elementor elementor-347\">\n\t\t\t\t\t\t<section class=\"elementor-section elementor-top-section elementor-element elementor-element-11babb2 elementor-section-boxed elementor-section-height-default elementor-section-height-default\" data-id=\"11babb2\" data-element_type=\"section\">\n\t\t\t\t\t\t<div class=\"elementor-container elementor-column-gap-default\">\n\t\t\t\t\t<div class=\"elementor-column elementor-col-50 elementor-top-column elementor-element elementor-element-f514308\" data-id=\"f514308\" data-element_type=\"column\">\n\t\t\t<div class=\"elementor-widget-wrap elementor-element-populated\">\n\t\t\t\t\t\t<div class=\"elementor-element elementor-element-1734e7b eael-flip-box--3d eael-flipbox-content-align-center eael-flipbox-img-default elementor-widget elementor-widget-eael-flip-box\" data-id=\"1734e7b\" data-element_type=\"widget\" data-widget_type=\"eael-flip-box.default\">\n\t\t\t\t<div class=\"elementor-widget-container\">\n\t\t\t\n        <div class=\"eael-elements-flip-box-container eael-animate-flip eael-animate-left eael-content\">\n\n            <div class=\"eael-elements-flip-box-flip-card\">\n                <div class=\"eael-elements-flip-box-front-container\">\n\n                    \n                        <div class=\"eael-elements-slider-display-table\">\n                            <div class=\"eael-elements-flip-box-vertical-align\">\n                                <div class=\"eael-elements-flip-box-padding\">\n                                    <div class=\"eael-elements-flip-box-icon-image\">\n                                                                                    <img decoding=\"async\" class=\"eael-flipbox-image-as-icon\" src=\"https:\/\/pallotynisandomierz.pl\/wp-content\/uploads\/2024\/02\/Logo-500x500-px-1.png\" alt=\"\">\n                                                                            <\/div>\n                                                                        <div class=\"eael-elements-flip-box-content\">\n\t                                                                            <p><\/p>                                    <\/div>\n                                <\/div>\n                            <\/div>\n                        <\/div>\n                                    <\/div>\n\n                <div class=\"eael-elements-flip-box-rear-container\">\n\n                                            <div class=\"eael-elements-slider-display-table\">\n                            <div class=\"eael-elements-flip-box-vertical-align\">\n                                <div class=\"eael-elements-flip-box-padding\">\n                                                                                                            <h1 class=\"eael-elements-flip-box-heading\">ZAPRASZAMY<\/h1>\n                                                                        <div class=\"eael-elements-flip-box-content\">\n                                                                                <p><\/p>                                    <\/div>\n\n                                                                    <\/div>\n                            <\/div>\n                        <\/div>\n                                    <\/div>\n            <\/div>\n        <\/div>\n\n\t\t<\/div>\n\t\t\t\t<\/div>\n\t\t\t\t\t<\/div>\n\t\t<\/div>\n\t\t\t\t<div class=\"elementor-column elementor-col-50 elementor-top-column elementor-element elementor-element-d8f8201\" data-id=\"d8f8201\" data-element_type=\"column\">\n\t\t\t<div class=\"elementor-widget-wrap elementor-element-populated\">\n\t\t\t\t\t\t<div class=\"elementor-element elementor-element-0f23741 elementor-widget elementor-widget-text-editor\" data-id=\"0f23741\" data-element_type=\"widget\" data-widget_type=\"text-editor.default\">\n\t\t\t\t<div class=\"elementor-widget-container\">\n\t\t\t\t\t\t\t<p>\u00a0<\/p>\n<p style=\"text-align: center;\">W naszym obiekcie oferujemy 50 miejsc noclegowych w pokojach 2, 3 i 4 osobowych.\u00a0<\/p>\t\t\t\t\t\t<\/div>\n\t\t\t\t<\/div>\n\t\t\t\t\t<\/div>\n\t\t<\/div>\n\t\t\t\t\t<\/div>\n\t\t<\/section>\n\t\t\t\t<section class=\"elementor-section elementor-top-section elementor-element elementor-element-6d2db23 elementor-section-boxed elementor-section-height-default elementor-section-height-default\" data-id=\"6d2db23\" data-element_type=\"section\">\n\t\t\t\t\t\t<div class=\"elementor-container elementor-column-gap-default\">\n\t\t\t\t\t<div class=\"elementor-column elementor-col-50 elementor-top-column elementor-element elementor-element-2d586bb\" data-id=\"2d586bb\" data-element_type=\"column\">\n\t\t\t<div class=\"elementor-widget-wrap elementor-element-populated\">\n\t\t\t\t\t\t<div class=\"elementor-element elementor-element-1b11bf8 elementor-widget elementor-widget-text-editor\" data-id=\"1b11bf8\" data-element_type=\"widget\" data-widget_type=\"text-editor.default\">\n\t\t\t\t<div class=\"elementor-widget-container\">\n\t\t\t\t\t\t\t<p>\u00a0<\/p>\n<ul>\n<li>do dyspozycji w domu znajduje si\u0119: kaplica, sala spotka\u0144 (telewizyjna), jadalnia oraz teren wok\u00f3\u0142 domu.<\/li>\n<li>w ofercie wynajmu pokoi istnieje mo\u017cliwo\u015b\u0107 wy\u017cywienia (dla grup).<\/li>\n<\/ul>\t\t\t\t\t\t<\/div>\n\t\t\t\t<\/div>\n\t\t\t\t\t<\/div>\n\t\t<\/div>\n\t\t\t\t<div class=\"elementor-column elementor-col-50 elementor-top-column elementor-element elementor-element-6bf2ba4\" data-id=\"6bf2ba4\" data-element_type=\"column\">\n\t\t\t<div class=\"elementor-widget-wrap elementor-element-populated\">\n\t\t\t\t\t\t<div class=\"elementor-element elementor-element-5a3e8f1 elementor-widget elementor-widget-image\" data-id=\"5a3e8f1\" data-element_type=\"widget\" data-widget_type=\"image.default\">\n\t\t\t\t<div class=\"elementor-widget-container\">\n\t\t\t\t\t\t\t\t\t\t\t\t\t<img fetchpriority=\"high\" decoding=\"async\" width=\"960\" height=\"720\" src=\"https:\/\/pallotynisandomierz.pl\/wp-content\/uploads\/2020\/08\/IMG_0054-1024x768.jpeg\" class=\"attachment-large size-large wp-image-871\" alt=\"\" srcset=\"https:\/\/pallotynisandomierz.pl\/wp-content\/uploads\/2020\/08\/IMG_0054-1024x768.jpeg 1024w, https:\/\/pallotynisandomierz.pl\/wp-content\/uploads\/2020\/08\/IMG_0054-600x450.jpeg 600w, https:\/\/pallotynisandomierz.pl\/wp-content\/uploads\/2020\/08\/IMG_0054-300x225.jpeg 300w, https:\/\/pallotynisandomierz.pl\/wp-content\/uploads\/2020\/08\/IMG_0054-768x576.jpeg 768w\" sizes=\"(max-width: 960px) 100vw, 960px\" \/>\t\t\t\t\t\t\t\t\t\t\t\t\t<\/div>\n\t\t\t\t<\/div>\n\t\t\t\t\t<\/div>\n\t\t<\/div>\n\t\t\t\t\t<\/div>\n\t\t<\/section>\n\t\t\t\t<section class=\"elementor-section elementor-top-section elementor-element elementor-element-c9169fe elementor-section-boxed elementor-section-height-default elementor-section-height-default\" data-id=\"c9169fe\" data-element_type=\"section\">\n\t\t\t\t\t\t<div class=\"elementor-container elementor-column-gap-default\">\n\t\t\t\t\t<div class=\"elementor-column elementor-col-50 elementor-top-column elementor-element elementor-element-455cc0d\" data-id=\"455cc0d\" data-element_type=\"column\">\n\t\t\t<div class=\"elementor-widget-wrap elementor-element-populated\">\n\t\t\t\t\t\t<div class=\"elementor-element elementor-element-4b11e1e elementor-widget elementor-widget-image\" data-id=\"4b11e1e\" data-element_type=\"widget\" data-widget_type=\"image.default\">\n\t\t\t\t<div class=\"elementor-widget-container\">\n\t\t\t\t\t\t\t\t\t\t\t\t\t<img decoding=\"async\" width=\"960\" height=\"636\" src=\"https:\/\/pallotynisandomierz.pl\/wp-content\/uploads\/2023\/10\/DSC_1117-1024x678.jpg\" class=\"attachment-large size-large wp-image-2270\" alt=\"\" srcset=\"https:\/\/pallotynisandomierz.pl\/wp-content\/uploads\/2023\/10\/DSC_1117-1024x678.jpg 1024w, https:\/\/pallotynisandomierz.pl\/wp-content\/uploads\/2023\/10\/DSC_1117-scaled-600x398.jpg 600w, https:\/\/pallotynisandomierz.pl\/wp-content\/uploads\/2023\/10\/DSC_1117-300x199.jpg 300w, https:\/\/pallotynisandomierz.pl\/wp-content\/uploads\/2023\/10\/DSC_1117-768x509.jpg 768w, https:\/\/pallotynisandomierz.pl\/wp-content\/uploads\/2023\/10\/DSC_1117-1536x1017.jpg 1536w, https:\/\/pallotynisandomierz.pl\/wp-content\/uploads\/2023\/10\/DSC_1117-2048x1356.jpg 2048w\" sizes=\"(max-width: 960px) 100vw, 960px\" \/>\t\t\t\t\t\t\t\t\t\t\t\t\t<\/div>\n\t\t\t\t<\/div>\n\t\t\t\t\t<\/div>\n\t\t<\/div>\n\t\t\t\t<div class=\"elementor-column elementor-col-50 elementor-top-column elementor-element elementor-element-fe89fb4\" data-id=\"fe89fb4\" data-element_type=\"column\">\n\t\t\t<div class=\"elementor-widget-wrap elementor-element-populated\">\n\t\t\t\t\t\t<div class=\"elementor-element elementor-element-fa3cc5c elementor-widget elementor-widget-text-editor\" data-id=\"fa3cc5c\" data-element_type=\"widget\" data-widget_type=\"text-editor.default\">\n\t\t\t\t<div class=\"elementor-widget-container\">\n\t\t\t\t\t\t\t<p>\u00a0<\/p>\n<p>\u00a0<\/p>\n<p style=\"text-align: center;\">Zapraszamy na wypoczynek indywidualny i rodzinny, na rekolekcje, szkolenia, konferencje, kolonie.<\/p>\t\t\t\t\t\t<\/div>\n\t\t\t\t<\/div>\n\t\t\t\t\t<\/div>\n\t\t<\/div>\n\t\t\t\t\t<\/div>\n\t\t<\/section>\n\t\t\t\t<section class=\"elementor-section elementor-top-section elementor-element elementor-element-8bdd335 elementor-section-boxed elementor-section-height-default elementor-section-height-default\" data-id=\"8bdd335\" data-element_type=\"section\">\n\t\t\t\t\t\t<div class=\"elementor-container elementor-column-gap-default\">\n\t\t\t\t\t<div class=\"elementor-column elementor-col-50 elementor-top-column elementor-element elementor-element-b3a365d\" data-id=\"b3a365d\" data-element_type=\"column\">\n\t\t\t<div class=\"elementor-widget-wrap elementor-element-populated\">\n\t\t\t\t\t\t<div class=\"elementor-element elementor-element-e72e533 elementor-widget elementor-widget-text-editor\" data-id=\"e72e533\" data-element_type=\"widget\" data-widget_type=\"text-editor.default\">\n\t\t\t\t<div class=\"elementor-widget-container\">\n\t\t\t\t\t\t\t<p>\u00a0<\/p>\n<p>\u00a0<\/p>\n<p style=\"text-align: center;\">Organizujemy r\u00f3wnie\u017c: chrzciny, komunie, wesela, urodziny, stypy&#8230;<\/p>\t\t\t\t\t\t<\/div>\n\t\t\t\t<\/div>\n\t\t\t\t\t<\/div>\n\t\t<\/div>\n\t\t\t\t<div class=\"elementor-column elementor-col-50 elementor-top-column elementor-element elementor-element-dfedb06\" data-id=\"dfedb06\" data-element_type=\"column\">\n\t\t\t<div class=\"elementor-widget-wrap elementor-element-populated\">\n\t\t\t\t\t\t<div class=\"elementor-element elementor-element-2ddc4ea elementor-widget elementor-widget-image\" data-id=\"2ddc4ea\" data-element_type=\"widget\" data-widget_type=\"image.default\">\n\t\t\t\t<div class=\"elementor-widget-container\">\n\t\t\t\t\t\t\t\t\t\t\t\t\t<img decoding=\"async\" width=\"960\" height=\"720\" src=\"https:\/\/pallotynisandomierz.pl\/wp-content\/uploads\/2024\/02\/IMG_6774-1024x768.jpg\" class=\"attachment-large size-large wp-image-2726\" alt=\"\" srcset=\"https:\/\/pallotynisandomierz.pl\/wp-content\/uploads\/2024\/02\/IMG_6774-1024x768.jpg 1024w, https:\/\/pallotynisandomierz.pl\/wp-content\/uploads\/2024\/02\/IMG_6774-300x225.jpg 300w, https:\/\/pallotynisandomierz.pl\/wp-content\/uploads\/2024\/02\/IMG_6774-768x576.jpg 768w, https:\/\/pallotynisandomierz.pl\/wp-content\/uploads\/2024\/02\/IMG_6774-1536x1152.jpg 1536w, https:\/\/pallotynisandomierz.pl\/wp-content\/uploads\/2024\/02\/IMG_6774-1140x855.jpg 1140w, https:\/\/pallotynisandomierz.pl\/wp-content\/uploads\/2024\/02\/IMG_6774-600x450.jpg 600w, https:\/\/pallotynisandomierz.pl\/wp-content\/uploads\/2024\/02\/IMG_6774.jpg 2016w\" sizes=\"(max-width: 960px) 100vw, 960px\" \/>\t\t\t\t\t\t\t\t\t\t\t\t\t<\/div>\n\t\t\t\t<\/div>\n\t\t\t\t\t<\/div>\n\t\t<\/div>\n\t\t\t\t\t<\/div>\n\t\t<\/section>\n\t\t\t\t<section class=\"elementor-section elementor-top-section elementor-element elementor-element-7f84157 elementor-section-boxed elementor-section-height-default elementor-section-height-default\" data-id=\"7f84157\" data-element_type=\"section\">\n\t\t\t\t\t\t<div class=\"elementor-container elementor-column-gap-default\">\n\t\t\t\t\t<div class=\"elementor-column elementor-col-50 elementor-top-column elementor-element elementor-element-8cb34b3\" data-id=\"8cb34b3\" data-element_type=\"column\">\n\t\t\t<div class=\"elementor-widget-wrap elementor-element-populated\">\n\t\t\t\t\t\t<div class=\"elementor-element elementor-element-4f6d3cb elementor-widget elementor-widget-image\" data-id=\"4f6d3cb\" data-element_type=\"widget\" data-widget_type=\"image.default\">\n\t\t\t\t<div class=\"elementor-widget-container\">\n\t\t\t\t\t\t\t\t\t\t\t\t\t<img loading=\"lazy\" decoding=\"async\" width=\"683\" height=\"1024\" src=\"https:\/\/pallotynisandomierz.pl\/wp-content\/uploads\/2020\/08\/IMG_8042-2-683x1024.jpg\" class=\"attachment-large size-large wp-image-881\" alt=\"\" srcset=\"https:\/\/pallotynisandomierz.pl\/wp-content\/uploads\/2020\/08\/IMG_8042-2-683x1024.jpg 683w, https:\/\/pallotynisandomierz.pl\/wp-content\/uploads\/2020\/08\/IMG_8042-2-600x900.jpg 600w, https:\/\/pallotynisandomierz.pl\/wp-content\/uploads\/2020\/08\/IMG_8042-2-200x300.jpg 200w, https:\/\/pallotynisandomierz.pl\/wp-content\/uploads\/2020\/08\/IMG_8042-2-768x1152.jpg 768w, https:\/\/pallotynisandomierz.pl\/wp-content\/uploads\/2020\/08\/IMG_8042-2-scaled.jpg 1707w\" sizes=\"(max-width: 683px) 100vw, 683px\" \/>\t\t\t\t\t\t\t\t\t\t\t\t\t<\/div>\n\t\t\t\t<\/div>\n\t\t\t\t\t<\/div>\n\t\t<\/div>\n\t\t\t\t<div class=\"elementor-column elementor-col-50 elementor-top-column elementor-element elementor-element-321e53a\" data-id=\"321e53a\" data-element_type=\"column\">\n\t\t\t<div class=\"elementor-widget-wrap elementor-element-populated\">\n\t\t\t\t\t\t<div class=\"elementor-element elementor-element-70da85c4 elementor-widget elementor-widget-text-editor\" data-id=\"70da85c4\" data-element_type=\"widget\" data-widget_type=\"text-editor.default\">\n\t\t\t\t<div class=\"elementor-widget-container\">\n\t\t\t\t\t\t\t<!-- wp:paragraph --><!-- \/wp:paragraph --><!-- wp:paragraph --><!-- \/wp:paragraph --><!-- wp:paragraph --><!-- \/wp:paragraph --><!-- wp:paragraph --><!-- \/wp:paragraph --><!-- wp:paragraph -->\n<p>\u00a0<\/p>\n<!-- \/wp:paragraph --><!-- wp:paragraph --><hr \/>\n<p>O\u015brodek po\u0142o\u017cony jest na obrze\u017cach miasta (blisko\u015b\u0107 g\u00f3r pieprzowych), daje mo\u017cliwo\u015b\u0107 wyciszenia i spokoju, a jednocze\u015bnie, poprzez blisko\u015b\u0107 z centrum miasta, stanowi idealn\u0105 baz\u0119 wypadow\u0105 dla turyst\u00f3w indywidualnych czy te\u017c zorganizowanych grup, odwiedzaj\u0105cych pi\u0119kne kr\u00f3lewskie miasto Sandomierz.<\/p>\n<p>\u00a0<\/p>\n<p>\u00a0<\/p>\n<p>\u00a0<\/p>\n<p><br \/>Nasz dom znajduje si\u0119 ok. 2 km od sandomierskiej star\u00f3wki.<\/p>\n<!-- \/wp:paragraph -->\t\t\t\t\t\t<\/div>\n\t\t\t\t<\/div>\n\t\t\t\t\t<\/div>\n\t\t<\/div>\n\t\t\t\t\t<\/div>\n\t\t<\/section>\n\t\t\t\t<section class=\"elementor-section elementor-top-section elementor-element elementor-element-198ea30 elementor-section-boxed elementor-section-height-default elementor-section-height-default\" data-id=\"198ea30\" data-element_type=\"section\">\n\t\t\t\t\t\t<div class=\"elementor-container elementor-column-gap-default\">\n\t\t\t\t\t<div class=\"elementor-column elementor-col-100 elementor-top-column elementor-element elementor-element-651c3d9\" data-id=\"651c3d9\" data-element_type=\"column\">\n\t\t\t<div class=\"elementor-widget-wrap elementor-element-populated\">\n\t\t\t\t\t\t<div class=\"elementor-element elementor-element-9f322c6 elementor-widget elementor-widget-google_maps\" data-id=\"9f322c6\" data-element_type=\"widget\" data-widget_type=\"google_maps.default\">\n\t\t\t\t<div class=\"elementor-widget-container\">\n\t\t\t\t\t<div class=\"elementor-custom-embed\">\n\t\t\t<iframe loading=\"lazy\"\n\t\t\t\t\tsrc=\"https:\/\/maps.google.com\/maps?q=Parafia%20Chrystusa%20Kr%C3%B3la%20Sandomie&#038;t=m&#038;z=13&#038;output=embed&#038;iwloc=near\"\n\t\t\t\t\ttitle=\"Parafia Chrystusa Kr\u00f3la Sandomie\"\n\t\t\t\t\taria-label=\"Parafia Chrystusa Kr\u00f3la Sandomie\"\n\t\t\t><\/iframe>\n\t\t<\/div>\n\t\t\t\t<\/div>\n\t\t\t\t<\/div>\n\t\t\t\t\t<\/div>\n\t\t<\/div>\n\t\t\t\t\t<\/div>\n\t\t<\/section>\n\t\t\t\t<section class=\"elementor-section elementor-top-section elementor-element elementor-element-8a5b19a elementor-section-boxed elementor-section-height-default elementor-section-height-default\" data-id=\"8a5b19a\" data-element_type=\"section\">\n\t\t\t\t\t\t<div class=\"elementor-container elementor-column-gap-default\">\n\t\t\t\t\t<div class=\"elementor-column elementor-col-100 elementor-top-column elementor-element elementor-element-9811ec3\" data-id=\"9811ec3\" data-element_type=\"column\">\n\t\t\t<div class=\"elementor-widget-wrap elementor-element-populated\">\n\t\t\t\t\t\t<div class=\"elementor-element elementor-element-b8be0b4 elementor-widget elementor-widget-spacer\" data-id=\"b8be0b4\" data-element_type=\"widget\" data-widget_type=\"spacer.default\">\n\t\t\t\t<div class=\"elementor-widget-container\">\n\t\t\t\t\t<div class=\"elementor-spacer\">\n\t\t\t<div class=\"elementor-spacer-inner\"><\/div>\n\t\t<\/div>\n\t\t\t\t<\/div>\n\t\t\t\t<\/div>\n\t\t\t\t<div class=\"elementor-element elementor-element-afe4172 elementor-widget elementor-widget-text-editor\" data-id=\"afe4172\" data-element_type=\"widget\" data-widget_type=\"text-editor.default\">\n\t\t\t\t<div class=\"elementor-widget-container\">\n\t\t\t\t\t\t\t<p style=\"text-align: center;\"><span style=\"font-size: 16px; color: #808080;\">Pokoje Go\u015bcinne mo\u017cna zarezerwowa\u0107 poprzez kontakt z parafi\u0105:<\/span><\/p>\n<p style=\"text-align: center;\"><span style=\"font-size: 16px; color: #808080;\">E-mail:\u00a0<strong><a style=\"color: #808080;\" href=\"mailto:parafiapallotyni@gmail.com\">parafiapallotyni@gmail.com<\/a><\/strong><\/span><\/p>\n<p style=\"text-align: center;\"><span style=\"font-size: 16px; color: #808080;\">Tel.:\u00a0<strong>15 832 86 49<\/strong><\/span><\/p>\n<p class=\"MsoNormal\" style=\"text-align: center;\"><span style=\"font-size: 16px; line-height: 107%; font-family: Arial, sans-serif; color: #808080;\">Koszt pobytu do\u00a0uzgodnienia indywidualnie<\/span><\/p>\t\t\t\t\t\t<\/div>\n\t\t\t\t<\/div>\n\t\t\t\t\t<\/div>\n\t\t<\/div>\n\t\t\t\t\t<\/div>\n\t\t<\/section>\n\t\t\t\t<section class=\"elementor-section elementor-top-section elementor-element elementor-element-5125831 elementor-section-boxed elementor-section-height-default elementor-section-height-default\" data-id=\"5125831\" data-element_type=\"section\">\n\t\t\t\t\t\t<div class=\"elementor-container elementor-column-gap-default\">\n\t\t\t\t\t<div class=\"elementor-column elementor-col-100 elementor-top-column elementor-element elementor-element-eeef9b2\" data-id=\"eeef9b2\" data-element_type=\"column\">\n\t\t\t<div class=\"elementor-widget-wrap\">\n\t\t\t\t\t\t\t<\/div>\n\t\t<\/div>\n\t\t\t\t\t<\/div>\n\t\t<\/section>\n\t\t\t\t<section class=\"elementor-section elementor-top-section elementor-element elementor-element-469f443 elementor-section-boxed elementor-section-height-default elementor-section-height-default\" data-id=\"469f443\" data-element_type=\"section\">\n\t\t\t\t\t\t<div class=\"elementor-container elementor-column-gap-default\">\n\t\t\t\t\t<div class=\"elementor-column elementor-col-100 elementor-top-column elementor-element elementor-element-0da675c\" data-id=\"0da675c\" data-element_type=\"column\">\n\t\t\t<div class=\"elementor-widget-wrap\">\n\t\t\t\t\t\t\t<\/div>\n\t\t<\/div>\n\t\t\t\t\t<\/div>\n\t\t<\/section>\n\t\t\t\t<\/div>\n\t\t","protected":false},"excerpt":{"rendered":"<p>ZAPRASZAMY \u00a0 W naszym obiekcie oferujemy 50 miejsc noclegowych w pokojach 2, 3 i 4 osobowych.\u00a0 \u00a0 do dyspozycji w domu znajduje si\u0119: kaplica, sala spotka\u0144 (telewizyjna), jadalnia oraz teren wok\u00f3\u0142 domu. w ofercie wynajmu pokoi istnieje mo\u017cliwo\u015b\u0107 wy\u017cywienia (dla grup). \u00a0 \u00a0 Zapraszamy na wypoczynek indywidualny i rodzinny, na rekolekcje, szkolenia, konferencje, kolonie. \u00a0 \u00a0 Organizujemy r\u00f3wnie\u017c: chrzciny, komunie, wesela, urodziny, stypy&#8230; \u00a0 O\u015brodek po\u0142o\u017cony jest na obrze\u017cach miasta (blisko\u015b\u0107 g\u00f3r pieprzowych), daje mo\u017cliwo\u015b\u0107 wyciszenia i spokoju, a jednocze\u015bnie, poprzez blisko\u015b\u0107 z centrum miasta, stanowi idealn\u0105 baz\u0119 wypadow\u0105 dla turyst\u00f3w indywidualnych czy te\u017c zorganizowanych grup, odwiedzaj\u0105cych pi\u0119kne kr\u00f3lewskie miasto Sandomierz. \u00a0 \u00a0 \u00a0 Nasz dom znajduje si\u0119 ok. 2 km od sandomierskiej star\u00f3wki. Pokoje Go\u015bcinne mo\u017cna zarezerwowa\u0107 poprzez kontakt z parafi\u0105: E-mail:\u00a0parafiapallotyni@gmail.com Tel.:\u00a015 832 86 49 Koszt pobytu do\u00a0uzgodnienia indywidualnie<\/p>\n","protected":false},"author":1,"featured_media":0,"parent":0,"menu_order":0,"comment_status":"closed","ping_status":"closed","template":"","meta":{"_eb_attr":"","ngg_post_thumbnail":0,"footnotes":""},"_links":{"self":[{"href":"https:\/\/pallotynisandomierz.pl\/index.php\/wp-json\/wp\/v2\/pages\/347"}],"collection":[{"href":"https:\/\/pallotynisandomierz.pl\/index.php\/wp-json\/wp\/v2\/pages"}],"about":[{"href":"https:\/\/pallotynisandomierz.pl\/index.php\/wp-json\/wp\/v2\/types\/page"}],"author":[{"embeddable":true,"href":"https:\/\/pallotynisandomierz.pl\/index.php\/wp-json\/wp\/v2\/users\/1"}],"replies":[{"embeddable":true,"href":"https:\/\/pallotynisandomierz.pl\/index.php\/wp-json\/wp\/v2\/comments?post=347"}],"version-history":[{"count":16,"href":"https:\/\/pallotynisandomierz.pl\/index.php\/wp-json\/wp\/v2\/pages\/347\/revisions"}],"predecessor-version":[{"id":2783,"href":"https:\/\/pallotynisandomierz.pl\/index.php\/wp-json\/wp\/v2\/pages\/347\/revisions\/2783"}],"wp:attachment":[{"href":"https:\/\/pallotynisandomierz.pl\/index.php\/wp-json\/wp\/v2\/media?parent=347"}],"curies":[{"name":"wp","href":"https:\/\/api.w.org\/{rel}","templated":true}]}}