{"id":349,"date":"2019-11-15T14:08:21","date_gmt":"2019-11-15T13:08:21","guid":{"rendered":"http:\/\/pallotynisandomierz.pl\/?page_id=349"},"modified":"2025-03-06T15:18:16","modified_gmt":"2025-03-06T14:18:16","slug":"baza-noclegowa","status":"publish","type":"page","link":"https:\/\/pallotynisandomierz.pl\/index.php\/baza-noclegowa\/","title":{"rendered":"NASZE POKOJE"},"content":{"rendered":"\n<div style=\"height:40px\" aria-hidden=\"true\" class=\"wp-block-spacer\"><\/div>\n\n\n\n<p><em>Pokoje typu segment, czyli 2 pokoje ze wsp\u00f3ln\u0105 \u0142azienk\u0105<\/em><\/p>\n\n\n\n<div style=\"height:22px\" aria-hidden=\"true\" class=\"wp-block-spacer\"><\/div>\n\n\n\n<hr class=\"wp-block-separator has-alpha-channel-opacity\"\/>\n\n\n\n<div style=\"height:37px\" aria-hidden=\"true\" class=\"wp-block-spacer\"><\/div>\n\n\n\n<p>Segment I: pok\u00f3j nr 1 (4 os.) + pok\u00f3j nr 2 (4 os.) \u2013 wsp\u00f3lna \u0142azienka<\/p>\n\n\n\n<p>Segment II: pok\u00f3j nr 3 (5 os.) + pok\u00f3j nr 4 (3 os.) \u2013 wsp\u00f3lna \u0142azienka<\/p>\n\n\n\n<p>Segment III: pok\u00f3j nr 5 (3 os.) + pok\u00f3j nr 6 (4 os.) \u2013 wsp\u00f3lna \u0142azienka<\/p>\n\n\n\n<p>Segment IV: pok\u00f3j nr 7 (4 os.) + pok\u00f3j nr 8 (3 os.) \u2013 wsp\u00f3lna \u0142azienka&nbsp;<\/p>\n\n\n\n<p>Segment V: pok\u00f3j nr 9 (2 os.) + pok\u00f3j nr 10 (2 os.) \u2013 wsp\u00f3lna \u0142azienka<\/p>\n\n\n\n<p>Segment VI: pok\u00f3j nr 11 (4os.) + pok\u00f3j nr 12 (4 os.) \u2013 wsp\u00f3lna \u0142azienka<\/p>\n\n\n\n<p>Segment VII: pok\u00f3j nr 13 (4 os.) + pok\u00f3j nr 14 (4 os.) \u2013 wsp\u00f3lna \u0142azienka<\/p>\n\n\n\n<p><\/p>\n\n\n\n<p>W segmencie nr V (pokoje nr 9 i 10) nie ma \u0142\u00f3\u017cek pi\u0119trowych, w pozosta\u0142ych jest jedno \u0142\u00f3\u017cko pi\u0119trowe w ka\u017cdym pokoju.<\/p>\n\n\n\n<p><strong><u>Razem 50 os\u00f3b<\/u><\/strong><\/p>\n","protected":false},"excerpt":{"rendered":"<p>Pokoje typu segment, czyli 2 pokoje ze wsp\u00f3ln\u0105 \u0142azienk\u0105 Segment I: pok\u00f3j nr 1 (4 os.) + pok\u00f3j nr 2 (4 os.) \u2013 wsp\u00f3lna \u0142azienka Segment II: pok\u00f3j nr 3 (5 os.) + pok\u00f3j nr 4 (3 os.) \u2013 wsp\u00f3lna \u0142azienka Segment III: pok\u00f3j nr 5 (3 os.) + pok\u00f3j nr 6 (4 os.) \u2013 wsp\u00f3lna \u0142azienka Segment IV: pok\u00f3j nr 7 (4 os.) + pok\u00f3j nr 8 (3 os.) \u2013 wsp\u00f3lna \u0142azienka&nbsp; Segment V: pok\u00f3j nr 9 (2 os.) + pok\u00f3j nr 10 (2 os.) \u2013 wsp\u00f3lna \u0142azienka Segment VI: pok\u00f3j nr 11 (4os.) + pok\u00f3j nr 12 (4 os.) \u2013 wsp\u00f3lna \u0142azienka Segment VII: pok\u00f3j nr 13 (4 os.) + pok\u00f3j nr 14 (4 os.) \u2013 wsp\u00f3lna \u0142azienka W segmencie nr V (pokoje nr 9 i 10) nie ma \u0142\u00f3\u017cek pi\u0119trowych, w pozosta\u0142ych jest jedno \u0142\u00f3\u017cko pi\u0119trowe w ka\u017cdym pokoju. Razem 50 os\u00f3b<\/p>\n","protected":false},"author":1,"featured_media":0,"parent":0,"menu_order":0,"comment_status":"closed","ping_status":"closed","template":"","meta":{"_eb_attr":"","ngg_post_thumbnail":0,"footnotes":""},"_links":{"self":[{"href":"https:\/\/pallotynisandomierz.pl\/index.php\/wp-json\/wp\/v2\/pages\/349"}],"collection":[{"href":"https:\/\/pallotynisandomierz.pl\/index.php\/wp-json\/wp\/v2\/pages"}],"about":[{"href":"https:\/\/pallotynisandomierz.pl\/index.php\/wp-json\/wp\/v2\/types\/page"}],"author":[{"embeddable":true,"href":"https:\/\/pallotynisandomierz.pl\/index.php\/wp-json\/wp\/v2\/users\/1"}],"replies":[{"embeddable":true,"href":"https:\/\/pallotynisandomierz.pl\/index.php\/wp-json\/wp\/v2\/comments?post=349"}],"version-history":[{"count":15,"href":"https:\/\/pallotynisandomierz.pl\/index.php\/wp-json\/wp\/v2\/pages\/349\/revisions"}],"predecessor-version":[{"id":5059,"href":"https:\/\/pallotynisandomierz.pl\/index.php\/wp-json\/wp\/v2\/pages\/349\/revisions\/5059"}],"wp:attachment":[{"href":"https:\/\/pallotynisandomierz.pl\/index.php\/wp-json\/wp\/v2\/media?parent=349"}],"curies":[{"name":"wp","href":"https:\/\/api.w.org\/{rel}","templated":true}]}}