{"id":3939,"date":"2024-05-16T11:10:47","date_gmt":"2024-05-16T09:10:47","guid":{"rendered":"https:\/\/pallotynisandomierz.pl\/?page_id=3939"},"modified":"2024-05-16T11:13:30","modified_gmt":"2024-05-16T09:13:30","slug":"sw-rita","status":"publish","type":"page","link":"https:\/\/pallotynisandomierz.pl\/index.php\/sw-rita\/","title":{"rendered":"\u015aW. RITA"},"content":{"rendered":"\t\t<div data-elementor-type=\"wp-page\" data-elementor-id=\"3939\" class=\"elementor elementor-3939\">\n\t\t\t\t\t\t<section class=\"elementor-section elementor-top-section elementor-element elementor-element-7572ab8 elementor-section-boxed elementor-section-height-default elementor-section-height-default\" data-id=\"7572ab8\" data-element_type=\"section\">\n\t\t\t\t\t\t<div class=\"elementor-container elementor-column-gap-default\">\n\t\t\t\t\t<div class=\"elementor-column elementor-col-50 elementor-top-column elementor-element elementor-element-5decfef\" data-id=\"5decfef\" data-element_type=\"column\">\n\t\t\t<div class=\"elementor-widget-wrap elementor-element-populated\">\n\t\t\t\t\t\t<div class=\"elementor-element elementor-element-0ff5a00 elementor-widget elementor-widget-image\" data-id=\"0ff5a00\" data-element_type=\"widget\" data-widget_type=\"image.default\">\n\t\t\t\t<div class=\"elementor-widget-container\">\n\t\t\t\t\t\t\t\t\t\t\t\t\t<img fetchpriority=\"high\" decoding=\"async\" width=\"505\" height=\"650\" src=\"https:\/\/pallotynisandomierz.pl\/wp-content\/uploads\/2024\/05\/7276-modlitwa-do-sw-rity-w-beznadziejnyc.jpg\" class=\"attachment-large size-large wp-image-3941\" alt=\"\" srcset=\"https:\/\/pallotynisandomierz.pl\/wp-content\/uploads\/2024\/05\/7276-modlitwa-do-sw-rity-w-beznadziejnyc.jpg 505w, https:\/\/pallotynisandomierz.pl\/wp-content\/uploads\/2024\/05\/7276-modlitwa-do-sw-rity-w-beznadziejnyc-233x300.jpg 233w\" sizes=\"(max-width: 505px) 100vw, 505px\" \/>\t\t\t\t\t\t\t\t\t\t\t\t\t<\/div>\n\t\t\t\t<\/div>\n\t\t\t\t\t<\/div>\n\t\t<\/div>\n\t\t\t\t<div class=\"elementor-column elementor-col-50 elementor-top-column elementor-element elementor-element-7159343\" data-id=\"7159343\" data-element_type=\"column\">\n\t\t\t<div class=\"elementor-widget-wrap elementor-element-populated\">\n\t\t\t\t\t\t<div class=\"elementor-element elementor-element-aebb0ef elementor-widget elementor-widget-text-editor\" data-id=\"aebb0ef\" data-element_type=\"widget\" data-widget_type=\"text-editor.default\">\n\t\t\t\t<div class=\"elementor-widget-container\">\n\t\t\t\t\t\t\t<p>\u015aw. Rita urodzi\u0142a si\u0119 niedaleko Asy\u017cu we W\u0142oszech w ma\u0142ej g\u00f3rskiej miejscowo\u015bci Rocca-Porena w roku 1381. Imi\u0119 otrzymane na chrzcie jest zdrobnieniem od Margarita \/per\u0142a\/. Ju\u017c w dzieci\u0144stwie pokocha\u0142a Jezusa, jej marzeniem by\u0142o po\u015bwi\u0119cenie si\u0119 \u017cyciu zakonnemu. Rodzice zadecydowali jednak inaczej. Sami byli ju\u017c posuni\u0119ci w latach chcieli wi\u0119c zapewni\u0107 c\u00f3rce bezpieczn\u0105 przysz\u0142o\u015b\u0107 przez wydanie jej za m\u0105\u017c.<\/p><p>Poddaj\u0105c si\u0119 ich woli po\u015blubi\u0142a Paw\u0142a de Ferdynand cz\u0142owieka podobno przystojnego, ale o bardzo trudnym charakterze. Jej \u017cycie ma\u0142\u017ce\u0144skie by\u0142o bardzo trudne. Mimo tego w tradycji miejscowej zapisuje si\u0119 jako kobieta, \u017cona i matka o nienagannym charakterze i niezwyk\u0142ych przymiotach duszy. Ci\u0119\u017cko rannemu w wyniku konflikt\u00f3w z przeciwnikami politycznymi m\u0119\u017cowi wyprasza pojednanie z Bogiem przed \u015bmierci\u0105. B\u0119d\u0105c wdow\u0105 sama wychowuje dwu syn\u00f3w bli\u017aniak\u00f3w, a gdy ci zamierzaj\u0105 pom\u015bci\u0107 \u015bmier\u0107 ojca, prosi Boga, aby Ten uchroni\u0142 m\u0142odzie\u0144c\u00f3w od pope\u0142nienia zbrodni. B\u00f3g wys\u0142uchuje pr\u00f3\u015bb matki i obaj synowie umieraj\u0105 podczas zarazy. By\u0142o to kolejne tragiczne do\u015bwiadczenie w \u017cyciu \u015awi\u0119tej.<\/p>\t\t\t\t\t\t<\/div>\n\t\t\t\t<\/div>\n\t\t\t\t\t<\/div>\n\t\t<\/div>\n\t\t\t\t\t<\/div>\n\t\t<\/section>\n\t\t\t\t<section class=\"elementor-section elementor-top-section elementor-element elementor-element-1db214b elementor-section-boxed elementor-section-height-default elementor-section-height-default\" data-id=\"1db214b\" data-element_type=\"section\">\n\t\t\t\t\t\t<div class=\"elementor-container elementor-column-gap-default\">\n\t\t\t\t\t<div class=\"elementor-column elementor-col-100 elementor-top-column elementor-element elementor-element-edccc83\" data-id=\"edccc83\" data-element_type=\"column\">\n\t\t\t<div class=\"elementor-widget-wrap elementor-element-populated\">\n\t\t\t\t\t\t<div class=\"elementor-element elementor-element-2511d63 elementor-widget elementor-widget-text-editor\" data-id=\"2511d63\" data-element_type=\"widget\" data-widget_type=\"text-editor.default\">\n\t\t\t\t<div class=\"elementor-widget-container\">\n\t\t\t\t\t\t\t<p>Wolna od zobowi\u0105za\u0144 wobec \u015bwiata mo\u017ce teraz Rita spe\u0142ni\u0107 swoje dzieci\u0119ce pragnienie. Wst\u0119puje do klasztoru Si\u00f3str Augustianek w pobliskiej miejscowo\u015bci Cascia. W klasztorze tym sp\u0119dza reszt\u0119 swojego \u017cycia, b\u0119d\u0105c wzorem \u015bwi\u0119to\u015bci \u017cycia dla wsp\u00f3\u0142si\u00f3str. S\u0142u\u017cy Bogu zamkni\u0119ta w klasztornych murach, ale jednocze\u015bnie wci\u0105\u017c pozostaje otwarta na sprawy, problemy i dramaty wsp\u00f3\u0142czesnego jej \u015bwiata i Ko\u015bcio\u0142a. Ju\u017c za \u017cycia wyprasza wiele \u0142ask potrzebuj\u0105cym modlitewnego wsparcia. W zaciszu swej celi zakonnej modli si\u0119, po\u015bci i podejmuje r\u00f3\u017cne umartwienia. Ofiaruje je za chorych, cierpi\u0105cych, za ma\u0142\u017ce\u0144stwa prze\u017cywaj\u0105ce sytuacje kryzysowe, za zwa\u015bnione rodziny.<\/p><p>Pan wys\u0142uchuje Jej pr\u00f3\u015bb potwierdzaj\u0105c wci\u0105\u017c szczeg\u00f3ln\u0105 \u0142ask\u0119 wybrania, jak\u0105 obdarowa\u0142 Rit\u0119. Szczeg\u00f3lnym darem Pana Jezusa dla Rity by\u0142 dar cierpienia. Pan Jezus z krzy\u017ca, przed kt\u00f3rym \u015awi\u0119ta si\u0119 modli\u0142a, pos\u0142a\u0142 Jej cier\u0144 ze swej cierniowej korony. Cier\u0144 ten przez 15 lat bardzo bole\u015bnie rani\u0142 Jej czo\u0142o. W \u017cyciu wsp\u00f3lnoty zakonnej tak\u017ce dane Jej by\u0142o wiele wycierpie\u0107 g\u0142\u00f3wnie z powodu niezrozumienia.<\/p><p>Jedno z opowiada\u0144 o Jej \u017cyciu wspomina o tym, \u017ce prze\u0142o\u017cona nakaza\u0142a Ricie codziennie podlewa\u0107 suchy patyk wbity w ziemi\u0119 w ogrodzie. Rita w duchu pos\u0142usze\u0144stwa przez wiele dni spe\u0142nia\u0142a to polecenie, nie zwa\u017caj\u0105c na \u017carty i z\u0142o\u015bliwe komentarze si\u00f3str. Jakie\u017c by\u0142o zdumienie wszystkich, gdy pewnego ranka wysuszony patyk zaowocowa\u0142 pi\u0119knym winnym gronem. Umar\u0142a Rita 22 maja 1457 roku w opinii \u015bwi\u0119to\u015bci.<\/p><p>Tu\u017c po Jej \u015bmierci i potem przy grobie mia\u0142y miejsce nadzwyczajne zdarzenia. S\u0142awa tych zdarze\u0144 a tak\u017ce s\u0142awa \u015bwi\u0119to\u015bci Rity zacz\u0119\u0142a \u015bci\u0105ga\u0107 do grobu \u015bw. Rity wielu pielgrzym\u00f3w. Do dnia dzisiejszego \u015bci\u0105gaj\u0105 tam t\u0142umy. Cia\u0142o \u015bw. Rity mimo up\u0142ywu czasu pozosta\u0142o nienaruszone. Zosta\u0142o zreszt\u0105 cudownie uchronione przed zniszczeniem tak\u017ce w inny spos\u00f3b. Z\u0142o\u017cono je w cyprysowej trumnie, po kilku latach ko\u015bci\u00f3\u0142, w kt\u00f3rym cia\u0142o spoczywa\u0142o, sp\u0142on\u0105\u0142 doszcz\u0119tnie podczas gwa\u0142townego po\u017caru. Trumna jednak i cia\u0142o pozosta\u0142y nietkni\u0119te. Papie\u017c Urban VIII zatwierdzi\u0142 istniej\u0105cy \u017cywy kult \u015bw. Rity w 1628.roku. Uroczystej kanonizacji dokona\u0142 papie\u017c Leon XIII w 1900 roku. Nazwa\u0142 wtedy \u015bw. Rit\u0119 \u201edrogocenn\u0105 per\u0142\u0105 Umbrii\u201d.<\/p>\t\t\t\t\t\t<\/div>\n\t\t\t\t<\/div>\n\t\t\t\t\t<\/div>\n\t\t<\/div>\n\t\t\t\t\t<\/div>\n\t\t<\/section>\n\t\t\t\t<section class=\"elementor-section elementor-top-section elementor-element elementor-element-635c0c3 elementor-section-boxed elementor-section-height-default elementor-section-height-default\" data-id=\"635c0c3\" data-element_type=\"section\">\n\t\t\t\t\t\t<div class=\"elementor-container elementor-column-gap-default\">\n\t\t\t\t\t<div class=\"elementor-column elementor-col-100 elementor-top-column elementor-element elementor-element-9463f45\" data-id=\"9463f45\" data-element_type=\"column\">\n\t\t\t<div class=\"elementor-widget-wrap elementor-element-populated\">\n\t\t\t\t\t\t<div class=\"elementor-element elementor-element-a2e85b0 elementor-widget elementor-widget-image\" data-id=\"a2e85b0\" data-element_type=\"widget\" data-widget_type=\"image.default\">\n\t\t\t\t<div class=\"elementor-widget-container\">\n\t\t\t\t\t\t\t\t\t\t\t\t\t<img decoding=\"async\" width=\"500\" height=\"282\" src=\"https:\/\/pallotynisandomierz.pl\/wp-content\/uploads\/2024\/05\/PA035840.jpg\" class=\"attachment-large size-large wp-image-3942\" alt=\"\" srcset=\"https:\/\/pallotynisandomierz.pl\/wp-content\/uploads\/2024\/05\/PA035840.jpg 500w, https:\/\/pallotynisandomierz.pl\/wp-content\/uploads\/2024\/05\/PA035840-300x169.jpg 300w\" sizes=\"(max-width: 500px) 100vw, 500px\" \/>\t\t\t\t\t\t\t\t\t\t\t\t\t<\/div>\n\t\t\t\t<\/div>\n\t\t\t\t\t<\/div>\n\t\t<\/div>\n\t\t\t\t\t<\/div>\n\t\t<\/section>\n\t\t\t\t<section class=\"elementor-section elementor-top-section elementor-element elementor-element-3801141 elementor-section-boxed elementor-section-height-default elementor-section-height-default\" data-id=\"3801141\" data-element_type=\"section\">\n\t\t\t\t\t\t<div class=\"elementor-container elementor-column-gap-default\">\n\t\t\t\t\t<div class=\"elementor-column elementor-col-100 elementor-top-column elementor-element elementor-element-eeb607b\" data-id=\"eeb607b\" data-element_type=\"column\">\n\t\t\t<div class=\"elementor-widget-wrap elementor-element-populated\">\n\t\t\t\t\t\t<div class=\"elementor-element elementor-element-20193cf elementor-widget elementor-widget-heading\" data-id=\"20193cf\" data-element_type=\"widget\" data-widget_type=\"heading.default\">\n\t\t\t\t<div class=\"elementor-widget-container\">\n\t\t\t<h5 class=\"elementor-heading-title elementor-size-default\">Modlitwa do \u015bw. Rity<\/h5>\t\t<\/div>\n\t\t\t\t<\/div>\n\t\t\t\t\t<\/div>\n\t\t<\/div>\n\t\t\t\t\t<\/div>\n\t\t<\/section>\n\t\t\t\t<section class=\"elementor-section elementor-top-section elementor-element elementor-element-f4847ac elementor-section-boxed elementor-section-height-default elementor-section-height-default\" data-id=\"f4847ac\" data-element_type=\"section\">\n\t\t\t\t\t\t<div class=\"elementor-container elementor-column-gap-default\">\n\t\t\t\t\t<div class=\"elementor-column elementor-col-100 elementor-top-column elementor-element elementor-element-648a5fe\" data-id=\"648a5fe\" data-element_type=\"column\">\n\t\t\t<div class=\"elementor-widget-wrap elementor-element-populated\">\n\t\t\t\t\t\t<div class=\"elementor-element elementor-element-d0f40d4 elementor-widget elementor-widget-text-editor\" data-id=\"d0f40d4\" data-element_type=\"widget\" data-widget_type=\"text-editor.default\">\n\t\t\t\t<div class=\"elementor-widget-container\">\n\t\t\t\t\t\t\t<p style=\"text-align: center;\">\u015awi\u0119ta Rito, pos\u0142uszna c\u00f3ro swoim rodzicom, kochaj\u0105ca ma\u0142\u017conko gwa\u0142townego m\u0119\u017ca, cierpliwa matko dwojga trudnych dzieci, dobrotliwie wyrozumia\u0142a wsp\u00f3\u0142siostro w klasztornej wsp\u00f3lnocie, cudowna wsp\u00f3\u0142towarzyszko cierpie\u0144 ukochanego Pana. Ty znasz ludzi, oraz ich n\u0119dz\u0119. Ty wiesz tak\u017ce o pal\u0105cych troskach mojego serca. Bezgraniczna ufno\u015b\u0107 w moc Twego or\u0119downictwa prowadzi mnie do Ciebie. Pomog\u0142a\u015b niezliczonym ludziom w rozpaczliwych i prawie beznadziejnych wypadkach, by\u0142a\u015b ostatni\u0105 ucieczk\u0105 dla prosz\u0105cych Ci\u0119 z wiar\u0105. Nie opuszczaj mnie tak\u017ce w mojej wielkiej potrzebie&#8230;&#8230;&#8230;<\/p><p style=\"text-align: center;\">Ty do\u015bwiadczy\u0142a\u015b wielu cierpie\u0144 i sta\u0142a\u015b si\u0119 godn\u0105 nosi\u0107 na swym czole ran\u0119 cierniowej korony. Dopom\u00f3\u017c mi tak\u017ce i\u015b\u0107 moj\u0105 drog\u0105 i nie\u015b\u0107 m\u00f3j krzy\u017c razem z Chrystusem, aby doprowadzi\u0142 mnie do nieba. Amen!<\/p>\t\t\t\t\t\t<\/div>\n\t\t\t\t<\/div>\n\t\t\t\t\t<\/div>\n\t\t<\/div>\n\t\t\t\t\t<\/div>\n\t\t<\/section>\n\t\t\t\t<\/div>\n\t\t","protected":false},"excerpt":{"rendered":"<p>\u015aw. Rita urodzi\u0142a si\u0119 niedaleko Asy\u017cu we W\u0142oszech w ma\u0142ej g\u00f3rskiej miejscowo\u015bci Rocca-Porena w roku 1381. Imi\u0119 otrzymane na chrzcie jest zdrobnieniem od Margarita \/per\u0142a\/. Ju\u017c w dzieci\u0144stwie pokocha\u0142a Jezusa, jej marzeniem by\u0142o po\u015bwi\u0119cenie si\u0119 \u017cyciu zakonnemu. Rodzice zadecydowali jednak inaczej. Sami byli ju\u017c posuni\u0119ci w latach chcieli wi\u0119c zapewni\u0107 c\u00f3rce bezpieczn\u0105 przysz\u0142o\u015b\u0107 przez wydanie jej za m\u0105\u017c. Poddaj\u0105c si\u0119 ich woli po\u015blubi\u0142a Paw\u0142a de Ferdynand cz\u0142owieka podobno przystojnego, ale o bardzo trudnym charakterze. Jej \u017cycie ma\u0142\u017ce\u0144skie by\u0142o bardzo trudne. Mimo tego w tradycji miejscowej zapisuje si\u0119 jako kobieta, \u017cona i matka o nienagannym charakterze i niezwyk\u0142ych przymiotach duszy. Ci\u0119\u017cko rannemu w wyniku konflikt\u00f3w z przeciwnikami politycznymi m\u0119\u017cowi wyprasza pojednanie z Bogiem przed \u015bmierci\u0105. B\u0119d\u0105c wdow\u0105 sama wychowuje dwu syn\u00f3w bli\u017aniak\u00f3w, a gdy ci zamierzaj\u0105 pom\u015bci\u0107 \u015bmier\u0107 ojca, prosi Boga, aby Ten uchroni\u0142 m\u0142odzie\u0144c\u00f3w od pope\u0142nienia zbrodni. B\u00f3g wys\u0142uchuje pr\u00f3\u015bb matki i obaj synowie umieraj\u0105 podczas zarazy. By\u0142o to kolejne tragiczne do\u015bwiadczenie w \u017cyciu \u015awi\u0119tej. Wolna od zobowi\u0105za\u0144 wobec \u015bwiata mo\u017ce teraz Rita spe\u0142ni\u0107 swoje dzieci\u0119ce pragnienie. Wst\u0119puje do klasztoru Si\u00f3str Augustianek w pobliskiej miejscowo\u015bci Cascia. W klasztorze tym sp\u0119dza reszt\u0119 swojego \u017cycia, b\u0119d\u0105c wzorem \u015bwi\u0119to\u015bci \u017cycia dla wsp\u00f3\u0142si\u00f3str. S\u0142u\u017cy Bogu zamkni\u0119ta w klasztornych murach, ale jednocze\u015bnie wci\u0105\u017c pozostaje otwarta na sprawy, problemy i dramaty wsp\u00f3\u0142czesnego jej \u015bwiata i Ko\u015bcio\u0142a. Ju\u017c za \u017cycia wyprasza wiele \u0142ask potrzebuj\u0105cym modlitewnego wsparcia. W zaciszu swej celi zakonnej modli si\u0119, po\u015bci i podejmuje r\u00f3\u017cne umartwienia. Ofiaruje je za chorych, cierpi\u0105cych, za ma\u0142\u017ce\u0144stwa prze\u017cywaj\u0105ce sytuacje kryzysowe, za zwa\u015bnione rodziny. Pan wys\u0142uchuje Jej pr\u00f3\u015bb potwierdzaj\u0105c wci\u0105\u017c szczeg\u00f3ln\u0105 \u0142ask\u0119 wybrania, jak\u0105 obdarowa\u0142 Rit\u0119. Szczeg\u00f3lnym darem Pana Jezusa dla Rity by\u0142 dar cierpienia. Pan Jezus z krzy\u017ca, przed kt\u00f3rym \u015awi\u0119ta si\u0119 modli\u0142a, pos\u0142a\u0142 Jej cier\u0144 ze swej cierniowej korony. Cier\u0144 ten przez 15 lat bardzo bole\u015bnie rani\u0142 Jej czo\u0142o. W \u017cyciu wsp\u00f3lnoty zakonnej tak\u017ce dane Jej by\u0142o wiele wycierpie\u0107 g\u0142\u00f3wnie z powodu niezrozumienia. Jedno z opowiada\u0144 o Jej \u017cyciu wspomina o tym, \u017ce prze\u0142o\u017cona nakaza\u0142a Ricie codziennie podlewa\u0107 suchy patyk wbity w ziemi\u0119 w ogrodzie. Rita w duchu pos\u0142usze\u0144stwa przez wiele dni spe\u0142nia\u0142a to polecenie, nie zwa\u017caj\u0105c na \u017carty i z\u0142o\u015bliwe komentarze si\u00f3str. Jakie\u017c by\u0142o zdumienie wszystkich, gdy pewnego ranka wysuszony patyk zaowocowa\u0142 pi\u0119knym winnym gronem. Umar\u0142a Rita 22 maja 1457 roku w opinii \u015bwi\u0119to\u015bci. Tu\u017c po Jej \u015bmierci i potem przy grobie mia\u0142y miejsce nadzwyczajne zdarzenia. S\u0142awa tych zdarze\u0144 a tak\u017ce s\u0142awa \u015bwi\u0119to\u015bci Rity zacz\u0119\u0142a \u015bci\u0105ga\u0107 do grobu \u015bw. Rity wielu pielgrzym\u00f3w. Do dnia dzisiejszego \u015bci\u0105gaj\u0105 tam t\u0142umy. Cia\u0142o \u015bw. Rity mimo up\u0142ywu czasu pozosta\u0142o nienaruszone. Zosta\u0142o zreszt\u0105 cudownie uchronione przed zniszczeniem tak\u017ce w inny spos\u00f3b. Z\u0142o\u017cono je w cyprysowej trumnie, po kilku latach ko\u015bci\u00f3\u0142, w kt\u00f3rym cia\u0142o spoczywa\u0142o, sp\u0142on\u0105\u0142 doszcz\u0119tnie podczas gwa\u0142townego po\u017caru. Trumna jednak i cia\u0142o pozosta\u0142y nietkni\u0119te. Papie\u017c Urban VIII zatwierdzi\u0142 istniej\u0105cy \u017cywy kult \u015bw. Rity w 1628.roku. Uroczystej kanonizacji dokona\u0142 papie\u017c Leon XIII w 1900 roku. Nazwa\u0142 wtedy \u015bw. Rit\u0119 \u201edrogocenn\u0105 per\u0142\u0105 Umbrii\u201d. Modlitwa do \u015bw. Rity \u015awi\u0119ta Rito, pos\u0142uszna c\u00f3ro swoim rodzicom, kochaj\u0105ca ma\u0142\u017conko gwa\u0142townego m\u0119\u017ca, cierpliwa matko dwojga trudnych dzieci, dobrotliwie wyrozumia\u0142a wsp\u00f3\u0142siostro w klasztornej wsp\u00f3lnocie, cudowna wsp\u00f3\u0142towarzyszko cierpie\u0144 ukochanego Pana. Ty znasz ludzi, oraz ich n\u0119dz\u0119. Ty wiesz tak\u017ce o pal\u0105cych troskach mojego serca. Bezgraniczna ufno\u015b\u0107 w moc Twego or\u0119downictwa prowadzi mnie do Ciebie. Pomog\u0142a\u015b niezliczonym ludziom w rozpaczliwych i prawie beznadziejnych wypadkach, by\u0142a\u015b ostatni\u0105 ucieczk\u0105 dla prosz\u0105cych Ci\u0119 z wiar\u0105. Nie opuszczaj mnie tak\u017ce w mojej wielkiej potrzebie&#8230;&#8230;&#8230; Ty do\u015bwiadczy\u0142a\u015b wielu cierpie\u0144 i sta\u0142a\u015b si\u0119 godn\u0105 nosi\u0107 na swym czole ran\u0119 cierniowej korony. Dopom\u00f3\u017c mi tak\u017ce i\u015b\u0107 moj\u0105 drog\u0105 i nie\u015b\u0107 m\u00f3j krzy\u017c razem z Chrystusem, aby doprowadzi\u0142 mnie do nieba. Amen!<\/p>\n","protected":false},"author":1,"featured_media":0,"parent":0,"menu_order":0,"comment_status":"closed","ping_status":"closed","template":"","meta":{"_eb_attr":"","ngg_post_thumbnail":0,"footnotes":""},"_links":{"self":[{"href":"https:\/\/pallotynisandomierz.pl\/index.php\/wp-json\/wp\/v2\/pages\/3939"}],"collection":[{"href":"https:\/\/pallotynisandomierz.pl\/index.php\/wp-json\/wp\/v2\/pages"}],"about":[{"href":"https:\/\/pallotynisandomierz.pl\/index.php\/wp-json\/wp\/v2\/types\/page"}],"author":[{"embeddable":true,"href":"https:\/\/pallotynisandomierz.pl\/index.php\/wp-json\/wp\/v2\/users\/1"}],"replies":[{"embeddable":true,"href":"https:\/\/pallotynisandomierz.pl\/index.php\/wp-json\/wp\/v2\/comments?post=3939"}],"version-history":[{"count":7,"href":"https:\/\/pallotynisandomierz.pl\/index.php\/wp-json\/wp\/v2\/pages\/3939\/revisions"}],"predecessor-version":[{"id":3948,"href":"https:\/\/pallotynisandomierz.pl\/index.php\/wp-json\/wp\/v2\/pages\/3939\/revisions\/3948"}],"wp:attachment":[{"href":"https:\/\/pallotynisandomierz.pl\/index.php\/wp-json\/wp\/v2\/media?parent=3939"}],"curies":[{"name":"wp","href":"https:\/\/api.w.org\/{rel}","templated":true}]}}