{"id":405,"date":"2019-11-25T22:48:52","date_gmt":"2019-11-25T21:48:52","guid":{"rendered":"http:\/\/pallotynisandomierz.pl\/?page_id=405"},"modified":"2026-05-09T08:19:36","modified_gmt":"2026-05-09T06:19:36","slug":"ogloszenia","status":"publish","type":"page","link":"https:\/\/pallotynisandomierz.pl\/index.php\/ogloszenia\/","title":{"rendered":"Og\u0142oszenia"},"content":{"rendered":"\t\t<div data-elementor-type=\"wp-page\" data-elementor-id=\"405\" class=\"elementor elementor-405\">\n\t\t\t\t\t\t<section class=\"elementor-section elementor-top-section elementor-element elementor-element-2c79436a elementor-section-boxed elementor-section-height-default elementor-section-height-default\" data-id=\"2c79436a\" data-element_type=\"section\">\n\t\t\t\t\t\t<div class=\"elementor-container elementor-column-gap-default\">\n\t\t\t\t\t<div class=\"elementor-column elementor-col-100 elementor-top-column elementor-element elementor-element-149ea290\" data-id=\"149ea290\" data-element_type=\"column\">\n\t\t\t<div class=\"elementor-widget-wrap elementor-element-populated\">\n\t\t\t\t\t\t<div class=\"elementor-element elementor-element-2f9273c elementor-widget elementor-widget-text-editor\" data-id=\"2f9273c\" data-element_type=\"widget\" data-widget_type=\"text-editor.default\">\n\t\t\t\t<div class=\"elementor-widget-container\">\n\t\t\t\t\t\t\t<p style=\"font-weight: 400; text-align: center;\"><strong>VI NIEDZIELA WIELKANOCNA \u2013 10 maja 2026 roku<\/strong><\/p><ol><li>Zapraszamy na Adoracj\u0119 Naj\u015bwi\u0119tszego Sakramentu w dni powszednie o godz. 17:00. We wtorek dodatkowa adoracja o godz. 20:00. Nowenna do MB fatimskiej w ka\u017cd\u0105 \u015brod\u0119 o godz. 17:30, nast\u0119pnie Msza \u015awi\u0119ta w intencjach zbiorowych.<\/li><li>Zapraszamy na nabo\u017ce\u0144stwa majowe w dni powszednie o godz. 17:30, w niedziel\u0119 o godz. 18:45.<\/li><li>W \u015brod\u0119 13 maja obchodzi\u0107 b\u0119dziemy dzie\u0144 fatimski w naszej parafii. Rano o godz. 9:00 Msza \u015awi\u0119ta dla chorych i w ich intencji. Wieczorem Msza \u015awi\u0119ta z kazaniem o godz. 18:00 nast\u0119pnie procesja r\u00f3\u017ca\u0144cowa z figur\u0105 MB Fatimskiej wok\u00f3\u0142 naszego ko\u015bcio\u0142a. Serdecznie zapraszamy.<\/li><li>Za tydzie\u0144 b\u0119dzie Komunia \u015awi\u0119ta w naszej parafii na Mszy \u015awi\u0119tej o godz. 12:30, a rocznica Komunii \u015awi\u0119tej b\u0119dzie 24 maja r\u00f3wnie\u017c o godz. 12:30.<\/li><li>W pi\u0105tek rozpoczynamy nowenn\u0119 przed Zes\u0142aniem Ducha \u015awi\u0119tego, kt\u00f3ra b\u0119dzie odmawiana bezpo\u015brednio po nabo\u017ce\u0144stwie majowym przed Msz\u0105 \u015awi\u0119t\u0105 o godz. 18:00.<\/li><li>Dzi\u0119kujemy za ofiary tydzie\u0144 temu na tac\u0119 w wysoko\u015bci 5220 z\u0142 oraz za ofiary na misje palloty\u0144skie w wysoko\u015bci 5186 z\u0142. B\u00f3g zap\u0142a\u0107!<\/li><li>Dzi\u0119kujemy za ofiary z\u0142o\u017cone na posprz\u0105tanie ko\u015bcio\u0142a. W tym tygodniu prosimy Rodziny z <strong>R\u00f3\u017canej nr dom\u00f3w od 1 do 10. <\/strong><\/li><\/ol>\t\t\t\t\t\t<\/div>\n\t\t\t\t<\/div>\n\t\t\t\t\t<\/div>\n\t\t<\/div>\n\t\t\t\t\t<\/div>\n\t\t<\/section>\n\t\t\t\t<section class=\"elementor-section elementor-top-section elementor-element elementor-element-53dde22 elementor-section-boxed elementor-section-height-default elementor-section-height-default\" data-id=\"53dde22\" data-element_type=\"section\">\n\t\t\t\t\t\t<div class=\"elementor-container elementor-column-gap-default\">\n\t\t\t\t\t<div class=\"elementor-column elementor-col-100 elementor-top-column elementor-element elementor-element-0963e03\" data-id=\"0963e03\" data-element_type=\"column\">\n\t\t\t<div class=\"elementor-widget-wrap elementor-element-populated\">\n\t\t\t\t\t\t<div class=\"elementor-element elementor-element-cc28832 elementor-widget elementor-widget-eael-adv-accordion\" data-id=\"cc28832\" data-element_type=\"widget\" data-widget_type=\"eael-adv-accordion.default\">\n\t\t\t\t<div class=\"elementor-widget-container\">\n\t\t\t        <div class=\"eael-adv-accordion\" id=\"eael-adv-accordion-cc28832\" data-scroll-on-click=\"no\" data-scroll-speed=\"300\" data-accordion-id=\"cc28832\" data-accordion-type=\"accordion\" data-toogle-speed=\"300\">\n    <div class=\"eael-accordion-list\">\n                <div id=\"v-niedziela-wielkanocna-3-maja-2026-roku\" class=\"elementor-tab-title eael-accordion-header\" tabindex=\"0\" data-tab=\"1\" aria-controls=\"elementor-tab-content-2141\"><span class=\"eael-advanced-accordion-icon-closed\"><i aria-hidden=\"true\" class=\"fa-accordion-icon fas fa-plus\"><\/i><\/span><span class=\"eael-advanced-accordion-icon-opened\"><i aria-hidden=\"true\" class=\"fa-accordion-icon fas fa-minus\"><\/i><\/span><span class=\"eael-accordion-tab-title\">V NIEDZIELA WIELKANOCNA \u2013 3 maja 2026 roku<\/span><i aria-hidden=\"true\" class=\"fa-toggle fas fa-angle-right\"><\/i><\/div><div id=\"elementor-tab-content-2141\" class=\"eael-accordion-content clearfix\" data-tab=\"1\" aria-labelledby=\"v-niedziela-wielkanocna-3-maja-2026-roku\"><ol><li>Zapraszamy na Adoracj\u0119 Naj\u015bwi\u0119tszego Sakramentu w dni powszednie o godz. 17:00. We wtorek dodatkowa adoracja o godz. 20:00. Nowenna do MB fatimskiej w ka\u017cd\u0105 \u015brod\u0119 o godz. 17:30, nast\u0119pnie Msza \u015awi\u0119ta w intencjach zbiorowych.<\/li><li>Dzi\u015b obchodzimy niedziel\u0119 misyjn\u0105 w naszej parafii. Kazania m\u00f3wi ks. Jan Robert Adamowicz SAC, po Mszach \u015awi\u0119tych b\u0119dzie zbiera\u0142 ofiary na misje prowadzone przez Pallotyn\u00f3w. Dzi\u0119kujemy za wszelkie ofiary i pos\u0142ug\u0119 ks. Jana.<\/li><li>Zapraszamy na nabo\u017ce\u0144stwa majowe w dni powszednie o godz. 17:30, w niedziel\u0119 o godz. 18:45.<\/li><li>W tym tygodniu b\u0119dzie pierwszy czwartek miesi\u0105ca w czasie adoracji o godz. 17:00 b\u0119dziemy si\u0119 modli\u0107 o nowe powo\u0142ania kap\u0142a\u0144skie i zakonne.<\/li><li>Dzi\u0119kujemy za ofiary z\u0142o\u017cone na posprz\u0105tanie ko\u015bcio\u0142a. W tym tygodniu prosimy Rodziny z <strong>Burka nr dom\u00f3w od 13 do ko\u0144ca ulicy.<\/strong><\/li><\/ol><\/div>\n                <\/div><div class=\"eael-accordion-list\">\n                <div id=\"iv-niedziela-wielkanocna-26-kwietnia-2026-roku\" class=\"elementor-tab-title eael-accordion-header\" tabindex=\"0\" data-tab=\"2\" aria-controls=\"elementor-tab-content-2142\"><span class=\"eael-advanced-accordion-icon-closed\"><i aria-hidden=\"true\" class=\"fa-accordion-icon fas fa-plus\"><\/i><\/span><span class=\"eael-advanced-accordion-icon-opened\"><i aria-hidden=\"true\" class=\"fa-accordion-icon fas fa-minus\"><\/i><\/span><span class=\"eael-accordion-tab-title\">IV NIEDZIELA WIELKANOCNA \u2013 26 kwietnia 2026 roku<\/span><i aria-hidden=\"true\" class=\"fa-toggle fas fa-angle-right\"><\/i><\/div><div id=\"elementor-tab-content-2142\" class=\"eael-accordion-content clearfix\" data-tab=\"2\" aria-labelledby=\"iv-niedziela-wielkanocna-26-kwietnia-2026-roku\"><ol><li>Zapraszamy na Adoracj\u0119 Naj\u015bwi\u0119tszego Sakramentu w dni powszednie o godz. 17:00. We wtorek dodatkowa adoracja o godz. 20:00. Nowenna do MB fatimskiej w ka\u017cd\u0105 \u015brod\u0119 o godz. 17:30.<\/li><li>Dzi\u015b po Mszy \u015awi\u0119tej o godz. 12:30 w ko\u015bciele odb\u0119dzie si\u0119 spotkanie dla dzieci przygotowuj\u0105cych si\u0119 do Komunii \u015awi\u0119tej i ich Rodzic\u00f3w.<\/li><li>Zapraszamy na nabo\u017ce\u0144stwa majowe przez ca\u0142y maj w dni powszednie o godz. 17:30, w niedziel\u0119 o godz. 18:45.<\/li><li>Ks. bp K. Nitkiewicz udzieli\u0142 dyspensy od zachowania wstrzemi\u0119\u017aliwo\u015bci w jedzeniu pokarm\u00f3w mi\u0119snych na pi\u0105tek 1 maja, pod warunkiem odm\u00f3wienia dowolnej modlitwy w intencji pokoju na \u015bwiecie.<\/li><li>Uroczysto\u015b\u0107 NMP Kr\u00f3lowej Polski w tym roku przeniesiona jest na sobot\u0119 2 maja ze wzgl\u0119du na przypadaj\u0105c\u0105 w tym roku Niedziel\u0119 Wielkanocn\u0105. Msze \u015awi\u0119te tego dnia b\u0119d\u0105 o godz. 6:30, 10:00 i o 18:00.<\/li><li>Za tydzie\u0144 w niedziel\u0119 3 maja b\u0119dziemy obchodzi\u0107 niedziel\u0119 misyjn\u0105 w naszej parafii. Kazania b\u0119dzie m\u00f3wi\u0142 ks. Jan Robert Adamowicz SAC, po Mszach \u015awi\u0119tych b\u0119dzie zbiera\u0142 ofiary na misje prowadzone przez Pallotyn\u00f3w. W tym dniu jest te\u017c pierwsza niedziela miesi\u0105ca, zmiana tajemnic dla K\u00f3\u0142 \u017bywego R\u00f3\u017ca\u0144ca po Mszy \u015awi\u0119tej o godz. 11:00.<\/li><li>W tym tygodniu b\u0119dzie pierwszy pi\u0105tek i sobota miesi\u0105ca. W pi\u0105tek odwiedzimy chorych w domach z Komuni\u0105 \u015awi\u0119t\u0105 od godz. 9:00, okazja do spowiedzi w ko\u015bciele od 17:00 oraz adoracja Naj\u015bwi\u0119tszego Sakramentu.<\/li><li>Dzi\u0119kujemy za ofiary z\u0142o\u017cone na posprz\u0105tanie ko\u015bcio\u0142a. W tym tygodniu prosimy Rodziny z <strong>Burka nr dom\u00f3w od 6 do 12.<\/strong><\/li><\/ol><\/div>\n                <\/div><div class=\"eael-accordion-list\">\n                <div id=\"iii-niedziela-wielkanocna-19-kwietnia-2026-roku\" class=\"elementor-tab-title eael-accordion-header\" tabindex=\"0\" data-tab=\"3\" aria-controls=\"elementor-tab-content-2143\"><span class=\"eael-advanced-accordion-icon-closed\"><i aria-hidden=\"true\" class=\"fa-accordion-icon fas fa-plus\"><\/i><\/span><span class=\"eael-advanced-accordion-icon-opened\"><i aria-hidden=\"true\" class=\"fa-accordion-icon fas fa-minus\"><\/i><\/span><span class=\"eael-accordion-tab-title\">III NIEDZIELA WIELKANOCNA \u2013 19 kwietnia 2026 roku<\/span><i aria-hidden=\"true\" class=\"fa-toggle fas fa-angle-right\"><\/i><\/div><div id=\"elementor-tab-content-2143\" class=\"eael-accordion-content clearfix\" data-tab=\"3\" aria-labelledby=\"iii-niedziela-wielkanocna-19-kwietnia-2026-roku\"><ol><li>Zapraszamy na Adoracj\u0119 Naj\u015bwi\u0119tszego Sakramentu w dni powszednie o godz. 17:00. We wtorek dodatkowa adoracja o godz. 20:00. Nowenna do MB fatimskiej w ka\u017cd\u0105 \u015brod\u0119 o godz. 17:30, nast\u0119pnie Msza \u015awi\u0119ta w intencjach zbiorowych.<\/li><li>W \u015brod\u0119 22 kwietnia po Mszy \u015awi\u0119tej o godz. 18:00 w ko\u015bciele b\u0119dzie kolejne nabo\u017ce\u0144stwo ku czci \u015bw. Rity, kt\u00f3re prowadzi nasza schola.<\/li><li>W niedziele 26 kwietnia po Mszy \u015awi\u0119tej o godz. 12:30 w ko\u015bciele odb\u0119dzie si\u0119 spotkanie dla dzieci przygotowuj\u0105cych si\u0119 do Komunii \u015awi\u0119tej i ich Rodzic\u00f3w.<\/li><li>Dzi\u0119kujemy za ofiary z\u0142o\u017cone na posprz\u0105tanie ko\u015bcio\u0142a. W tym tygodniu prosimy Rodziny z <strong>Burka<\/strong> <strong>nr dom\u00f3w od 1 do 5.<\/strong><\/li><\/ol><\/div>\n                <\/div><div class=\"eael-accordion-list\">\n                <div id=\"niedziela-miosierdzia-boego-12-kwietnia-2026-roku\" class=\"elementor-tab-title eael-accordion-header\" tabindex=\"0\" data-tab=\"4\" aria-controls=\"elementor-tab-content-2144\"><span class=\"eael-advanced-accordion-icon-closed\"><i aria-hidden=\"true\" class=\"fa-accordion-icon fas fa-plus\"><\/i><\/span><span class=\"eael-advanced-accordion-icon-opened\"><i aria-hidden=\"true\" class=\"fa-accordion-icon fas fa-minus\"><\/i><\/span><span class=\"eael-accordion-tab-title\">NIEDZIELA MI\u0141OSIERDZIA BO\u017bEGO \u2013 12 kwietnia 2026 roku<\/span><i aria-hidden=\"true\" class=\"fa-toggle fas fa-angle-right\"><\/i><\/div><div id=\"elementor-tab-content-2144\" class=\"eael-accordion-content clearfix\" data-tab=\"4\" aria-labelledby=\"niedziela-miosierdzia-boego-12-kwietnia-2026-roku\"><ol><li>Zapraszamy na Adoracj\u0119 Naj\u015bwi\u0119tszego Sakramentu w dni powszednie o godz. 17:00. We wtorek dodatkowa adoracja o godz. 20:00. Nowenna do MB fatimskiej w ka\u017cd\u0105 \u015brod\u0119 o godz. 17:30, nast\u0119pnie Msza \u015awi\u0119ta w intencjach zbiorowych.<\/li><li>Dzi\u015b nabo\u017ce\u0144stwo do Mi\u0142osierdzia Bo\u017cego o godz. 15:00.<\/li><li>Jutro Msza \u015awi\u0119ta dla chorych i w ich intencji o godz. 9:00.<\/li><li>W poniedzia\u0142ek 13 kwietnia o godz. 19:00 w ko\u015bciele \u015bw. J\u00f3zefa odb\u0119dzie si\u0119 kolejne spotkanie dla kobiet.<\/li><li>Planujemy rozpocz\u0119cie kolejnego kursu dla lektor\u00f3w. Nowe materia\u0142y (do zaliczenia tego kursu) s\u0105 przedstawione na naszej stronie pod zak\u0142adk\u0105: PARAFIA \u2013 GRUPY \u2013 LEKTORZY. Mo\u017cna je \u015bci\u0105gn\u0105\u0107 do osobistego zapoznania si\u0119 z nimi. Pierwsze spotkanie ch\u0119tnych odb\u0119dzie si\u0119 w przysz\u0142ym tygodniu, tj. pi\u0105tek 17-go kwietnia na Plebanii, po Mszy \u015awi\u0119tej o godz. 18.00. Zapraszamy wszystkich ch\u0119tnych, kt\u00f3rzy posiadaj\u0105 pewne predyspozycje g\u0142osowe i chc\u0105 pe\u0142ni\u0107 funkcj\u0119 lektora. Wszelkie pytania prosz\u0119 kierowa\u0107 do Ks. Zbigniewa.<\/li><li>Dzi\u0119kujemy za ofiary z\u0142o\u017cone na posprz\u0105tanie ko\u015bcio\u0142a. W tym tygodniu prosimy Rodziny z <strong>Topolowej nr dom\u00f3w od 35 do ko\u0144ca ulicy.<\/strong><\/li><\/ol><\/div>\n                <\/div><div class=\"eael-accordion-list\">\n                <div id=\"zmartwychwstanie-5-kwietnia-2026-roku\" class=\"elementor-tab-title eael-accordion-header\" tabindex=\"0\" data-tab=\"5\" aria-controls=\"elementor-tab-content-2145\"><span class=\"eael-advanced-accordion-icon-closed\"><i aria-hidden=\"true\" class=\"fa-accordion-icon fas fa-plus\"><\/i><\/span><span class=\"eael-advanced-accordion-icon-opened\"><i aria-hidden=\"true\" class=\"fa-accordion-icon fas fa-minus\"><\/i><\/span><span class=\"eael-accordion-tab-title\">ZMARTWYCHWSTANIE \u2013 5 kwietnia 2026 roku<\/span><i aria-hidden=\"true\" class=\"fa-toggle fas fa-angle-right\"><\/i><\/div><div id=\"elementor-tab-content-2145\" class=\"eael-accordion-content clearfix\" data-tab=\"5\" aria-labelledby=\"zmartwychwstanie-5-kwietnia-2026-roku\"><ol><li>Serdecznie dzi\u0119kuj\u0119 wszystkim, kt\u00f3rzy si\u0119 przyczynili do prze\u017cywania i upi\u0119kszenia Triduum Paschalnego i \u015awi\u0105t Wielkanocnych. Moim Wsp\u00f3\u0142braciom za pos\u0142ug\u0119 w konfesjona\u0142ach i wszelk\u0105 pomoc przy organizowaniu celebracji liturgicznych. Szczeg\u00f3lne podzi\u0119kowania dla ks. Sebastiana za przygotowanie s\u0142u\u017cby liturgicznej i wszystkich liturgii w czasie Triduum Paschalnego. Panu organi\u015bcie i scholi za \u015bpiewy i opraw\u0119 muzyczn\u0105. Panu Paw\u0142owi i Wojciechowi za przygotowanie Ciemnicy i Grobu Pa\u0144skiego, pani Halinie za uk\u0142adanie kwiat\u00f3w w ko\u015bciele. Stra\u017cakom z OSP za pos\u0142ug\u0119 przy Grobie Pa\u0144skim i za wszelk\u0105 \u017cyczliwo\u015b\u0107 oraz pomoc. S\u0142u\u017cbie liturgicznej za pomoc i s\u0142u\u017cb\u0119 przy o\u0142tarzu. Wszystkim, kt\u00f3rzy z\u0142o\u017cyli ofiary na kwiaty od Grobu Pa\u0144skiego. Dzi\u0119kuj\u0119 wszystkim, kt\u00f3rych nie wymieni\u0142em za wy\u015bwiadczone dobro i pomoc.<\/li><li>Zapraszamy na Adoracj\u0119 Naj\u015bwi\u0119tszego Sakramentu w dni powszednie o godz. 17:00. We wtorek dodatkowa adoracja o godz. 20:00. Nowenna do MB fatimskiej w ka\u017cd\u0105 \u015brod\u0119 o godz. 17:30, nast\u0119pnie Msza \u015awi\u0119ta w intencjach zbiorowych.<\/li><li>Nowenna do Mi\u0142osierdzia Bo\u017cego 15 min przed wieczorn\u0105 Msz\u0105 \u015awi\u0119t\u0105.<\/li><li>Jutro w poniedzia\u0142ek wielkanocny Msze \u015awi\u0119te tak jak w ka\u017cd\u0105 niedziel\u0119. Taca na KUL.<\/li><li>Za tydzie\u0144 Niedziela Mi\u0142osierdzia Bo\u017cego, nabo\u017ce\u0144stwo do Mi\u0142osierdzia Bo\u017cego o godz. 15:00.<\/li><li>Z racji oktawy wielkanocnej w pi\u0105tek nie obowi\u0105zuje wstrzemi\u0119\u017aliwo\u015b\u0107 od pokarm\u00f3w mi\u0119snych.<\/li><li>Dzi\u0119kujemy za ofiary z\u0142o\u017cone na posprz\u0105tanie ko\u015bcio\u0142a. W tym tygodniu prosimy Rodziny z <strong>Topolowej nr dom\u00f3w od 26 do 34. <\/strong><\/li><li>Prze\u017cywamy Niedziel\u0119 Zmartwychwstania Pa\u0144skiego. To najwa\u017cniejsze \u015bwi\u0119ta dla chrze\u015bcijanina. \u017byczymy wszystkim g\u0142\u0119bokiego prze\u017cycia tego wydarzenia i wszelkich \u0142ask od Zmartwychwsta\u0142ego Pana. Niech On Was nape\u0142nia swoim pokojem, rado\u015bci\u0105 i mi\u0142o\u015bci\u0105.<\/li><\/ol><\/div>\n                <\/div><\/div>\t\t<\/div>\n\t\t\t\t<\/div>\n\t\t\t\t\t<\/div>\n\t\t<\/div>\n\t\t\t\t\t<\/div>\n\t\t<\/section>\n\t\t\t\t<\/div>\n\t\t","protected":false},"excerpt":{"rendered":"<p>VI NIEDZIELA WIELKANOCNA \u2013 10 maja 2026 roku Zapraszamy na Adoracj\u0119 Naj\u015bwi\u0119tszego Sakramentu w dni powszednie o godz. 17:00. We wtorek dodatkowa adoracja o godz. 20:00. Nowenna do MB fatimskiej w ka\u017cd\u0105 \u015brod\u0119 o godz. 17:30, nast\u0119pnie Msza \u015awi\u0119ta w intencjach zbiorowych. Zapraszamy na nabo\u017ce\u0144stwa majowe w dni powszednie o godz. 17:30, w niedziel\u0119 o godz. 18:45. W \u015brod\u0119 13 maja obchodzi\u0107 b\u0119dziemy dzie\u0144 fatimski w naszej parafii. Rano o godz. 9:00 Msza \u015awi\u0119ta dla chorych i w ich intencji. Wieczorem Msza \u015awi\u0119ta z kazaniem o godz. 18:00 nast\u0119pnie procesja r\u00f3\u017ca\u0144cowa z figur\u0105 MB Fatimskiej wok\u00f3\u0142 naszego ko\u015bcio\u0142a. Serdecznie zapraszamy. Za tydzie\u0144 b\u0119dzie Komunia \u015awi\u0119ta w naszej parafii na Mszy \u015awi\u0119tej o godz. 12:30, a rocznica Komunii \u015awi\u0119tej b\u0119dzie 24 maja r\u00f3wnie\u017c o godz. 12:30. W pi\u0105tek rozpoczynamy nowenn\u0119 przed Zes\u0142aniem Ducha \u015awi\u0119tego, kt\u00f3ra b\u0119dzie odmawiana bezpo\u015brednio po nabo\u017ce\u0144stwie majowym przed Msz\u0105 \u015awi\u0119t\u0105 o godz. 18:00. Dzi\u0119kujemy za ofiary tydzie\u0144 temu na tac\u0119 w wysoko\u015bci 5220 z\u0142 oraz za ofiary na misje palloty\u0144skie w wysoko\u015bci 5186 z\u0142. B\u00f3g zap\u0142a\u0107! Dzi\u0119kujemy za ofiary z\u0142o\u017cone na posprz\u0105tanie ko\u015bcio\u0142a. W tym tygodniu prosimy Rodziny z R\u00f3\u017canej nr dom\u00f3w od 1 do 10. V NIEDZIELA WIELKANOCNA \u2013 3 maja 2026 roku Zapraszamy na Adoracj\u0119 Naj\u015bwi\u0119tszego Sakramentu w dni powszednie o godz. 17:00. We wtorek dodatkowa adoracja o godz. 20:00. Nowenna do MB fatimskiej w ka\u017cd\u0105 \u015brod\u0119 o godz. 17:30, nast\u0119pnie Msza \u015awi\u0119ta w intencjach zbiorowych. Dzi\u015b obchodzimy niedziel\u0119 misyjn\u0105 w naszej parafii. Kazania m\u00f3wi ks. Jan Robert Adamowicz SAC, po Mszach \u015awi\u0119tych b\u0119dzie zbiera\u0142 ofiary na misje prowadzone przez Pallotyn\u00f3w. Dzi\u0119kujemy za wszelkie ofiary i pos\u0142ug\u0119 ks. Jana. Zapraszamy na nabo\u017ce\u0144stwa majowe w dni powszednie o godz. 17:30, w niedziel\u0119 o godz. 18:45. W tym tygodniu b\u0119dzie pierwszy czwartek miesi\u0105ca w czasie adoracji o godz. 17:00 b\u0119dziemy si\u0119 modli\u0107 o nowe powo\u0142ania kap\u0142a\u0144skie i zakonne. Dzi\u0119kujemy za ofiary z\u0142o\u017cone na posprz\u0105tanie ko\u015bcio\u0142a. W tym tygodniu prosimy Rodziny z Burka nr dom\u00f3w od 13 do ko\u0144ca ulicy. IV NIEDZIELA WIELKANOCNA \u2013 26 kwietnia 2026 roku Zapraszamy na Adoracj\u0119 Naj\u015bwi\u0119tszego Sakramentu w dni powszednie o godz. 17:00. We wtorek dodatkowa adoracja o godz. 20:00. Nowenna do MB fatimskiej w ka\u017cd\u0105 \u015brod\u0119 o godz. 17:30. Dzi\u015b po Mszy \u015awi\u0119tej o godz. 12:30 w ko\u015bciele odb\u0119dzie si\u0119 spotkanie dla dzieci przygotowuj\u0105cych si\u0119 do Komunii \u015awi\u0119tej i ich Rodzic\u00f3w. Zapraszamy na nabo\u017ce\u0144stwa majowe przez ca\u0142y maj w dni powszednie o godz. 17:30, w niedziel\u0119 o godz. 18:45. Ks. bp K. Nitkiewicz udzieli\u0142 dyspensy od zachowania wstrzemi\u0119\u017aliwo\u015bci w jedzeniu pokarm\u00f3w mi\u0119snych na pi\u0105tek 1 maja, pod warunkiem odm\u00f3wienia dowolnej modlitwy w intencji pokoju na \u015bwiecie. Uroczysto\u015b\u0107 NMP Kr\u00f3lowej Polski w tym roku przeniesiona jest na sobot\u0119 2 maja ze wzgl\u0119du na przypadaj\u0105c\u0105 w tym roku Niedziel\u0119 Wielkanocn\u0105. Msze \u015awi\u0119te tego dnia b\u0119d\u0105 o godz. 6:30, 10:00 i o 18:00. Za tydzie\u0144 w niedziel\u0119 3 maja b\u0119dziemy obchodzi\u0107 niedziel\u0119 misyjn\u0105 w naszej parafii. Kazania b\u0119dzie m\u00f3wi\u0142 ks. Jan Robert Adamowicz SAC, po Mszach \u015awi\u0119tych b\u0119dzie zbiera\u0142 ofiary na misje prowadzone przez Pallotyn\u00f3w. W tym dniu jest te\u017c pierwsza niedziela miesi\u0105ca, zmiana tajemnic dla K\u00f3\u0142 \u017bywego R\u00f3\u017ca\u0144ca po Mszy \u015awi\u0119tej o godz. 11:00. W tym tygodniu b\u0119dzie pierwszy pi\u0105tek i sobota miesi\u0105ca. W pi\u0105tek odwiedzimy chorych w domach z Komuni\u0105 \u015awi\u0119t\u0105 od godz. 9:00, okazja do spowiedzi w ko\u015bciele od 17:00 oraz adoracja Naj\u015bwi\u0119tszego Sakramentu. Dzi\u0119kujemy za ofiary z\u0142o\u017cone na posprz\u0105tanie ko\u015bcio\u0142a. W tym tygodniu prosimy Rodziny z Burka nr dom\u00f3w od 6 do 12. III NIEDZIELA WIELKANOCNA \u2013 19 kwietnia 2026 roku Zapraszamy na Adoracj\u0119 Naj\u015bwi\u0119tszego Sakramentu w dni powszednie o godz. 17:00. We wtorek dodatkowa adoracja o godz. 20:00. Nowenna do MB fatimskiej w ka\u017cd\u0105 \u015brod\u0119 o godz. 17:30, nast\u0119pnie Msza \u015awi\u0119ta w intencjach zbiorowych. W \u015brod\u0119 22 kwietnia po Mszy \u015awi\u0119tej o godz. 18:00 w ko\u015bciele b\u0119dzie kolejne nabo\u017ce\u0144stwo ku czci \u015bw. Rity, kt\u00f3re prowadzi nasza schola. W niedziele 26 kwietnia po Mszy \u015awi\u0119tej o godz. 12:30 w ko\u015bciele odb\u0119dzie si\u0119 spotkanie dla dzieci przygotowuj\u0105cych si\u0119 do Komunii \u015awi\u0119tej i ich Rodzic\u00f3w. Dzi\u0119kujemy za ofiary z\u0142o\u017cone na posprz\u0105tanie ko\u015bcio\u0142a. W tym tygodniu prosimy Rodziny z Burka nr dom\u00f3w od 1 do 5. NIEDZIELA MI\u0141OSIERDZIA BO\u017bEGO \u2013 12 kwietnia 2026 roku Zapraszamy na Adoracj\u0119 Naj\u015bwi\u0119tszego Sakramentu w dni powszednie o godz. 17:00. We wtorek dodatkowa adoracja o godz. 20:00. Nowenna do MB fatimskiej w ka\u017cd\u0105 \u015brod\u0119 o godz. 17:30, nast\u0119pnie Msza \u015awi\u0119ta w intencjach zbiorowych. Dzi\u015b nabo\u017ce\u0144stwo do Mi\u0142osierdzia Bo\u017cego o godz. 15:00. Jutro Msza \u015awi\u0119ta dla chorych i w ich intencji o godz. 9:00. W poniedzia\u0142ek 13 kwietnia o godz. 19:00 w ko\u015bciele \u015bw. J\u00f3zefa odb\u0119dzie si\u0119 kolejne spotkanie dla kobiet. Planujemy rozpocz\u0119cie kolejnego kursu dla lektor\u00f3w. Nowe materia\u0142y (do zaliczenia tego kursu) s\u0105 przedstawione na naszej stronie pod zak\u0142adk\u0105: PARAFIA \u2013 GRUPY \u2013 LEKTORZY. Mo\u017cna je \u015bci\u0105gn\u0105\u0107 do osobistego zapoznania si\u0119 z nimi. Pierwsze spotkanie ch\u0119tnych odb\u0119dzie si\u0119 w przysz\u0142ym tygodniu, tj. pi\u0105tek 17-go kwietnia na Plebanii, po Mszy \u015awi\u0119tej o godz. 18.00. Zapraszamy wszystkich ch\u0119tnych, kt\u00f3rzy posiadaj\u0105 pewne predyspozycje g\u0142osowe i chc\u0105 pe\u0142ni\u0107 funkcj\u0119 lektora. Wszelkie pytania prosz\u0119 kierowa\u0107 do Ks. Zbigniewa. Dzi\u0119kujemy za ofiary z\u0142o\u017cone na posprz\u0105tanie ko\u015bcio\u0142a. W tym tygodniu prosimy Rodziny z Topolowej nr dom\u00f3w od 35 do ko\u0144ca ulicy. ZMARTWYCHWSTANIE \u2013 5 kwietnia 2026 roku Serdecznie dzi\u0119kuj\u0119 wszystkim, kt\u00f3rzy si\u0119 przyczynili do prze\u017cywania i upi\u0119kszenia Triduum Paschalnego i \u015awi\u0105t Wielkanocnych. Moim Wsp\u00f3\u0142braciom za pos\u0142ug\u0119 w konfesjona\u0142ach i wszelk\u0105 pomoc przy organizowaniu celebracji liturgicznych. Szczeg\u00f3lne podzi\u0119kowania dla ks. Sebastiana za przygotowanie s\u0142u\u017cby liturgicznej i wszystkich liturgii w czasie Triduum Paschalnego. Panu organi\u015bcie i scholi za \u015bpiewy i opraw\u0119 muzyczn\u0105. Panu Paw\u0142owi i Wojciechowi za przygotowanie Ciemnicy i Grobu Pa\u0144skiego, pani Halinie za uk\u0142adanie kwiat\u00f3w w ko\u015bciele. Stra\u017cakom z OSP za pos\u0142ug\u0119 przy Grobie Pa\u0144skim i za wszelk\u0105 \u017cyczliwo\u015b\u0107 oraz pomoc. S\u0142u\u017cbie liturgicznej za pomoc i s\u0142u\u017cb\u0119 przy o\u0142tarzu. Wszystkim, kt\u00f3rzy z\u0142o\u017cyli ofiary na kwiaty od Grobu Pa\u0144skiego. Dzi\u0119kuj\u0119 wszystkim, kt\u00f3rych nie wymieni\u0142em za wy\u015bwiadczone dobro i pomoc. Zapraszamy na Adoracj\u0119 Naj\u015bwi\u0119tszego Sakramentu w dni powszednie o godz. 17:00. We wtorek dodatkowa adoracja o godz. 20:00. Nowenna do MB fatimskiej w ka\u017cd\u0105 \u015brod\u0119 o godz. 17:30, nast\u0119pnie Msza \u015awi\u0119ta w intencjach zbiorowych. Nowenna do Mi\u0142osierdzia Bo\u017cego 15 min przed wieczorn\u0105 Msz\u0105 \u015awi\u0119t\u0105. Jutro w poniedzia\u0142ek wielkanocny Msze \u015awi\u0119te tak jak w ka\u017cd\u0105 niedziel\u0119. Taca na KUL. Za tydzie\u0144 Niedziela Mi\u0142osierdzia Bo\u017cego, nabo\u017ce\u0144stwo do Mi\u0142osierdzia Bo\u017cego o godz. 15:00. Z racji oktawy wielkanocnej w pi\u0105tek nie obowi\u0105zuje wstrzemi\u0119\u017aliwo\u015b\u0107 od pokarm\u00f3w mi\u0119snych. Dzi\u0119kujemy za ofiary z\u0142o\u017cone na posprz\u0105tanie ko\u015bcio\u0142a. W tym tygodniu prosimy Rodziny z Topolowej nr dom\u00f3w od 26 do 34. Prze\u017cywamy Niedziel\u0119 Zmartwychwstania Pa\u0144skiego. To najwa\u017cniejsze \u015bwi\u0119ta dla chrze\u015bcijanina. \u017byczymy wszystkim g\u0142\u0119bokiego prze\u017cycia tego wydarzenia i wszelkich \u0142ask od Zmartwychwsta\u0142ego Pana. Niech On Was nape\u0142nia swoim pokojem, rado\u015bci\u0105 i mi\u0142o\u015bci\u0105.<\/p>\n","protected":false},"author":1,"featured_media":0,"parent":0,"menu_order":0,"comment_status":"closed","ping_status":"closed","template":"","meta":{"_eb_attr":"","ngg_post_thumbnail":0,"footnotes":""},"_links":{"self":[{"href":"https:\/\/pallotynisandomierz.pl\/index.php\/wp-json\/wp\/v2\/pages\/405"}],"collection":[{"href":"https:\/\/pallotynisandomierz.pl\/index.php\/wp-json\/wp\/v2\/pages"}],"about":[{"href":"https:\/\/pallotynisandomierz.pl\/index.php\/wp-json\/wp\/v2\/types\/page"}],"author":[{"embeddable":true,"href":"https:\/\/pallotynisandomierz.pl\/index.php\/wp-json\/wp\/v2\/users\/1"}],"replies":[{"embeddable":true,"href":"https:\/\/pallotynisandomierz.pl\/index.php\/wp-json\/wp\/v2\/comments?post=405"}],"version-history":[{"count":1110,"href":"https:\/\/pallotynisandomierz.pl\/index.php\/wp-json\/wp\/v2\/pages\/405\/revisions"}],"predecessor-version":[{"id":6095,"href":"https:\/\/pallotynisandomierz.pl\/index.php\/wp-json\/wp\/v2\/pages\/405\/revisions\/6095"}],"wp:attachment":[{"href":"https:\/\/pallotynisandomierz.pl\/index.php\/wp-json\/wp\/v2\/media?parent=405"}],"curies":[{"name":"wp","href":"https:\/\/api.w.org\/{rel}","templated":true}]}}