{"id":4055,"date":"2024-06-18T14:40:54","date_gmt":"2024-06-18T12:40:54","guid":{"rendered":"https:\/\/pallotynisandomierz.pl\/?page_id=4055"},"modified":"2024-06-18T14:45:08","modified_gmt":"2024-06-18T12:45:08","slug":"kurs-eureka-2024","status":"publish","type":"page","link":"https:\/\/pallotynisandomierz.pl\/index.php\/kurs-eureka-2024\/","title":{"rendered":"KURS EUREKA 2024"},"content":{"rendered":"\t\t<div data-elementor-type=\"wp-page\" data-elementor-id=\"4055\" class=\"elementor elementor-4055\">\n\t\t\t\t\t\t<section class=\"elementor-section elementor-top-section elementor-element elementor-element-d0cd45c elementor-section-boxed elementor-section-height-default elementor-section-height-default\" data-id=\"d0cd45c\" data-element_type=\"section\">\n\t\t\t\t\t\t<div class=\"elementor-container elementor-column-gap-default\">\n\t\t\t\t\t<div class=\"elementor-column elementor-col-50 elementor-top-column elementor-element elementor-element-416ed01\" data-id=\"416ed01\" data-element_type=\"column\">\n\t\t\t<div class=\"elementor-widget-wrap elementor-element-populated\">\n\t\t\t\t\t\t<div class=\"elementor-element elementor-element-993e4b4 elementor-widget elementor-widget-image\" data-id=\"993e4b4\" data-element_type=\"widget\" data-widget_type=\"image.default\">\n\t\t\t\t<div class=\"elementor-widget-container\">\n\t\t\t\t\t\t\t\t\t\t\t\t\t<img fetchpriority=\"high\" decoding=\"async\" width=\"640\" height=\"360\" src=\"https:\/\/pallotynisandomierz.pl\/wp-content\/uploads\/2024\/03\/Plakat-Eureka.png\" class=\"attachment-large size-large wp-image-2822\" alt=\"\" srcset=\"https:\/\/pallotynisandomierz.pl\/wp-content\/uploads\/2024\/03\/Plakat-Eureka.png 640w, https:\/\/pallotynisandomierz.pl\/wp-content\/uploads\/2024\/03\/Plakat-Eureka-300x169.png 300w, https:\/\/pallotynisandomierz.pl\/wp-content\/uploads\/2024\/03\/Plakat-Eureka-600x338.png 600w\" sizes=\"(max-width: 640px) 100vw, 640px\" \/>\t\t\t\t\t\t\t\t\t\t\t\t\t<\/div>\n\t\t\t\t<\/div>\n\t\t\t\t\t<\/div>\n\t\t<\/div>\n\t\t\t\t<div class=\"elementor-column elementor-col-50 elementor-top-column elementor-element elementor-element-82a459a\" data-id=\"82a459a\" data-element_type=\"column\">\n\t\t\t<div class=\"elementor-widget-wrap elementor-element-populated\">\n\t\t\t\t\t\t<div class=\"elementor-element elementor-element-8bd6542 elementor-widget elementor-widget-text-editor\" data-id=\"8bd6542\" data-element_type=\"widget\" data-widget_type=\"text-editor.default\">\n\t\t\t\t<div class=\"elementor-widget-container\">\n\t\t\t\t\t\t\t<p>W dniach 1-2 marca 2024 roku w ramach wsp\u00f3\u0142pracy dw\u00f3ch parafii sandomierskich zorganizowany zosta\u0142 kurs ewangelizacyjny dla bierzmowanych z klas 8.\u00a0<\/p>\t\t\t\t\t\t<\/div>\n\t\t\t\t<\/div>\n\t\t\t\t\t<\/div>\n\t\t<\/div>\n\t\t\t\t\t<\/div>\n\t\t<\/section>\n\t\t\t\t<section class=\"elementor-section elementor-top-section elementor-element elementor-element-ee27915 elementor-section-boxed elementor-section-height-default elementor-section-height-default\" data-id=\"ee27915\" data-element_type=\"section\">\n\t\t\t\t\t\t<div class=\"elementor-container elementor-column-gap-default\">\n\t\t\t\t\t<div class=\"elementor-column elementor-col-100 elementor-top-column elementor-element elementor-element-b53d14f\" data-id=\"b53d14f\" data-element_type=\"column\">\n\t\t\t<div class=\"elementor-widget-wrap elementor-element-populated\">\n\t\t\t\t\t\t<div class=\"elementor-element elementor-element-8347e93 elementor-widget elementor-widget-text-editor\" data-id=\"8347e93\" data-element_type=\"widget\" data-widget_type=\"text-editor.default\">\n\t\t\t\t<div class=\"elementor-widget-container\">\n\t\t\t\t\t\t\t<p>Wi\u0119kszo\u015b\u0107 konferencji oraz modlitw prowadzi\u0142y m\u0142ode osoby \u015bwieckie z Warszawy, Bi\u0142goraja i Sandomierza.<\/p><p>Opr\u00f3cz s\u0142uchania konferencji i r\u00f3\u017cnych dynamik ewangelizacyjnych m\u0142odzie\u017c mog\u0142a sp\u0119dzi\u0107 czas na wsp\u00f3lnej rekreacji, posi\u0142kach i zabawach integruj\u0105cych.<\/p><p>Jeden z organizator\u00f3w opisuje swoje wra\u017cenia po kursie:<\/p><p>-\u201eWiadomo, \u017ce dzisiaj m\u0142odemu cz\u0142owiekowi trudno wierzy\u0107 \u2013 nie jest to zbyt popularne, na dodatek niejednokrotnie brakuje autentycznego \u015bwiadectwa wiary rodzic\u00f3w. Media spo\u0142eczno\u015bciowe coraz bardziej jakby Ko\u015bcio\u0142owi <em>ucieka\u0142y<\/em>, jakby pustosza\u0142y z tre\u015bci chrze\u015bcija\u0144skich. M\u0142ody cz\u0142owiek wierz\u0105cy mo\u017ce czu\u0107 si\u0119 czasami jak samotnik na bezludnej wyspie. W\u0142a\u015bnie dlatego postanowili\u015bmy zaprosi\u0107 \u017cywe i do\u015bwiadczone \u015brodowiska ewangelizacyjne z r\u00f3\u017cnych stron. My\u015bl\u0119, \u017ce to by\u0142 dobry wyb\u00f3r, trzeba by\u0142o si\u0119 napracowa\u0107, ale pi\u0119knie by\u0142o widzie\u0107 m\u0142odych ludzi, kt\u00f3rzy oddaj\u0105 swoje serca Bogu, kt\u00f3rzy Go poznaj\u0105\u201d<\/p><p>\u2013 \u201eSzczeg\u00f3lnie chcia\u0142bym podzi\u0119kowa\u0107 m\u0142odym licealistom ze Wsp\u00f3lnoty Jafa, kt\u00f3rzy w\u0142o\u017cyli sw\u00f3j trud i czas po to, aby formowa\u0107 kolejnych uczni\u00f3w Jezusa. Wierz\u0119, \u017ce Ko\u015bci\u00f3\u0142 i Ewangelia nie jest ju\u017c za nami, ale wci\u0105\u017c przed nami. Mamy przysz\u0142o\u015b\u0107, bo s\u0142owo Bo\u017ce jest nadal \u017cywe i skuteczne\u201d<\/p><p>Ca\u0142o\u015b\u0107 kursu odbywa\u0142a si\u0119 w Domu Pallottiego przy parafii pallotyn\u00f3w w Sandomierzu,\u00a0 zapraszamy do obejrzenia kr\u00f3tkiej relacji z tego wydarzenia <a href=\"https:\/\/www.instagram.com\/reel\/C4H_kF9Iwiz\/?igsh=MXR1d2VteHBreWJ6Yw==\">link\u00a0<\/a><\/p>\t\t\t\t\t\t<\/div>\n\t\t\t\t<\/div>\n\t\t\t\t\t<\/div>\n\t\t<\/div>\n\t\t\t\t\t<\/div>\n\t\t<\/section>\n\t\t\t\t<section class=\"elementor-section elementor-top-section elementor-element elementor-element-1ed5ad9 elementor-section-boxed elementor-section-height-default elementor-section-height-default\" data-id=\"1ed5ad9\" data-element_type=\"section\">\n\t\t\t\t\t\t<div class=\"elementor-container elementor-column-gap-default\">\n\t\t\t\t\t<div class=\"elementor-column elementor-col-100 elementor-top-column elementor-element elementor-element-f77b15c\" data-id=\"f77b15c\" data-element_type=\"column\">\n\t\t\t<div class=\"elementor-widget-wrap elementor-element-populated\">\n\t\t\t\t\t\t<div class=\"elementor-element elementor-element-9b077cf elementor-arrows-position-inside elementor-pagination-position-outside elementor-widget elementor-widget-image-carousel\" data-id=\"9b077cf\" data-element_type=\"widget\" data-settings=\"{&quot;slides_to_show&quot;:&quot;1&quot;,&quot;navigation&quot;:&quot;both&quot;,&quot;autoplay&quot;:&quot;yes&quot;,&quot;pause_on_hover&quot;:&quot;yes&quot;,&quot;pause_on_interaction&quot;:&quot;yes&quot;,&quot;autoplay_speed&quot;:5000,&quot;infinite&quot;:&quot;yes&quot;,&quot;effect&quot;:&quot;slide&quot;,&quot;speed&quot;:500}\" data-widget_type=\"image-carousel.default\">\n\t\t\t\t<div class=\"elementor-widget-container\">\n\t\t\t\t\t<div class=\"elementor-image-carousel-wrapper swiper-container\" dir=\"ltr\">\n\t\t\t<div class=\"elementor-image-carousel swiper-wrapper\" aria-live=\"off\">\n\t\t\t\t\t\t\t\t<div class=\"swiper-slide\" role=\"group\" aria-roledescription=\"slide\" aria-label=\"1 of 16\"><figure class=\"swiper-slide-inner\"><img decoding=\"async\" class=\"swiper-slide-image\" src=\"https:\/\/pallotynisandomierz.pl\/wp-content\/uploads\/2024\/03\/IMG_8187-768x1024.jpeg\" alt=\"IMG_8187\" \/><\/figure><\/div><div class=\"swiper-slide\" role=\"group\" aria-roledescription=\"slide\" aria-label=\"2 of 16\"><figure class=\"swiper-slide-inner\"><img decoding=\"async\" class=\"swiper-slide-image\" src=\"https:\/\/pallotynisandomierz.pl\/wp-content\/uploads\/2024\/03\/IMG_8196-768x1024.jpeg\" alt=\"IMG_8196\" \/><\/figure><\/div><div class=\"swiper-slide\" role=\"group\" aria-roledescription=\"slide\" aria-label=\"3 of 16\"><figure class=\"swiper-slide-inner\"><img decoding=\"async\" class=\"swiper-slide-image\" src=\"https:\/\/pallotynisandomierz.pl\/wp-content\/uploads\/2024\/03\/IMG_20240302_0958231-768x1024.jpg\" alt=\"IMG_20240302_095823(1)\" \/><\/figure><\/div><div class=\"swiper-slide\" role=\"group\" aria-roledescription=\"slide\" aria-label=\"4 of 16\"><figure class=\"swiper-slide-inner\"><img decoding=\"async\" class=\"swiper-slide-image\" src=\"https:\/\/pallotynisandomierz.pl\/wp-content\/uploads\/2024\/03\/IMG_7720-768x1024.jpeg\" alt=\"IMG_7720\" \/><\/figure><\/div><div class=\"swiper-slide\" role=\"group\" aria-roledescription=\"slide\" aria-label=\"5 of 16\"><figure class=\"swiper-slide-inner\"><img decoding=\"async\" class=\"swiper-slide-image\" src=\"https:\/\/pallotynisandomierz.pl\/wp-content\/uploads\/2024\/03\/IMG_7710-768x1024.jpeg\" alt=\"IMG_7710\" \/><\/figure><\/div><div class=\"swiper-slide\" role=\"group\" aria-roledescription=\"slide\" aria-label=\"6 of 16\"><figure class=\"swiper-slide-inner\"><img decoding=\"async\" class=\"swiper-slide-image\" src=\"https:\/\/pallotynisandomierz.pl\/wp-content\/uploads\/2024\/03\/IMG_7719-768x576.jpeg\" alt=\"IMG_7719\" \/><\/figure><\/div><div class=\"swiper-slide\" role=\"group\" aria-roledescription=\"slide\" aria-label=\"7 of 16\"><figure class=\"swiper-slide-inner\"><img decoding=\"async\" class=\"swiper-slide-image\" src=\"https:\/\/pallotynisandomierz.pl\/wp-content\/uploads\/2024\/03\/IMG_8185-768x1024.jpeg\" alt=\"IMG_8185\" \/><\/figure><\/div><div class=\"swiper-slide\" role=\"group\" aria-roledescription=\"slide\" aria-label=\"8 of 16\"><figure class=\"swiper-slide-inner\"><img decoding=\"async\" class=\"swiper-slide-image\" src=\"https:\/\/pallotynisandomierz.pl\/wp-content\/uploads\/2024\/03\/IMG_8215-768x1076.jpeg\" alt=\"IMG_8215\" \/><\/figure><\/div><div class=\"swiper-slide\" role=\"group\" aria-roledescription=\"slide\" aria-label=\"9 of 16\"><figure class=\"swiper-slide-inner\"><img decoding=\"async\" class=\"swiper-slide-image\" src=\"https:\/\/pallotynisandomierz.pl\/wp-content\/uploads\/2024\/03\/IMG_8130-768x1024.jpeg\" alt=\"IMG_8130\" \/><\/figure><\/div><div class=\"swiper-slide\" role=\"group\" aria-roledescription=\"slide\" aria-label=\"10 of 16\"><figure class=\"swiper-slide-inner\"><img decoding=\"async\" class=\"swiper-slide-image\" src=\"https:\/\/pallotynisandomierz.pl\/wp-content\/uploads\/2024\/03\/IMG_8173-768x1024.jpeg\" alt=\"IMG_8173\" \/><\/figure><\/div><div class=\"swiper-slide\" role=\"group\" aria-roledescription=\"slide\" aria-label=\"11 of 16\"><figure class=\"swiper-slide-inner\"><img decoding=\"async\" class=\"swiper-slide-image\" src=\"https:\/\/pallotynisandomierz.pl\/wp-content\/uploads\/2024\/03\/IMG_8186-768x1024.jpeg\" alt=\"IMG_8186\" \/><\/figure><\/div><div class=\"swiper-slide\" role=\"group\" aria-roledescription=\"slide\" aria-label=\"12 of 16\"><figure class=\"swiper-slide-inner\"><img decoding=\"async\" class=\"swiper-slide-image\" src=\"https:\/\/pallotynisandomierz.pl\/wp-content\/uploads\/2024\/03\/received_1619005705532445-768x576.jpeg\" alt=\"received_1619005705532445\" \/><\/figure><\/div><div class=\"swiper-slide\" role=\"group\" aria-roledescription=\"slide\" aria-label=\"13 of 16\"><figure class=\"swiper-slide-inner\"><img decoding=\"async\" class=\"swiper-slide-image\" src=\"https:\/\/pallotynisandomierz.pl\/wp-content\/uploads\/2024\/03\/IMG_8246-768x1365.jpeg\" alt=\"IMG_8246\" \/><\/figure><\/div><div class=\"swiper-slide\" role=\"group\" aria-roledescription=\"slide\" aria-label=\"14 of 16\"><figure class=\"swiper-slide-inner\"><img decoding=\"async\" class=\"swiper-slide-image\" src=\"https:\/\/pallotynisandomierz.pl\/wp-content\/uploads\/2024\/03\/IMG_82001-768x1024.jpeg\" alt=\"IMG_8200(1)\" \/><\/figure><\/div><div class=\"swiper-slide\" role=\"group\" aria-roledescription=\"slide\" aria-label=\"15 of 16\"><figure class=\"swiper-slide-inner\"><img decoding=\"async\" class=\"swiper-slide-image\" src=\"https:\/\/pallotynisandomierz.pl\/wp-content\/uploads\/2024\/03\/IMG_8223-768x1024.jpeg\" alt=\"IMG_8223\" \/><\/figure><\/div><div class=\"swiper-slide\" role=\"group\" aria-roledescription=\"slide\" aria-label=\"16 of 16\"><figure class=\"swiper-slide-inner\"><img decoding=\"async\" class=\"swiper-slide-image\" src=\"https:\/\/pallotynisandomierz.pl\/wp-content\/uploads\/2024\/03\/IMG_8193-768x1024.jpeg\" alt=\"IMG_8193\" \/><\/figure><\/div>\t\t\t<\/div>\n\t\t\t\t\t\t\t\t\t\t\t\t<div class=\"elementor-swiper-button elementor-swiper-button-prev\" role=\"button\" tabindex=\"0\">\n\t\t\t\t\t\t<i aria-hidden=\"true\" class=\"eicon-chevron-left\"><\/i>\t\t\t\t\t<\/div>\n\t\t\t\t\t<div class=\"elementor-swiper-button elementor-swiper-button-next\" role=\"button\" tabindex=\"0\">\n\t\t\t\t\t\t<i aria-hidden=\"true\" class=\"eicon-chevron-right\"><\/i>\t\t\t\t\t<\/div>\n\t\t\t\t\n\t\t\t\t\t\t\t\t\t<div class=\"swiper-pagination\"><\/div>\n\t\t\t\t\t\t\t\t\t<\/div>\n\t\t\t\t<\/div>\n\t\t\t\t<\/div>\n\t\t\t\t\t<\/div>\n\t\t<\/div>\n\t\t\t\t\t<\/div>\n\t\t<\/section>\n\t\t\t\t<\/div>\n\t\t","protected":false},"excerpt":{"rendered":"<p>W dniach 1-2 marca 2024 roku w ramach wsp\u00f3\u0142pracy dw\u00f3ch parafii sandomierskich zorganizowany zosta\u0142 kurs ewangelizacyjny dla bierzmowanych z klas 8.\u00a0 Wi\u0119kszo\u015b\u0107 konferencji oraz modlitw prowadzi\u0142y m\u0142ode osoby \u015bwieckie z Warszawy, Bi\u0142goraja i Sandomierza. Opr\u00f3cz s\u0142uchania konferencji i r\u00f3\u017cnych dynamik ewangelizacyjnych m\u0142odzie\u017c mog\u0142a sp\u0119dzi\u0107 czas na wsp\u00f3lnej rekreacji, posi\u0142kach i zabawach integruj\u0105cych. Jeden z organizator\u00f3w opisuje swoje wra\u017cenia po kursie: -\u201eWiadomo, \u017ce dzisiaj m\u0142odemu cz\u0142owiekowi trudno wierzy\u0107 \u2013 nie jest to zbyt popularne, na dodatek niejednokrotnie brakuje autentycznego \u015bwiadectwa wiary rodzic\u00f3w. Media spo\u0142eczno\u015bciowe coraz bardziej jakby Ko\u015bcio\u0142owi ucieka\u0142y, jakby pustosza\u0142y z tre\u015bci chrze\u015bcija\u0144skich. M\u0142ody cz\u0142owiek wierz\u0105cy mo\u017ce czu\u0107 si\u0119 czasami jak samotnik na bezludnej wyspie. W\u0142a\u015bnie dlatego postanowili\u015bmy zaprosi\u0107 \u017cywe i do\u015bwiadczone \u015brodowiska ewangelizacyjne z r\u00f3\u017cnych stron. My\u015bl\u0119, \u017ce to by\u0142 dobry wyb\u00f3r, trzeba by\u0142o si\u0119 napracowa\u0107, ale pi\u0119knie by\u0142o widzie\u0107 m\u0142odych ludzi, kt\u00f3rzy oddaj\u0105 swoje serca Bogu, kt\u00f3rzy Go poznaj\u0105\u201d \u2013 \u201eSzczeg\u00f3lnie chcia\u0142bym podzi\u0119kowa\u0107 m\u0142odym licealistom ze Wsp\u00f3lnoty Jafa, kt\u00f3rzy w\u0142o\u017cyli sw\u00f3j trud i czas po to, aby formowa\u0107 kolejnych uczni\u00f3w Jezusa. Wierz\u0119, \u017ce Ko\u015bci\u00f3\u0142 i Ewangelia nie jest ju\u017c za nami, ale wci\u0105\u017c przed nami. Mamy przysz\u0142o\u015b\u0107, bo s\u0142owo Bo\u017ce jest nadal \u017cywe i skuteczne\u201d Ca\u0142o\u015b\u0107 kursu odbywa\u0142a si\u0119 w Domu Pallottiego przy parafii pallotyn\u00f3w w Sandomierzu,\u00a0 zapraszamy do obejrzenia kr\u00f3tkiej relacji z tego wydarzenia link\u00a0<\/p>\n","protected":false},"author":1,"featured_media":0,"parent":0,"menu_order":0,"comment_status":"closed","ping_status":"closed","template":"","meta":{"_eb_attr":"","ngg_post_thumbnail":0,"footnotes":""},"_links":{"self":[{"href":"https:\/\/pallotynisandomierz.pl\/index.php\/wp-json\/wp\/v2\/pages\/4055"}],"collection":[{"href":"https:\/\/pallotynisandomierz.pl\/index.php\/wp-json\/wp\/v2\/pages"}],"about":[{"href":"https:\/\/pallotynisandomierz.pl\/index.php\/wp-json\/wp\/v2\/types\/page"}],"author":[{"embeddable":true,"href":"https:\/\/pallotynisandomierz.pl\/index.php\/wp-json\/wp\/v2\/users\/1"}],"replies":[{"embeddable":true,"href":"https:\/\/pallotynisandomierz.pl\/index.php\/wp-json\/wp\/v2\/comments?post=4055"}],"version-history":[{"count":4,"href":"https:\/\/pallotynisandomierz.pl\/index.php\/wp-json\/wp\/v2\/pages\/4055\/revisions"}],"predecessor-version":[{"id":4059,"href":"https:\/\/pallotynisandomierz.pl\/index.php\/wp-json\/wp\/v2\/pages\/4055\/revisions\/4059"}],"wp:attachment":[{"href":"https:\/\/pallotynisandomierz.pl\/index.php\/wp-json\/wp\/v2\/media?parent=4055"}],"curies":[{"name":"wp","href":"https:\/\/api.w.org\/{rel}","templated":true}]}}