{"id":410,"date":"2019-11-25T22:51:13","date_gmt":"2019-11-25T21:51:13","guid":{"rendered":"http:\/\/pallotynisandomierz.pl\/?page_id=410"},"modified":"2024-09-04T11:16:41","modified_gmt":"2024-09-04T09:16:41","slug":"pogrzeb","status":"publish","type":"page","link":"https:\/\/pallotynisandomierz.pl\/index.php\/pogrzeb\/","title":{"rendered":"POGRZEB"},"content":{"rendered":"\t\t<div data-elementor-type=\"wp-page\" data-elementor-id=\"410\" class=\"elementor elementor-410\">\n\t\t\t\t\t\t<section class=\"elementor-section elementor-top-section elementor-element elementor-element-662f24c elementor-section-boxed elementor-section-height-default elementor-section-height-default\" data-id=\"662f24c\" data-element_type=\"section\">\n\t\t\t\t\t\t<div class=\"elementor-container elementor-column-gap-default\">\n\t\t\t\t\t<div class=\"elementor-column elementor-col-50 elementor-top-column elementor-element elementor-element-10337e5\" data-id=\"10337e5\" data-element_type=\"column\">\n\t\t\t<div class=\"elementor-widget-wrap elementor-element-populated\">\n\t\t\t\t\t\t<div class=\"elementor-element elementor-element-da5d688 elementor-widget elementor-widget-image\" data-id=\"da5d688\" data-element_type=\"widget\" data-widget_type=\"image.default\">\n\t\t\t\t<div class=\"elementor-widget-container\">\n\t\t\t\t\t\t\t\t\t\t\t\t\t<img fetchpriority=\"high\" decoding=\"async\" width=\"664\" height=\"561\" src=\"https:\/\/pallotynisandomierz.pl\/wp-content\/uploads\/2024\/09\/jutro-niedziela-vii-wielkanocna-a-gallerywidget-photo-4-697x1024-1.jpg\" class=\"attachment-large size-large wp-image-4375\" alt=\"\" srcset=\"https:\/\/pallotynisandomierz.pl\/wp-content\/uploads\/2024\/09\/jutro-niedziela-vii-wielkanocna-a-gallerywidget-photo-4-697x1024-1.jpg 664w, https:\/\/pallotynisandomierz.pl\/wp-content\/uploads\/2024\/09\/jutro-niedziela-vii-wielkanocna-a-gallerywidget-photo-4-697x1024-1-300x253.jpg 300w, https:\/\/pallotynisandomierz.pl\/wp-content\/uploads\/2024\/09\/jutro-niedziela-vii-wielkanocna-a-gallerywidget-photo-4-697x1024-1-600x507.jpg 600w\" sizes=\"(max-width: 664px) 100vw, 664px\" \/>\t\t\t\t\t\t\t\t\t\t\t\t\t<\/div>\n\t\t\t\t<\/div>\n\t\t\t\t\t<\/div>\n\t\t<\/div>\n\t\t\t\t<div class=\"elementor-column elementor-col-50 elementor-top-column elementor-element elementor-element-fca5f3a\" data-id=\"fca5f3a\" data-element_type=\"column\">\n\t\t\t<div class=\"elementor-widget-wrap elementor-element-populated\">\n\t\t\t\t\t\t<div class=\"elementor-element elementor-element-1769de0 elementor-widget elementor-widget-text-editor\" data-id=\"1769de0\" data-element_type=\"widget\" data-widget_type=\"text-editor.default\">\n\t\t\t\t<div class=\"elementor-widget-container\">\n\t\t\t\t\t\t\t<p>Informacje dotycz\u0105ce pogrzebu.<\/p>\t\t\t\t\t\t<\/div>\n\t\t\t\t<\/div>\n\t\t\t\t\t<\/div>\n\t\t<\/div>\n\t\t\t\t\t<\/div>\n\t\t<\/section>\n\t\t\t\t<section class=\"elementor-section elementor-top-section elementor-element elementor-element-758c8fc elementor-section-boxed elementor-section-height-default elementor-section-height-default\" data-id=\"758c8fc\" data-element_type=\"section\">\n\t\t\t\t\t\t<div class=\"elementor-container elementor-column-gap-default\">\n\t\t\t\t\t<div class=\"elementor-column elementor-col-100 elementor-top-column elementor-element elementor-element-0975afa\" data-id=\"0975afa\" data-element_type=\"column\">\n\t\t\t<div class=\"elementor-widget-wrap elementor-element-populated\">\n\t\t\t\t\t\t<div class=\"elementor-element elementor-element-f2679c7 elementor-widget elementor-widget-text-editor\" data-id=\"f2679c7\" data-element_type=\"widget\" data-widget_type=\"text-editor.default\">\n\t\t\t\t<div class=\"elementor-widget-container\">\n\t\t\t\t\t\t\t<p>Zgodnie z\u00a0przepisami prawa ko\u015bcielnego pogrzeb powinien si\u0119 odby\u0107 z\u00a0zasady w\u00a0parafii zamieszkania osoby zmar\u0142ej (administracyjne zameldowanie jest nieistotne).<\/p>\n<p>W naszej parafii pogrzeb jest sprawowany w ka\u017cdy dzie\u0144 tygodnia, z wyj\u0105tkiem niedziel oraz innych dni, gdy jest zachowany niedzielny porz\u0105dek Mszy \u015bwi\u0119tych.<\/p>\n<p>Przed\u00a0ustaleniem pogrzebu nale\u017cy:<\/p>\n<ul>\n<li>z\u00a0Urz\u0119du Stanu Cywilnego uzyska\u0107 akt zgonu.<\/li>\n<li>w\u00a0jednym z\u00a0zak\u0142ad\u00f3w pogrzebowych ustali\u0107 godzin\u0119 pogrzebu na\u00a0wybranym cmentarzu.<\/li>\n<li>je\u015bli osoba <strong>zmar\u0142a nie\u00a0mieszka\u0142a<\/strong> na\u00a0terenie naszej parafii (administracyjne zameldowanie jest nieistotne) uzyska\u0107 pisemn\u0105 zgod\u0119 od\u00a0proboszcza parafii zamieszkania.<\/li>\n<\/ul>\n<p>Po powy\u017cszych formalno\u015bciach pogrzeb nale\u017cy zg\u0142osi\u0107 do naszej parafii o ka\u017cdej porze dnia.<\/p>\n<p>Podczas ustalania pogrzebu w\u00a0kancelarii parafialnej nale\u017cy:<\/p>\n<ul>\n<li>dostarczy\u0107 Akt zgonu z USC (do wgl\u0105du)<\/li>\n<li>je\u015bli osoba zmar\u0142a nie\u00a0mieszka\u0142a na\u00a0terenie naszej parafii dostarczy\u0107 pisemn\u0105 zgod\u0119 od\u00a0proboszcza parafii zamieszkania.<\/li>\n<\/ul>\t\t\t\t\t\t<\/div>\n\t\t\t\t<\/div>\n\t\t\t\t\t<\/div>\n\t\t<\/div>\n\t\t\t\t\t<\/div>\n\t\t<\/section>\n\t\t\t\t<\/div>\n\t\t","protected":false},"excerpt":{"rendered":"<p>Informacje dotycz\u0105ce pogrzebu. Zgodnie z\u00a0przepisami prawa ko\u015bcielnego pogrzeb powinien si\u0119 odby\u0107 z\u00a0zasady w\u00a0parafii zamieszkania osoby zmar\u0142ej (administracyjne zameldowanie jest nieistotne). W naszej parafii pogrzeb jest sprawowany w ka\u017cdy dzie\u0144 tygodnia, z wyj\u0105tkiem niedziel oraz innych dni, gdy jest zachowany niedzielny porz\u0105dek Mszy \u015bwi\u0119tych. Przed\u00a0ustaleniem pogrzebu nale\u017cy: z\u00a0Urz\u0119du Stanu Cywilnego uzyska\u0107 akt zgonu. w\u00a0jednym z\u00a0zak\u0142ad\u00f3w pogrzebowych ustali\u0107 godzin\u0119 pogrzebu na\u00a0wybranym cmentarzu. je\u015bli osoba zmar\u0142a nie\u00a0mieszka\u0142a na\u00a0terenie naszej parafii (administracyjne zameldowanie jest nieistotne) uzyska\u0107 pisemn\u0105 zgod\u0119 od\u00a0proboszcza parafii zamieszkania. Po powy\u017cszych formalno\u015bciach pogrzeb nale\u017cy zg\u0142osi\u0107 do naszej parafii o ka\u017cdej porze dnia. Podczas ustalania pogrzebu w\u00a0kancelarii parafialnej nale\u017cy: dostarczy\u0107 Akt zgonu z USC (do wgl\u0105du) je\u015bli osoba zmar\u0142a nie\u00a0mieszka\u0142a na\u00a0terenie naszej parafii dostarczy\u0107 pisemn\u0105 zgod\u0119 od\u00a0proboszcza parafii zamieszkania.<\/p>\n","protected":false},"author":1,"featured_media":0,"parent":0,"menu_order":0,"comment_status":"closed","ping_status":"closed","template":"","meta":{"_eb_attr":"","ngg_post_thumbnail":0,"footnotes":""},"_links":{"self":[{"href":"https:\/\/pallotynisandomierz.pl\/index.php\/wp-json\/wp\/v2\/pages\/410"}],"collection":[{"href":"https:\/\/pallotynisandomierz.pl\/index.php\/wp-json\/wp\/v2\/pages"}],"about":[{"href":"https:\/\/pallotynisandomierz.pl\/index.php\/wp-json\/wp\/v2\/types\/page"}],"author":[{"embeddable":true,"href":"https:\/\/pallotynisandomierz.pl\/index.php\/wp-json\/wp\/v2\/users\/1"}],"replies":[{"embeddable":true,"href":"https:\/\/pallotynisandomierz.pl\/index.php\/wp-json\/wp\/v2\/comments?post=410"}],"version-history":[{"count":5,"href":"https:\/\/pallotynisandomierz.pl\/index.php\/wp-json\/wp\/v2\/pages\/410\/revisions"}],"predecessor-version":[{"id":4378,"href":"https:\/\/pallotynisandomierz.pl\/index.php\/wp-json\/wp\/v2\/pages\/410\/revisions\/4378"}],"wp:attachment":[{"href":"https:\/\/pallotynisandomierz.pl\/index.php\/wp-json\/wp\/v2\/media?parent=410"}],"curies":[{"name":"wp","href":"https:\/\/api.w.org\/{rel}","templated":true}]}}