{"id":97,"date":"2019-08-11T11:01:11","date_gmt":"2019-08-11T09:01:11","guid":{"rendered":"http:\/\/pallotynisandomierz.pl\/?page_id=97"},"modified":"2026-04-04T09:03:02","modified_gmt":"2026-04-04T07:03:02","slug":"intencje-tygodniowe","status":"publish","type":"page","link":"https:\/\/pallotynisandomierz.pl\/index.php\/intencje-tygodniowe\/","title":{"rendered":"INTENCJE TYGODNIOWE"},"content":{"rendered":"\n<p><strong><u>Poniedzia\u0142ek, 6 kwietnia&nbsp;<\/u><\/strong><\/p>\n\n\n\n<p><strong>7:30<\/strong>&nbsp;+ El\u017cbieta Pi\u0119towska (1 r)<\/p>\n\n\n\n<p><strong>9:00&nbsp;<\/strong>+ Jan, Adam, Wincenty i J\u00f3zefa Wo\u017aniak<\/p>\n\n\n\n<p><strong>11:00<\/strong>&nbsp;1) + Zofia i Stanis\u0142aw Go\u0142\u0119biowski&nbsp;<\/p>\n\n\n\n<p>2) + Stefania i Jan Dybus, zm z r. Dybus\u00f3w, Czajk\u00f3w, Genowefa i J\u00f3zef Plachimowicz, zm z r. Plachimowicz\u00f3w<\/p>\n\n\n\n<p><strong>12:30&nbsp;<\/strong>1) + Zdzis\u0142aw Rogozi\u0144ski (gregorianka)<\/p>\n\n\n\n<p>2) + Tadeusz Chro\u015bcicki (od r. Sobowc\u00f3w)<\/p>\n\n\n\n<p><strong>19:15&nbsp;<\/strong>+ Monika Kusik (od wujka Sylwestra z rodz)<\/p>\n\n\n\n<p><strong><u>Wtorek, 7 kwietnia<\/u><\/strong><\/p>\n\n\n\n<p><strong>6:30<\/strong>&nbsp;+ Zdzis\u0142aw Rogozi\u0144ski (gregorianka)<\/p>\n\n\n\n<p>2) Dzi\u0119k-b\u0142 z okazji 46 rocz \u015blubu Ewy i Krzysztofa oraz ich dzieci z rodzinami z pro\u015bb\u0105 o Bo\u017ce b\u0142 i opiek\u0119 MB<\/p>\n\n\n\n<p><strong>18:00&nbsp;<\/strong>+ Czes\u0142awa Wr\u00f3bel (od r. Chorab)&nbsp;&nbsp;<\/p>\n\n\n\n<p><strong><u>\u015aroda, 8 kwietnia<\/u><\/strong><\/p>\n\n\n\n<p><strong>6:30<\/strong>&nbsp;1) + Zdzis\u0142aw Rogozi\u0144ski (gregorianka)<\/p>\n\n\n\n<p>2) Dzi\u0119k-b\u0142 w intencji Justyny, Mateusza, Zosi, Mi\u0142oszka, Jonaszka i Anielki z pro\u015bb\u0105 o Bo\u017ce b\u0142 i opiek\u0119 MB<\/p>\n\n\n\n<p><strong>18:00<\/strong>&nbsp;1) Zbiorowa<\/p>\n\n\n\n<p><strong><u>Czwartek, 9 kwietnia<\/u><\/strong><\/p>\n\n\n\n<p><strong>6:30&nbsp;<\/strong>1) + Zdzis\u0142aw Rogozi\u0144ski (gregorianka)<\/p>\n\n\n\n<p>2) Dzi\u0119k-b\u0142 z okazji 17 r ur. Zuzi oraz za jej Rodzic\u00f3w i brata z pro\u015bb\u0105 o Bo\u017ce b\u0142 i opiek\u0119 MB<\/p>\n\n\n\n<p><strong>18:00<\/strong>&nbsp;+ Jacek Gawron (5 r), Maria Wo\u017aniak (14 r)<\/p>\n\n\n\n<p><strong><u>Pi\u0105tek, 10 kwietnia<\/u><\/strong><\/p>\n\n\n\n<p><strong>6:30&nbsp;<\/strong>1) + Zdzis\u0142aw Rogozi\u0144ski (gregorianka)<\/p>\n\n\n\n<p>2) + Rodzice, te\u015bciowie, dziadkowie, zm z rodziny i dusze w czy\u015b\u0107cu cierpi\u0105ce&nbsp;<\/p>\n\n\n\n<p><strong>15:00&nbsp;<\/strong>Wynagradzaj\u0105ca NSPJ (od Intronizacji NSPJ)<\/p>\n\n\n\n<p><strong>18:00<\/strong>&nbsp;+ Jan W\u00f3jcik (6 r)&nbsp;<\/p>\n\n\n\n<p><strong><u>Sobota, 11 kwietnia<\/u><\/strong><\/p>\n\n\n\n<p><strong>6:30&nbsp;<\/strong>+ Zdzis\u0142aw Rogozi\u0144ski (gregorianka)<\/p>\n\n\n\n<p><strong>18:00&nbsp;<\/strong>1) + El\u017cbieta Czuczujew (od r. Klubi\u0144skich)<\/p>\n\n\n\n<p>2) + Krystyna G\u0142\u0119becka \u2013 Pra\u017cmowska (od Adama i Krystyny Pra\u017cmowskich)<\/p>\n\n\n\n<p><\/p>\n","protected":false},"excerpt":{"rendered":"<p>Poniedzia\u0142ek, 6 kwietnia&nbsp; 7:30&nbsp;+ El\u017cbieta Pi\u0119towska (1 r) 9:00&nbsp;+ Jan, Adam, Wincenty i J\u00f3zefa Wo\u017aniak 11:00&nbsp;1) + Zofia i Stanis\u0142aw Go\u0142\u0119biowski&nbsp; 2) + Stefania i Jan Dybus, zm z r. Dybus\u00f3w, Czajk\u00f3w, Genowefa i J\u00f3zef Plachimowicz, zm z r. Plachimowicz\u00f3w 12:30&nbsp;1) + Zdzis\u0142aw Rogozi\u0144ski (gregorianka) 2) + Tadeusz Chro\u015bcicki (od r. Sobowc\u00f3w) 19:15&nbsp;+ Monika Kusik (od wujka Sylwestra z rodz) Wtorek, 7 kwietnia 6:30&nbsp;+ Zdzis\u0142aw Rogozi\u0144ski (gregorianka) 2) Dzi\u0119k-b\u0142 z okazji 46 rocz \u015blubu Ewy i Krzysztofa oraz ich dzieci z rodzinami z pro\u015bb\u0105 o Bo\u017ce b\u0142 i opiek\u0119 MB 18:00&nbsp;+ Czes\u0142awa Wr\u00f3bel (od r. Chorab)&nbsp;&nbsp; \u015aroda, 8 kwietnia 6:30&nbsp;1) + Zdzis\u0142aw Rogozi\u0144ski (gregorianka) 2) Dzi\u0119k-b\u0142 w intencji Justyny, Mateusza, Zosi, Mi\u0142oszka, Jonaszka i Anielki z pro\u015bb\u0105 o Bo\u017ce b\u0142 i opiek\u0119 MB 18:00&nbsp;1) Zbiorowa Czwartek, 9 kwietnia 6:30&nbsp;1) + Zdzis\u0142aw Rogozi\u0144ski (gregorianka) 2) Dzi\u0119k-b\u0142 z okazji 17 r ur. Zuzi oraz za jej Rodzic\u00f3w i brata z pro\u015bb\u0105 o Bo\u017ce b\u0142 i opiek\u0119 MB 18:00&nbsp;+ Jacek Gawron (5 r), Maria Wo\u017aniak (14 r) Pi\u0105tek, 10 kwietnia 6:30&nbsp;1) + Zdzis\u0142aw Rogozi\u0144ski (gregorianka) 2) + Rodzice, te\u015bciowie, dziadkowie, zm z rodziny i dusze w czy\u015b\u0107cu cierpi\u0105ce&nbsp; 15:00&nbsp;Wynagradzaj\u0105ca NSPJ (od Intronizacji NSPJ) 18:00&nbsp;+ Jan W\u00f3jcik (6 r)&nbsp; Sobota, 11 kwietnia 6:30&nbsp;+ Zdzis\u0142aw Rogozi\u0144ski (gregorianka) 18:00&nbsp;1) + El\u017cbieta Czuczujew (od r. Klubi\u0144skich) 2) + Krystyna G\u0142\u0119becka \u2013 Pra\u017cmowska (od Adama i Krystyny Pra\u017cmowskich)<\/p>\n","protected":false},"author":1,"featured_media":0,"parent":0,"menu_order":0,"comment_status":"closed","ping_status":"closed","template":"","meta":{"_eb_attr":"","ngg_post_thumbnail":0,"footnotes":""},"_links":{"self":[{"href":"https:\/\/pallotynisandomierz.pl\/index.php\/wp-json\/wp\/v2\/pages\/97"}],"collection":[{"href":"https:\/\/pallotynisandomierz.pl\/index.php\/wp-json\/wp\/v2\/pages"}],"about":[{"href":"https:\/\/pallotynisandomierz.pl\/index.php\/wp-json\/wp\/v2\/types\/page"}],"author":[{"embeddable":true,"href":"https:\/\/pallotynisandomierz.pl\/index.php\/wp-json\/wp\/v2\/users\/1"}],"replies":[{"embeddable":true,"href":"https:\/\/pallotynisandomierz.pl\/index.php\/wp-json\/wp\/v2\/comments?post=97"}],"version-history":[{"count":345,"href":"https:\/\/pallotynisandomierz.pl\/index.php\/wp-json\/wp\/v2\/pages\/97\/revisions"}],"predecessor-version":[{"id":6012,"href":"https:\/\/pallotynisandomierz.pl\/index.php\/wp-json\/wp\/v2\/pages\/97\/revisions\/6012"}],"wp:attachment":[{"href":"https:\/\/pallotynisandomierz.pl\/index.php\/wp-json\/wp\/v2\/media?parent=97"}],"curies":[{"name":"wp","href":"https:\/\/api.w.org\/{rel}","templated":true}]}}